{"id":10481,"date":"2021-07-16T19:46:05","date_gmt":"2021-07-16T18:46:05","guid":{"rendered":"https:\/\/kopkopi.com\/outlet\/"},"modified":"2022-01-11T10:54:30","modified_gmt":"2022-01-11T09:54:30","slug":"kawowy-outlet-kopkopi","status":"publish","type":"page","link":"https:\/\/kopkopi.com\/pl\/kawowy-outlet-kopkopi\/","title":{"rendered":"KAWOWY OUTLET"},"content":{"rendered":"\t\t<div data-elementor-type=\"wp-page\" data-elementor-id=\"10481\" class=\"elementor elementor-10481 elementor-9640\">\n\t\t\t\t\t\t<section class=\"elementor-section elementor-top-section elementor-element elementor-element-b9c206d elementor-section-full_width elementor-section-stretched elementor-section-height-default elementor-section-height-default parallax_section_no qode_elementor_container_no\" data-id=\"b9c206d\" data-element_type=\"section\" data-settings=\"{&quot;stretch_section&quot;:&quot;section-stretched&quot;}\">\n\t\t\t\t\t\t<div class=\"elementor-container elementor-column-gap-default\">\n\t\t\t\t\t<div class=\"elementor-column elementor-col-100 elementor-top-column elementor-element elementor-element-7ee0f0b\" data-id=\"7ee0f0b\" data-element_type=\"column\">\n\t\t\t<div class=\"elementor-widget-wrap elementor-element-populated\">\n\t\t\t\t\t\t<div class=\"elementor-element elementor-element-bb59836 elementor-widget elementor-widget-heading\" data-id=\"bb59836\" data-element_type=\"widget\" data-widget_type=\"heading.default\">\n\t\t\t\t<div class=\"elementor-widget-container\">\n\t\t\t<h2 class=\"elementor-heading-title elementor-size-default\">OUTLET<\/h2>\t\t<\/div>\n\t\t\t\t<\/div>\n\t\t\t\t<div class=\"elementor-element elementor-element-b7c2895 elementor-widget elementor-widget-spacer\" data-id=\"b7c2895\" data-element_type=\"widget\" data-widget_type=\"spacer.default\">\n\t\t\t\t<div class=\"elementor-widget-container\">\n\t\t\t\t\t<div class=\"elementor-spacer\">\n\t\t\t<div class=\"elementor-spacer-inner\"><\/div>\n\t\t<\/div>\n\t\t\t\t<\/div>\n\t\t\t\t<\/div>\n\t\t\t\t\t<\/div>\n\t\t<\/div>\n\t\t\t\t\t<\/div>\n\t\t<\/section>\n\t\t\t\t<section class=\"elementor-section elementor-top-section elementor-element elementor-element-864c1d4 elementor-section-stretched elementor-section-boxed elementor-section-height-default elementor-section-height-default parallax_section_no qode_elementor_container_no\" data-id=\"864c1d4\" data-element_type=\"section\" data-settings=\"{&quot;stretch_section&quot;:&quot;section-stretched&quot;}\">\n\t\t\t\t\t\t<div class=\"elementor-container elementor-column-gap-default\">\n\t\t\t\t\t<div class=\"elementor-column elementor-col-100 elementor-top-column elementor-element elementor-element-f2266df\" data-id=\"f2266df\" data-element_type=\"column\">\n\t\t\t<div class=\"elementor-widget-wrap elementor-element-populated\">\n\t\t\t\t\t\t<div class=\"elementor-element elementor-element-b706498 elementor-widget elementor-widget-qi_addons_for_elementor_product_list\" data-id=\"b706498\" data-element_type=\"widget\" data-widget_type=\"qi_addons_for_elementor_product_list.default\">\n\t\t\t\t<div class=\"elementor-widget-container\">\n\t\t\t<div class=\"qodef-shortcode qodef-m  qodef-addons-woo-shortcode qodef-qi-woo-shortcode-product-list qodef-item-layout--info-below-hover-inset qodef-image--hover-zoom  qodef-qi-grid qodef-layout--qi-columns  qodef-col-num--2  qodef-item-layout--info-below-hover-inset qodef-responsive--predefined\" >\n\t<div class=\"qodef-grid-inner\">\n\t\t<p class=\"qodef-m-posts-not-found qodef-grid-item\">No posts were found for provided query parameters.<\/p>\n\t<\/div>\n\t<\/div>\n\t\t<\/div>\n\t\t\t\t<\/div>\n\t\t\t\t\t<\/div>\n\t\t<\/div>\n\t\t\t\t\t<\/div>\n\t\t<\/section>\n\t\t\t\t<\/div>\n\t\t","protected":false},"excerpt":{"rendered":"<p>OUTLET Select options Rwandan Bourbon Huye Honey for Filter &#122;&#322;60,00 OUTLETROASTED COFFEEstandard coffee bags Select options Indonesian Val &#038; Moris Mt. Papandayan Washed for Filter &#122;&#322;50,00 &#122;&#322;35,00 OUTLETROASTED COFFEEstandard coffee bags Select options Guatemalan La Paz Quich\u00e9 Washed 1KG for Filter &#122;&#322;140,00 &#122;&#322;85,00 1KG discount&#8230;<\/p>\n","protected":false},"author":1,"featured_media":0,"parent":0,"menu_order":0,"comment_status":"closed","ping_status":"closed","template":"","meta":{"footnotes":""},"class_list":["post-10481","page","type-page","status-publish","hentry"],"yoast_head":"<!-- This site is optimized with the Yoast SEO plugin v23.8 - https:\/\/yoast.com\/wordpress\/plugins\/seo\/ -->\n<title>Wiek to tylko liczba. Poznaj nasz KAWOWY OUTLET - KOPKOPI<\/title>\n<meta name=\"description\" content=\"Kawowy outlet - Kawy te nadal zadowalaj\u0105 najbardziej wymagaj\u0105cych kawoszy, ale przez 2miesi\u0105ce+ dat\u0119 palenia, s\u0105 teraz ta\u0144sze nawet o 40%!\" \/>\n<meta name=\"robots\" content=\"index, follow, max-snippet:-1, max-image-preview:large, max-video-preview:-1\" \/>\n<link rel=\"canonical\" href=\"https:\/\/kopkopi.com\/pl\/kawowy-outlet-kopkopi\/\" \/>\n<meta property=\"og:locale\" content=\"pl_PL\" \/>\n<meta property=\"og:type\" content=\"article\" \/>\n<meta property=\"og:title\" content=\"Wiek to tylko liczba. Poznaj nasz KAWOWY OUTLET - KOPKOPI\" \/>\n<meta property=\"og:description\" content=\"Kawowy outlet - Kawy te nadal zadowalaj\u0105 najbardziej wymagaj\u0105cych kawoszy, ale przez 2miesi\u0105ce+ dat\u0119 palenia, s\u0105 teraz ta\u0144sze nawet o 40%!\" \/>\n<meta property=\"og:url\" content=\"https:\/\/kopkopi.com\/pl\/kawowy-outlet-kopkopi\/\" \/>\n<meta property=\"og:site_name\" content=\"KOPKOPI\" \/>\n<meta property=\"article:publisher\" content=\"https:\/\/www.facebook.com\/kopkopidotcom\" \/>\n<meta property=\"article:modified_time\" content=\"2022-01-11T09:54:30+00:00\" \/>\n<meta property=\"og:image\" content=\"https:\/\/kopkopi.com\/wp-content\/uploads\/2021\/02\/Bourbon_EN_Transparent.png\" \/>\n<meta name=\"twitter:card\" content=\"summary_large_image\" \/>\n<meta name=\"twitter:site\" content=\"@kopkopidotcom\" \/>\n<meta name=\"twitter:label1\" content=\"Szacowany czas czytania\" \/>\n\t<meta name=\"twitter:data1\" content=\"2 minuty\" \/>\n<script type=\"application\/ld+json\" class=\"yoast-schema-graph\">{\"@context\":\"https:\/\/schema.org\",\"@graph\":[{\"@type\":\"WebPage\",\"@id\":\"https:\/\/kopkopi.com\/pl\/kawowy-outlet-kopkopi\/\",\"url\":\"https:\/\/kopkopi.com\/pl\/kawowy-outlet-kopkopi\/\",\"name\":\"Wiek to tylko liczba. Poznaj nasz KAWOWY OUTLET - KOPKOPI\",\"isPartOf\":{\"@id\":\"https:\/\/kopkopi.com\/#website\"},\"primaryImageOfPage\":{\"@id\":\"https:\/\/kopkopi.com\/pl\/kawowy-outlet-kopkopi\/#primaryimage\"},\"image\":{\"@id\":\"https:\/\/kopkopi.com\/pl\/kawowy-outlet-kopkopi\/#primaryimage\"},\"thumbnailUrl\":\"https:\/\/kopkopi.com\/wp-content\/uploads\/2021\/02\/Bourbon_EN_Transparent.png\",\"datePublished\":\"2021-07-16T18:46:05+00:00\",\"dateModified\":\"2022-01-11T09:54:30+00:00\",\"description\":\"Kawowy outlet - Kawy te nadal zadowalaj\u0105 najbardziej wymagaj\u0105cych kawoszy, ale przez 2miesi\u0105ce+ dat\u0119 palenia, s\u0105 teraz ta\u0144sze nawet o 40%!\",\"breadcrumb\":{\"@id\":\"https:\/\/kopkopi.com\/pl\/kawowy-outlet-kopkopi\/#breadcrumb\"},\"inLanguage\":\"pl-PL\",\"potentialAction\":[{\"@type\":\"ReadAction\",\"target\":[\"https:\/\/kopkopi.com\/pl\/kawowy-outlet-kopkopi\/\"]}]},{\"@type\":\"ImageObject\",\"inLanguage\":\"pl-PL\",\"@id\":\"https:\/\/kopkopi.com\/pl\/kawowy-outlet-kopkopi\/#primaryimage\",\"url\":\"https:\/\/kopkopi.com\/wp-content\/uploads\/2021\/02\/Bourbon_EN_Transparent.png\",\"contentUrl\":\"https:\/\/kopkopi.com\/wp-content\/uploads\/2021\/02\/Bourbon_EN_Transparent.png\"},{\"@type\":\"BreadcrumbList\",\"@id\":\"https:\/\/kopkopi.com\/pl\/kawowy-outlet-kopkopi\/#breadcrumb\",\"itemListElement\":[{\"@type\":\"ListItem\",\"position\":1,\"name\":\"Home\",\"item\":\"https:\/\/kopkopi.com\/pl\/sklep\/\"},{\"@type\":\"ListItem\",\"position\":2,\"name\":\"KAWOWY OUTLET\"}]},{\"@type\":\"WebSite\",\"@id\":\"https:\/\/kopkopi.com\/#website\",\"url\":\"https:\/\/kopkopi.com\/\",\"name\":\"KOPKOPI\",\"description\":\"COFFEE &amp; CULTURE\",\"publisher\":{\"@id\":\"https:\/\/kopkopi.com\/#organization\"},\"potentialAction\":[{\"@type\":\"SearchAction\",\"target\":{\"@type\":\"EntryPoint\",\"urlTemplate\":\"https:\/\/kopkopi.com\/?s={search_term_string}\"},\"query-input\":{\"@type\":\"PropertyValueSpecification\",\"valueRequired\":true,\"valueName\":\"search_term_string\"}}],\"inLanguage\":\"pl-PL\"},{\"@type\":\"Organization\",\"@id\":\"https:\/\/kopkopi.com\/#organization\",\"name\":\"KOPKOPI\",\"url\":\"https:\/\/kopkopi.com\/\",\"logo\":{\"@type\":\"ImageObject\",\"inLanguage\":\"pl-PL\",\"@id\":\"https:\/\/kopkopi.com\/#\/schema\/logo\/image\/\",\"url\":\"https:\/\/kopkopi.com\/wp-content\/uploads\/2021\/07\/FINAL-LOGO_DOUBLE-LINES_BLACK.png\",\"contentUrl\":\"https:\/\/kopkopi.com\/wp-content\/uploads\/2021\/07\/FINAL-LOGO_DOUBLE-LINES_BLACK.png\",\"width\":1280,\"height\":1280,\"caption\":\"KOPKOPI\"},\"image\":{\"@id\":\"https:\/\/kopkopi.com\/#\/schema\/logo\/image\/\"},\"sameAs\":[\"https:\/\/www.facebook.com\/kopkopidotcom\",\"https:\/\/x.com\/kopkopidotcom\"]}]}<\/script>\n<!-- \/ Yoast SEO plugin. -->","yoast_head_json":{"title":"Wiek to tylko liczba. Poznaj nasz KAWOWY OUTLET - KOPKOPI","description":"Kawowy outlet - Kawy te nadal zadowalaj\u0105 najbardziej wymagaj\u0105cych kawoszy, ale przez 2miesi\u0105ce+ dat\u0119 palenia, s\u0105 teraz ta\u0144sze nawet o 40%!","robots":{"index":"index","follow":"follow","max-snippet":"max-snippet:-1","max-image-preview":"max-image-preview:large","max-video-preview":"max-video-preview:-1"},"canonical":"https:\/\/kopkopi.com\/pl\/kawowy-outlet-kopkopi\/","og_locale":"pl_PL","og_type":"article","og_title":"Wiek to tylko liczba. Poznaj nasz KAWOWY OUTLET - KOPKOPI","og_description":"Kawowy outlet - Kawy te nadal zadowalaj\u0105 najbardziej wymagaj\u0105cych kawoszy, ale przez 2miesi\u0105ce+ dat\u0119 palenia, s\u0105 teraz ta\u0144sze nawet o 40%!","og_url":"https:\/\/kopkopi.com\/pl\/kawowy-outlet-kopkopi\/","og_site_name":"KOPKOPI","article_publisher":"https:\/\/www.facebook.com\/kopkopidotcom","article_modified_time":"2022-01-11T09:54:30+00:00","og_image":[{"url":"https:\/\/kopkopi.com\/wp-content\/uploads\/2021\/02\/Bourbon_EN_Transparent.png"}],"twitter_card":"summary_large_image","twitter_site":"@kopkopidotcom","twitter_misc":{"Szacowany czas czytania":"2 minuty"},"schema":{"@context":"https:\/\/schema.org","@graph":[{"@type":"WebPage","@id":"https:\/\/kopkopi.com\/pl\/kawowy-outlet-kopkopi\/","url":"https:\/\/kopkopi.com\/pl\/kawowy-outlet-kopkopi\/","name":"Wiek to tylko liczba. Poznaj nasz KAWOWY OUTLET - KOPKOPI","isPartOf":{"@id":"https:\/\/kopkopi.com\/#website"},"primaryImageOfPage":{"@id":"https:\/\/kopkopi.com\/pl\/kawowy-outlet-kopkopi\/#primaryimage"},"image":{"@id":"https:\/\/kopkopi.com\/pl\/kawowy-outlet-kopkopi\/#primaryimage"},"thumbnailUrl":"https:\/\/kopkopi.com\/wp-content\/uploads\/2021\/02\/Bourbon_EN_Transparent.png","datePublished":"2021-07-16T18:46:05+00:00","dateModified":"2022-01-11T09:54:30+00:00","description":"Kawowy outlet - Kawy te nadal zadowalaj\u0105 najbardziej wymagaj\u0105cych kawoszy, ale przez 2miesi\u0105ce+ dat\u0119 palenia, s\u0105 teraz ta\u0144sze nawet o 40%!","breadcrumb":{"@id":"https:\/\/kopkopi.com\/pl\/kawowy-outlet-kopkopi\/#breadcrumb"},"inLanguage":"pl-PL","potentialAction":[{"@type":"ReadAction","target":["https:\/\/kopkopi.com\/pl\/kawowy-outlet-kopkopi\/"]}]},{"@type":"ImageObject","inLanguage":"pl-PL","@id":"https:\/\/kopkopi.com\/pl\/kawowy-outlet-kopkopi\/#primaryimage","url":"https:\/\/kopkopi.com\/wp-content\/uploads\/2021\/02\/Bourbon_EN_Transparent.png","contentUrl":"https:\/\/kopkopi.com\/wp-content\/uploads\/2021\/02\/Bourbon_EN_Transparent.png"},{"@type":"BreadcrumbList","@id":"https:\/\/kopkopi.com\/pl\/kawowy-outlet-kopkopi\/#breadcrumb","itemListElement":[{"@type":"ListItem","position":1,"name":"Home","item":"https:\/\/kopkopi.com\/pl\/sklep\/"},{"@type":"ListItem","position":2,"name":"KAWOWY OUTLET"}]},{"@type":"WebSite","@id":"https:\/\/kopkopi.com\/#website","url":"https:\/\/kopkopi.com\/","name":"KOPKOPI","description":"COFFEE &amp; CULTURE","publisher":{"@id":"https:\/\/kopkopi.com\/#organization"},"potentialAction":[{"@type":"SearchAction","target":{"@type":"EntryPoint","urlTemplate":"https:\/\/kopkopi.com\/?s={search_term_string}"},"query-input":{"@type":"PropertyValueSpecification","valueRequired":true,"valueName":"search_term_string"}}],"inLanguage":"pl-PL"},{"@type":"Organization","@id":"https:\/\/kopkopi.com\/#organization","name":"KOPKOPI","url":"https:\/\/kopkopi.com\/","logo":{"@type":"ImageObject","inLanguage":"pl-PL","@id":"https:\/\/kopkopi.com\/#\/schema\/logo\/image\/","url":"https:\/\/kopkopi.com\/wp-content\/uploads\/2021\/07\/FINAL-LOGO_DOUBLE-LINES_BLACK.png","contentUrl":"https:\/\/kopkopi.com\/wp-content\/uploads\/2021\/07\/FINAL-LOGO_DOUBLE-LINES_BLACK.png","width":1280,"height":1280,"caption":"KOPKOPI"},"image":{"@id":"https:\/\/kopkopi.com\/#\/schema\/logo\/image\/"},"sameAs":["https:\/\/www.facebook.com\/kopkopidotcom","https:\/\/x.com\/kopkopidotcom"]}]}},"_links":{"self":[{"href":"https:\/\/kopkopi.com\/pl\/wp-json\/wp\/v2\/pages\/10481","targetHints":{"allow":["GET"]}}],"collection":[{"href":"https:\/\/kopkopi.com\/pl\/wp-json\/wp\/v2\/pages"}],"about":[{"href":"https:\/\/kopkopi.com\/pl\/wp-json\/wp\/v2\/types\/page"}],"author":[{"embeddable":true,"href":"https:\/\/kopkopi.com\/pl\/wp-json\/wp\/v2\/users\/1"}],"replies":[{"embeddable":true,"href":"https:\/\/kopkopi.com\/pl\/wp-json\/wp\/v2\/comments?post=10481"}],"version-history":[{"count":10,"href":"https:\/\/kopkopi.com\/pl\/wp-json\/wp\/v2\/pages\/10481\/revisions"}],"predecessor-version":[{"id":14804,"href":"https:\/\/kopkopi.com\/pl\/wp-json\/wp\/v2\/pages\/10481\/revisions\/14804"}],"wp:attachment":[{"href":"https:\/\/kopkopi.com\/pl\/wp-json\/wp\/v2\/media?parent=10481"}],"curies":[{"name":"wp","href":"https:\/\/api.w.org\/{rel}","templated":true}]}}