{"id":1328,"date":"2021-02-04T22:02:55","date_gmt":"2021-02-04T21:02:55","guid":{"rendered":"https:\/\/kopkopi.com\/returns\/"},"modified":"2021-10-04T14:36:58","modified_gmt":"2021-10-04T13:36:58","slug":"polityka-zwrotow","status":"publish","type":"page","link":"https:\/\/kopkopi.com\/pl\/polityka-zwrotow\/","title":{"rendered":"POLITYKA ZWROT\u00d3W"},"content":{"rendered":"<h4 style=\"text-align: justify;\">POLITYKA ZWROT\u00d3W<\/h4>\n<p>&nbsp;<\/p>\n<p style=\"text-align: justify;\">Nasza kawa jest doskona\u0142ej jako\u015bci &#8211; a my jeste\u015bmy pewni jej smaku. Je\u015bli jednak chc\u0105 Pa\u0144stwo dokona\u0107 zwrotu, mo\u017cecie liczy\u0107 na pe\u0142ne wsparcie i pomoc z naszej strony.<\/p>\n<p>&nbsp;<\/p>\n<h4 style=\"text-align: justify;\">Jak dokona\u0107 zwrotu?<\/h4>\n<p>&nbsp;<\/p>\n<ul style=\"text-align: justify;\">\n<li style=\"font-weight: 400;\" aria-level=\"1\">W ci\u0105gu 14 dni od dnia otrzymania zam\u00f3wienia prosimy wys\u0142a\u0107 do nas wiadomo\u015b\u0107 na adres email hello@kopkopi.com z podaniem nast\u0119puj\u0105cych informacji: numer zam\u00f3wienia, zwracane produkty, przyczyna zwrotu (nieobowi\u0105zkowe)<\/li>\n<li style=\"font-weight: 400;\" aria-level=\"1\">Oczywi\u015bcie, jest r\u00f3wnie\u017c mo\u017cliwo\u015b\u0107 zwrotu osobistego w naszej siedzibie<\/li>\n<li style=\"font-weight: 400;\" aria-level=\"1\">Mog\u0105 Pa\u0144stwo zwr\u00f3ci\u0107 wszystkie produkty w ci\u0105gu 14 dni, <b>o ile nie s\u0105<\/b> u\u017cywane, a opakowania otwarte<\/li>\n<li style=\"font-weight: 400;\" aria-level=\"1\">Koszt zwrotu ponosi kupuj\u0105cy<\/li>\n<li aria-level=\"1\"><\/li>\n<\/ul>\n<p style=\"text-align: justify;\">Je\u017celi macie Pa\u0144stwo dodatkowe pytania, ch\u0119tnie pomo\u017cemy!<\/p>\n<p>&nbsp;<\/p>\n<p style=\"text-align: justify;\">Prosimy o kontakt pod numerem telefonu lub na adres email podany poni\u017cej:<\/p>\n<ul>\n<li style=\"font-weight: 400; text-align: left;\" aria-level=\"1\">+48 518 986 358<\/li>\n<li style=\"font-weight: 400; text-align: left;\" aria-level=\"1\">hello@kopkopi.com<\/li>\n<\/ul>\n","protected":false},"excerpt":{"rendered":"<p>POLITYKA ZWROT\u00d3W &nbsp; Nasza kawa jest doskona\u0142ej jako\u015bci &#8211; a my jeste\u015bmy pewni jej smaku. Je\u015bli jednak chc\u0105 Pa\u0144stwo dokona\u0107 zwrotu, mo\u017cecie liczy\u0107 na pe\u0142ne wsparcie i pomoc z naszej strony. &nbsp; Jak dokona\u0107 zwrotu? &nbsp; W ci\u0105gu 14 dni od dnia otrzymania zam\u00f3wienia prosimy&#8230;<\/p>\n","protected":false},"author":1,"featured_media":0,"parent":0,"menu_order":0,"comment_status":"closed","ping_status":"closed","template":"elementor_theme","meta":{"footnotes":""},"class_list":["post-1328","page","type-page","status-publish","hentry"],"yoast_head":"<!-- This site is optimized with the Yoast SEO plugin v23.8 - https:\/\/yoast.com\/wordpress\/plugins\/seo\/ -->\n<title>POLITYKA ZWROT\u00d3W - KOPKOPI<\/title>\n<meta name=\"description\" content=\"Polityka zwrot\u00f3w palarni kawy KOPKOPI z Gda\u0144ska. Zapoznaj si\u0119 z nasz\u0105 polityk\u0105 zwrot\u00f3w przed dokonaniem zakupu!\" \/>\n<meta name=\"robots\" content=\"index, follow, max-snippet:-1, max-image-preview:large, max-video-preview:-1\" \/>\n<link rel=\"canonical\" href=\"https:\/\/kopkopi.com\/pl\/polityka-zwrotow\/\" \/>\n<meta property=\"og:locale\" content=\"pl_PL\" \/>\n<meta property=\"og:type\" content=\"article\" \/>\n<meta property=\"og:title\" content=\"POLITYKA ZWROT\u00d3W - KOPKOPI\" \/>\n<meta property=\"og:description\" content=\"Polityka zwrot\u00f3w palarni kawy KOPKOPI z Gda\u0144ska. Zapoznaj si\u0119 z nasz\u0105 polityk\u0105 zwrot\u00f3w przed dokonaniem zakupu!\" \/>\n<meta property=\"og:url\" content=\"https:\/\/kopkopi.com\/pl\/polityka-zwrotow\/\" \/>\n<meta property=\"og:site_name\" content=\"KOPKOPI\" \/>\n<meta property=\"article:publisher\" content=\"https:\/\/www.facebook.com\/kopkopidotcom\" \/>\n<meta property=\"article:modified_time\" content=\"2021-10-04T13:36:58+00:00\" \/>\n<meta property=\"og:image\" content=\"https:\/\/kopkopi.com\/wp-content\/uploads\/2021\/07\/FINAL-LOGO_DOUBLE-LINES_BLACK.png\" \/>\n\t<meta property=\"og:image:width\" content=\"1280\" \/>\n\t<meta property=\"og:image:height\" content=\"1280\" \/>\n\t<meta property=\"og:image:type\" content=\"image\/png\" \/>\n<meta name=\"twitter:card\" content=\"summary_large_image\" \/>\n<meta name=\"twitter:site\" content=\"@kopkopidotcom\" \/>\n<meta name=\"twitter:label1\" content=\"Szacowany czas czytania\" \/>\n\t<meta name=\"twitter:data1\" content=\"1 minuta\" \/>\n<script type=\"application\/ld+json\" class=\"yoast-schema-graph\">{\"@context\":\"https:\/\/schema.org\",\"@graph\":[{\"@type\":\"WebPage\",\"@id\":\"https:\/\/kopkopi.com\/pl\/polityka-zwrotow\/\",\"url\":\"https:\/\/kopkopi.com\/pl\/polityka-zwrotow\/\",\"name\":\"POLITYKA ZWROT\u00d3W - KOPKOPI\",\"isPartOf\":{\"@id\":\"https:\/\/kopkopi.com\/#website\"},\"datePublished\":\"2021-02-04T21:02:55+00:00\",\"dateModified\":\"2021-10-04T13:36:58+00:00\",\"description\":\"Polityka zwrot\u00f3w palarni kawy KOPKOPI z Gda\u0144ska. Zapoznaj si\u0119 z nasz\u0105 polityk\u0105 zwrot\u00f3w przed dokonaniem zakupu!\",\"breadcrumb\":{\"@id\":\"https:\/\/kopkopi.com\/pl\/polityka-zwrotow\/#breadcrumb\"},\"inLanguage\":\"pl-PL\",\"potentialAction\":[{\"@type\":\"ReadAction\",\"target\":[\"https:\/\/kopkopi.com\/pl\/polityka-zwrotow\/\"]}]},{\"@type\":\"BreadcrumbList\",\"@id\":\"https:\/\/kopkopi.com\/pl\/polityka-zwrotow\/#breadcrumb\",\"itemListElement\":[{\"@type\":\"ListItem\",\"position\":1,\"name\":\"Home\",\"item\":\"https:\/\/kopkopi.com\/pl\/sklep\/\"},{\"@type\":\"ListItem\",\"position\":2,\"name\":\"POLITYKA ZWROT\u00d3W\"}]},{\"@type\":\"WebSite\",\"@id\":\"https:\/\/kopkopi.com\/#website\",\"url\":\"https:\/\/kopkopi.com\/\",\"name\":\"KOPKOPI\",\"description\":\"COFFEE &amp; CULTURE\",\"publisher\":{\"@id\":\"https:\/\/kopkopi.com\/#organization\"},\"potentialAction\":[{\"@type\":\"SearchAction\",\"target\":{\"@type\":\"EntryPoint\",\"urlTemplate\":\"https:\/\/kopkopi.com\/?s={search_term_string}\"},\"query-input\":{\"@type\":\"PropertyValueSpecification\",\"valueRequired\":true,\"valueName\":\"search_term_string\"}}],\"inLanguage\":\"pl-PL\"},{\"@type\":\"Organization\",\"@id\":\"https:\/\/kopkopi.com\/#organization\",\"name\":\"KOPKOPI\",\"url\":\"https:\/\/kopkopi.com\/\",\"logo\":{\"@type\":\"ImageObject\",\"inLanguage\":\"pl-PL\",\"@id\":\"https:\/\/kopkopi.com\/#\/schema\/logo\/image\/\",\"url\":\"https:\/\/kopkopi.com\/wp-content\/uploads\/2021\/07\/FINAL-LOGO_DOUBLE-LINES_BLACK.png\",\"contentUrl\":\"https:\/\/kopkopi.com\/wp-content\/uploads\/2021\/07\/FINAL-LOGO_DOUBLE-LINES_BLACK.png\",\"width\":1280,\"height\":1280,\"caption\":\"KOPKOPI\"},\"image\":{\"@id\":\"https:\/\/kopkopi.com\/#\/schema\/logo\/image\/\"},\"sameAs\":[\"https:\/\/www.facebook.com\/kopkopidotcom\",\"https:\/\/x.com\/kopkopidotcom\"]}]}<\/script>\n<!-- \/ Yoast SEO plugin. -->","yoast_head_json":{"title":"POLITYKA ZWROT\u00d3W - KOPKOPI","description":"Polityka zwrot\u00f3w palarni kawy KOPKOPI z Gda\u0144ska. Zapoznaj si\u0119 z nasz\u0105 polityk\u0105 zwrot\u00f3w przed dokonaniem zakupu!","robots":{"index":"index","follow":"follow","max-snippet":"max-snippet:-1","max-image-preview":"max-image-preview:large","max-video-preview":"max-video-preview:-1"},"canonical":"https:\/\/kopkopi.com\/pl\/polityka-zwrotow\/","og_locale":"pl_PL","og_type":"article","og_title":"POLITYKA ZWROT\u00d3W - KOPKOPI","og_description":"Polityka zwrot\u00f3w palarni kawy KOPKOPI z Gda\u0144ska. Zapoznaj si\u0119 z nasz\u0105 polityk\u0105 zwrot\u00f3w przed dokonaniem zakupu!","og_url":"https:\/\/kopkopi.com\/pl\/polityka-zwrotow\/","og_site_name":"KOPKOPI","article_publisher":"https:\/\/www.facebook.com\/kopkopidotcom","article_modified_time":"2021-10-04T13:36:58+00:00","og_image":[{"width":1280,"height":1280,"url":"https:\/\/kopkopi.com\/wp-content\/uploads\/2021\/07\/FINAL-LOGO_DOUBLE-LINES_BLACK.png","type":"image\/png"}],"twitter_card":"summary_large_image","twitter_site":"@kopkopidotcom","twitter_misc":{"Szacowany czas czytania":"1 minuta"},"schema":{"@context":"https:\/\/schema.org","@graph":[{"@type":"WebPage","@id":"https:\/\/kopkopi.com\/pl\/polityka-zwrotow\/","url":"https:\/\/kopkopi.com\/pl\/polityka-zwrotow\/","name":"POLITYKA ZWROT\u00d3W - KOPKOPI","isPartOf":{"@id":"https:\/\/kopkopi.com\/#website"},"datePublished":"2021-02-04T21:02:55+00:00","dateModified":"2021-10-04T13:36:58+00:00","description":"Polityka zwrot\u00f3w palarni kawy KOPKOPI z Gda\u0144ska. Zapoznaj si\u0119 z nasz\u0105 polityk\u0105 zwrot\u00f3w przed dokonaniem zakupu!","breadcrumb":{"@id":"https:\/\/kopkopi.com\/pl\/polityka-zwrotow\/#breadcrumb"},"inLanguage":"pl-PL","potentialAction":[{"@type":"ReadAction","target":["https:\/\/kopkopi.com\/pl\/polityka-zwrotow\/"]}]},{"@type":"BreadcrumbList","@id":"https:\/\/kopkopi.com\/pl\/polityka-zwrotow\/#breadcrumb","itemListElement":[{"@type":"ListItem","position":1,"name":"Home","item":"https:\/\/kopkopi.com\/pl\/sklep\/"},{"@type":"ListItem","position":2,"name":"POLITYKA ZWROT\u00d3W"}]},{"@type":"WebSite","@id":"https:\/\/kopkopi.com\/#website","url":"https:\/\/kopkopi.com\/","name":"KOPKOPI","description":"COFFEE &amp; CULTURE","publisher":{"@id":"https:\/\/kopkopi.com\/#organization"},"potentialAction":[{"@type":"SearchAction","target":{"@type":"EntryPoint","urlTemplate":"https:\/\/kopkopi.com\/?s={search_term_string}"},"query-input":{"@type":"PropertyValueSpecification","valueRequired":true,"valueName":"search_term_string"}}],"inLanguage":"pl-PL"},{"@type":"Organization","@id":"https:\/\/kopkopi.com\/#organization","name":"KOPKOPI","url":"https:\/\/kopkopi.com\/","logo":{"@type":"ImageObject","inLanguage":"pl-PL","@id":"https:\/\/kopkopi.com\/#\/schema\/logo\/image\/","url":"https:\/\/kopkopi.com\/wp-content\/uploads\/2021\/07\/FINAL-LOGO_DOUBLE-LINES_BLACK.png","contentUrl":"https:\/\/kopkopi.com\/wp-content\/uploads\/2021\/07\/FINAL-LOGO_DOUBLE-LINES_BLACK.png","width":1280,"height":1280,"caption":"KOPKOPI"},"image":{"@id":"https:\/\/kopkopi.com\/#\/schema\/logo\/image\/"},"sameAs":["https:\/\/www.facebook.com\/kopkopidotcom","https:\/\/x.com\/kopkopidotcom"]}]}},"_links":{"self":[{"href":"https:\/\/kopkopi.com\/pl\/wp-json\/wp\/v2\/pages\/1328","targetHints":{"allow":["GET"]}}],"collection":[{"href":"https:\/\/kopkopi.com\/pl\/wp-json\/wp\/v2\/pages"}],"about":[{"href":"https:\/\/kopkopi.com\/pl\/wp-json\/wp\/v2\/types\/page"}],"author":[{"embeddable":true,"href":"https:\/\/kopkopi.com\/pl\/wp-json\/wp\/v2\/users\/1"}],"replies":[{"embeddable":true,"href":"https:\/\/kopkopi.com\/pl\/wp-json\/wp\/v2\/comments?post=1328"}],"version-history":[{"count":1,"href":"https:\/\/kopkopi.com\/pl\/wp-json\/wp\/v2\/pages\/1328\/revisions"}],"predecessor-version":[{"id":13949,"href":"https:\/\/kopkopi.com\/pl\/wp-json\/wp\/v2\/pages\/1328\/revisions\/13949"}],"wp:attachment":[{"href":"https:\/\/kopkopi.com\/pl\/wp-json\/wp\/v2\/media?parent=1328"}],"curies":[{"name":"wp","href":"https:\/\/api.w.org\/{rel}","templated":true}]}}