{"id":1342,"date":"2021-02-04T22:16:35","date_gmt":"2021-02-04T21:16:35","guid":{"rendered":"https:\/\/kopkopi.com\/delivery-payments\/"},"modified":"2023-05-06T09:33:18","modified_gmt":"2023-05-06T08:33:18","slug":"dostawa-i-platnosci","status":"publish","type":"page","link":"https:\/\/kopkopi.com\/pl\/dostawa-i-platnosci\/","title":{"rendered":"DOSTAWA &#038; P\u0141ATNO\u015aCI"},"content":{"rendered":"\t\t<div data-elementor-type=\"wp-page\" data-elementor-id=\"1342\" class=\"elementor elementor-1342 elementor-1340\">\n\t\t\t\t\t\t<section class=\"elementor-section elementor-top-section elementor-element elementor-element-8dadaf3 elementor-section-boxed elementor-section-height-default elementor-section-height-default parallax_section_no qode_elementor_container_no\" data-id=\"8dadaf3\" data-element_type=\"section\">\n\t\t\t\t\t\t<div class=\"elementor-container elementor-column-gap-default\">\n\t\t\t\t\t<div class=\"elementor-column elementor-col-100 elementor-top-column elementor-element elementor-element-0f7d63a\" data-id=\"0f7d63a\" data-element_type=\"column\">\n\t\t\t<div class=\"elementor-widget-wrap\">\n\t\t\t\t\t\t\t<\/div>\n\t\t<\/div>\n\t\t\t\t\t<\/div>\n\t\t<\/section>\n\t\t\t\t<section class=\"elementor-section elementor-top-section elementor-element elementor-element-605b07e elementor-section-boxed elementor-section-height-default elementor-section-height-default parallax_section_no qode_elementor_container_no\" data-id=\"605b07e\" data-element_type=\"section\">\n\t\t\t\t\t\t<div class=\"elementor-container elementor-column-gap-default\">\n\t\t\t\t\t<div class=\"elementor-column elementor-col-100 elementor-top-column elementor-element elementor-element-4052df9\" data-id=\"4052df9\" data-element_type=\"column\">\n\t\t\t<div class=\"elementor-widget-wrap elementor-element-populated\">\n\t\t\t\t\t\t<div class=\"elementor-element elementor-element-52b07ae elementor-widget elementor-widget-heading\" data-id=\"52b07ae\" data-element_type=\"widget\" data-widget_type=\"heading.default\">\n\t\t\t\t<div class=\"elementor-widget-container\">\n\t\t\t<h1 class=\"elementor-heading-title elementor-size-default\">DOSTAWA I P\u0141ATNO\u015aCI<\/h1>\t\t<\/div>\n\t\t\t\t<\/div>\n\t\t\t\t<div class=\"elementor-element elementor-element-87b4060 elementor-widget-divider--view-line elementor-widget elementor-widget-divider\" data-id=\"87b4060\" data-element_type=\"widget\" data-widget_type=\"divider.default\">\n\t\t\t\t<div class=\"elementor-widget-container\">\n\t\t\t\t\t<div class=\"elementor-divider\">\n\t\t\t<span class=\"elementor-divider-separator\">\n\t\t\t\t\t\t<\/span>\n\t\t<\/div>\n\t\t\t\t<\/div>\n\t\t\t\t<\/div>\n\t\t\t\t<div class=\"elementor-element elementor-element-ee2ed71 elementor-widget elementor-widget-heading\" data-id=\"ee2ed71\" data-element_type=\"widget\" data-widget_type=\"heading.default\">\n\t\t\t\t<div class=\"elementor-widget-container\">\n\t\t\t<h2 class=\"elementor-heading-title elementor-size-default\">DOSTAWA<\/h2>\t\t<\/div>\n\t\t\t\t<\/div>\n\t\t\t\t<div class=\"elementor-element elementor-element-3f4e5ebe elementor-widget elementor-widget-text-editor\" data-id=\"3f4e5ebe\" data-element_type=\"widget\" data-widget_type=\"text-editor.default\">\n\t\t\t\t<div class=\"elementor-widget-container\">\n\t\t\t\t\t\t\t<p><span style=\"font-weight: 400;\">Wysy\u0142ki realizujemy za po\u015brednictwem Paczkomat\u00f3w InPost oraz kuriera.<\/span><\/p>\n<p><span style=\"font-weight: 400;\">&nbsp;Wysy\u0142ka zam\u00f3wie\u0144 kurierem do 199 z\u0142 kosztuje 20 z\u0142<br>Wysy\u0142ka zam\u00f3wie\u0144 paczkomatem InPost do 199 &#8211; 15z\u0142<\/span><\/p>\n<ul>\n<li style=\"font-weight: 400;\" aria-level=\"1\"><span style=\"font-weight: 400;\">wysy\u0142ka zam\u00f3wie\u0144 paczkomatem powy\u017cej 199 z\u0142 jest bezp\u0142atna<\/span><\/li>\n<li style=\"font-weight: 400;\" aria-level=\"1\"><span style=\"font-weight: 400;\">Wysy\u0142ka zam\u00f3wie\u0144 kurierem powy\u017cej 199z\u0142 jest bezp\u0142atna<\/span><\/li>\n<\/ul>\n<p><span style=\"font-weight: 400;\">Wszystkie produkty mo\u017cesz odebra\u0107 bezp\u0142atnie u nas. Zobacz, gdzie si\u0119 znajdujemy <\/span><a href=\"\/?page_id=418\"><span style=\"font-weight: 400;\">tutaj<\/span><\/a><span style=\"font-weight: 400;\">.<\/span><\/p>\n<p><span style=\"font-weight: 400;\">Dodatkowe informacje o opcjach dostawy s\u0105 dost\u0119pne podczas procesu zakupu.<\/span><\/p>\t\t\t\t\t\t<\/div>\n\t\t\t\t<\/div>\n\t\t\t\t<div class=\"elementor-element elementor-element-844202c elementor-widget elementor-widget-heading\" data-id=\"844202c\" data-element_type=\"widget\" data-widget_type=\"heading.default\">\n\t\t\t\t<div class=\"elementor-widget-container\">\n\t\t\t<h2 class=\"elementor-heading-title elementor-size-default\">P\u0141ATNOSCI<\/h2>\t\t<\/div>\n\t\t\t\t<\/div>\n\t\t\t\t<div class=\"elementor-element elementor-element-721a7e3 elementor-widget elementor-widget-text-editor\" data-id=\"721a7e3\" data-element_type=\"widget\" data-widget_type=\"text-editor.default\">\n\t\t\t\t<div class=\"elementor-widget-container\">\n\t\t\t\t\t\t\t<p><span style=\"font-weight: 400;\">Robimy wszystko, aby Tw\u00f3j proces zakupowy by\u0142 prosty, szybki, przyjemny i stanowi\u0142 dobre do\u015bwiadczenie. Dlatego te\u017c umo\u017cliwiamy nast\u0119puj\u0105ce metody p\u0142atno\u015bci:<br \/><br \/><\/span><\/p><ul><li style=\"font-weight: 400;\" aria-level=\"1\"><b>KARTA P\u0141ATNICZA<\/b><span style=\"font-weight: 400;\">: najszybsza i najwygodniejsza metoda p\u0142atno\u015bci. Wpisuj\u0105c dane do zam\u00f3wienia na swoim komputerze, finalizuj\u0105c zakup masz mo\u017cliwo\u015b\u0107 bezpieczniej i szybkiej p\u0142atno\u015bci Twoj\u0105 kart\u0105 p\u0142atnicz\u0105.<br \/><br \/>Wpisuj\u0105c swoje dane do zam\u00f3wienia na Twoim telefonie, na dole ekranu znajdziesz funkcj\u0119 &#8211; odpowiednio dla telefonu &#8211; Apple Pay lub Google Pay, gdzie zap\u0142acisz bezpiecznie swoj\u0105 podpi\u0119t\u0105 kart\u0105 <\/span><b>kredytow\u0105 lub debetow\u0105.\u00a0 <br \/><br \/><\/b><span style=\"font-weight: 400;\">W obu tych przypadkach, niezale\u017cnie od urz\u0105dzenia \u015brodki s\u0105 natychmiastowo ksi\u0119gowane u Nas, wi\u0119c to najszybsza metoda, aby\u015bmy od razu wys\u0142ali przesy\u0142k\u0119 do Ciebie!<br \/><br \/><\/span><\/li><li style=\"font-weight: 400;\" aria-level=\"1\"><b>Przelew bankowy<\/b><span style=\"font-weight: 400;\">: po sfinalizowaniu zam\u00f3wienia, otrzymasz od nas dane do wykonania przelewu przedp\u0142aty. Po zaksi\u0119gowaniu \u015brodk\u00f3w od razu wysy\u0142amy przesy\u0142k\u0119 do Ciebie.<\/span><\/li><\/ul><p><span style=\"font-weight: 400;\">Je\u017celi masz dodatkowe pytania, skontaktuj si\u0119 z nami, a ch\u0119tnie pomo\u017cemy!<br \/><br \/><\/span><\/p><p><span style=\"font-weight: 400;\">Telefon: +48518 986 358<\/span><\/p><p><span style=\"font-weight: 400;\">E-mail : hello@kopkopi.com\u00a0<\/span><\/p>\t\t\t\t\t\t<\/div>\n\t\t\t\t<\/div>\n\t\t\t\t\t<\/div>\n\t\t<\/div>\n\t\t\t\t\t<\/div>\n\t\t<\/section>\n\t\t\t\t<\/div>\n\t\t","protected":false},"excerpt":{"rendered":"<p>DOSTAWA I P\u0141ATNO\u015aCI DOSTAWA Wysy\u0142ki realizujemy za po\u015brednictwem Paczkomat\u00f3w InPost oraz kuriera. &nbsp;Wysy\u0142ka zam\u00f3wie\u0144 kurierem do 199 z\u0142 kosztuje 20 z\u0142Wysy\u0142ka zam\u00f3wie\u0144 paczkomatem InPost do 199 &#8211; 15z\u0142 wysy\u0142ka zam\u00f3wie\u0144 paczkomatem powy\u017cej 199 z\u0142 jest bezp\u0142atna Wysy\u0142ka zam\u00f3wie\u0144 kurierem powy\u017cej 199z\u0142 jest bezp\u0142atna Wszystkie produkty&#8230;<\/p>\n","protected":false},"author":1,"featured_media":0,"parent":0,"menu_order":0,"comment_status":"closed","ping_status":"closed","template":"elementor_theme","meta":{"footnotes":""},"class_list":["post-1342","page","type-page","status-publish","hentry"],"yoast_head":"<!-- This site is optimized with the Yoast SEO plugin v23.8 - https:\/\/yoast.com\/wordpress\/plugins\/seo\/ -->\n<title>DOSTAWA &amp; P\u0141ATNO\u015aCI - KOPKOPI<\/title>\n<meta name=\"description\" content=\"Dostawa i p\u0142atno\u015bci w palarni kawy KOPKOPI z Gda\u0144ska. Zapoznaj si\u0119 z naszymi metodami dostaw i p\u0142atno\u015bci przed dokonaniem zakupu!\" \/>\n<meta name=\"robots\" content=\"index, follow, max-snippet:-1, max-image-preview:large, max-video-preview:-1\" \/>\n<link rel=\"canonical\" href=\"https:\/\/kopkopi.com\/pl\/dostawa-i-platnosci\/\" \/>\n<meta property=\"og:locale\" content=\"pl_PL\" \/>\n<meta property=\"og:type\" content=\"article\" \/>\n<meta property=\"og:title\" content=\"DOSTAWA &amp; P\u0141ATNO\u015aCI - KOPKOPI\" \/>\n<meta property=\"og:description\" content=\"Dostawa i p\u0142atno\u015bci w palarni kawy KOPKOPI z Gda\u0144ska. Zapoznaj si\u0119 z naszymi metodami dostaw i p\u0142atno\u015bci przed dokonaniem zakupu!\" \/>\n<meta property=\"og:url\" content=\"https:\/\/kopkopi.com\/pl\/dostawa-i-platnosci\/\" \/>\n<meta property=\"og:site_name\" content=\"KOPKOPI\" \/>\n<meta property=\"article:publisher\" content=\"https:\/\/www.facebook.com\/kopkopidotcom\" \/>\n<meta property=\"article:modified_time\" content=\"2023-05-06T08:33:18+00:00\" \/>\n<meta property=\"og:image\" content=\"https:\/\/kopkopi.com\/wp-content\/uploads\/2021\/07\/FINAL-LOGO_DOUBLE-LINES_BLACK.png\" \/>\n\t<meta property=\"og:image:width\" content=\"1280\" \/>\n\t<meta property=\"og:image:height\" content=\"1280\" \/>\n\t<meta property=\"og:image:type\" content=\"image\/png\" \/>\n<meta name=\"twitter:card\" content=\"summary_large_image\" \/>\n<meta name=\"twitter:site\" content=\"@kopkopidotcom\" \/>\n<meta name=\"twitter:label1\" content=\"Szacowany czas czytania\" \/>\n\t<meta name=\"twitter:data1\" content=\"1 minuta\" \/>\n<script type=\"application\/ld+json\" class=\"yoast-schema-graph\">{\"@context\":\"https:\/\/schema.org\",\"@graph\":[{\"@type\":\"WebPage\",\"@id\":\"https:\/\/kopkopi.com\/pl\/dostawa-i-platnosci\/\",\"url\":\"https:\/\/kopkopi.com\/pl\/dostawa-i-platnosci\/\",\"name\":\"DOSTAWA & P\u0141ATNO\u015aCI - KOPKOPI\",\"isPartOf\":{\"@id\":\"https:\/\/kopkopi.com\/#website\"},\"datePublished\":\"2021-02-04T21:16:35+00:00\",\"dateModified\":\"2023-05-06T08:33:18+00:00\",\"description\":\"Dostawa i p\u0142atno\u015bci w palarni kawy KOPKOPI z Gda\u0144ska. Zapoznaj si\u0119 z naszymi metodami dostaw i p\u0142atno\u015bci przed dokonaniem zakupu!\",\"breadcrumb\":{\"@id\":\"https:\/\/kopkopi.com\/pl\/dostawa-i-platnosci\/#breadcrumb\"},\"inLanguage\":\"pl-PL\",\"potentialAction\":[{\"@type\":\"ReadAction\",\"target\":[\"https:\/\/kopkopi.com\/pl\/dostawa-i-platnosci\/\"]}]},{\"@type\":\"BreadcrumbList\",\"@id\":\"https:\/\/kopkopi.com\/pl\/dostawa-i-platnosci\/#breadcrumb\",\"itemListElement\":[{\"@type\":\"ListItem\",\"position\":1,\"name\":\"Home\",\"item\":\"https:\/\/kopkopi.com\/pl\/sklep\/\"},{\"@type\":\"ListItem\",\"position\":2,\"name\":\"DOSTAWA &#038; P\u0141ATNO\u015aCI\"}]},{\"@type\":\"WebSite\",\"@id\":\"https:\/\/kopkopi.com\/#website\",\"url\":\"https:\/\/kopkopi.com\/\",\"name\":\"KOPKOPI\",\"description\":\"COFFEE &amp; CULTURE\",\"publisher\":{\"@id\":\"https:\/\/kopkopi.com\/#organization\"},\"potentialAction\":[{\"@type\":\"SearchAction\",\"target\":{\"@type\":\"EntryPoint\",\"urlTemplate\":\"https:\/\/kopkopi.com\/?s={search_term_string}\"},\"query-input\":{\"@type\":\"PropertyValueSpecification\",\"valueRequired\":true,\"valueName\":\"search_term_string\"}}],\"inLanguage\":\"pl-PL\"},{\"@type\":\"Organization\",\"@id\":\"https:\/\/kopkopi.com\/#organization\",\"name\":\"KOPKOPI\",\"url\":\"https:\/\/kopkopi.com\/\",\"logo\":{\"@type\":\"ImageObject\",\"inLanguage\":\"pl-PL\",\"@id\":\"https:\/\/kopkopi.com\/#\/schema\/logo\/image\/\",\"url\":\"https:\/\/kopkopi.com\/wp-content\/uploads\/2021\/07\/FINAL-LOGO_DOUBLE-LINES_BLACK.png\",\"contentUrl\":\"https:\/\/kopkopi.com\/wp-content\/uploads\/2021\/07\/FINAL-LOGO_DOUBLE-LINES_BLACK.png\",\"width\":1280,\"height\":1280,\"caption\":\"KOPKOPI\"},\"image\":{\"@id\":\"https:\/\/kopkopi.com\/#\/schema\/logo\/image\/\"},\"sameAs\":[\"https:\/\/www.facebook.com\/kopkopidotcom\",\"https:\/\/x.com\/kopkopidotcom\"]}]}<\/script>\n<!-- \/ Yoast SEO plugin. -->","yoast_head_json":{"title":"DOSTAWA & P\u0141ATNO\u015aCI - KOPKOPI","description":"Dostawa i p\u0142atno\u015bci w palarni kawy KOPKOPI z Gda\u0144ska. Zapoznaj si\u0119 z naszymi metodami dostaw i p\u0142atno\u015bci przed dokonaniem zakupu!","robots":{"index":"index","follow":"follow","max-snippet":"max-snippet:-1","max-image-preview":"max-image-preview:large","max-video-preview":"max-video-preview:-1"},"canonical":"https:\/\/kopkopi.com\/pl\/dostawa-i-platnosci\/","og_locale":"pl_PL","og_type":"article","og_title":"DOSTAWA & P\u0141ATNO\u015aCI - KOPKOPI","og_description":"Dostawa i p\u0142atno\u015bci w palarni kawy KOPKOPI z Gda\u0144ska. Zapoznaj si\u0119 z naszymi metodami dostaw i p\u0142atno\u015bci przed dokonaniem zakupu!","og_url":"https:\/\/kopkopi.com\/pl\/dostawa-i-platnosci\/","og_site_name":"KOPKOPI","article_publisher":"https:\/\/www.facebook.com\/kopkopidotcom","article_modified_time":"2023-05-06T08:33:18+00:00","og_image":[{"width":1280,"height":1280,"url":"https:\/\/kopkopi.com\/wp-content\/uploads\/2021\/07\/FINAL-LOGO_DOUBLE-LINES_BLACK.png","type":"image\/png"}],"twitter_card":"summary_large_image","twitter_site":"@kopkopidotcom","twitter_misc":{"Szacowany czas czytania":"1 minuta"},"schema":{"@context":"https:\/\/schema.org","@graph":[{"@type":"WebPage","@id":"https:\/\/kopkopi.com\/pl\/dostawa-i-platnosci\/","url":"https:\/\/kopkopi.com\/pl\/dostawa-i-platnosci\/","name":"DOSTAWA & P\u0141ATNO\u015aCI - KOPKOPI","isPartOf":{"@id":"https:\/\/kopkopi.com\/#website"},"datePublished":"2021-02-04T21:16:35+00:00","dateModified":"2023-05-06T08:33:18+00:00","description":"Dostawa i p\u0142atno\u015bci w palarni kawy KOPKOPI z Gda\u0144ska. Zapoznaj si\u0119 z naszymi metodami dostaw i p\u0142atno\u015bci przed dokonaniem zakupu!","breadcrumb":{"@id":"https:\/\/kopkopi.com\/pl\/dostawa-i-platnosci\/#breadcrumb"},"inLanguage":"pl-PL","potentialAction":[{"@type":"ReadAction","target":["https:\/\/kopkopi.com\/pl\/dostawa-i-platnosci\/"]}]},{"@type":"BreadcrumbList","@id":"https:\/\/kopkopi.com\/pl\/dostawa-i-platnosci\/#breadcrumb","itemListElement":[{"@type":"ListItem","position":1,"name":"Home","item":"https:\/\/kopkopi.com\/pl\/sklep\/"},{"@type":"ListItem","position":2,"name":"DOSTAWA &#038; P\u0141ATNO\u015aCI"}]},{"@type":"WebSite","@id":"https:\/\/kopkopi.com\/#website","url":"https:\/\/kopkopi.com\/","name":"KOPKOPI","description":"COFFEE &amp; CULTURE","publisher":{"@id":"https:\/\/kopkopi.com\/#organization"},"potentialAction":[{"@type":"SearchAction","target":{"@type":"EntryPoint","urlTemplate":"https:\/\/kopkopi.com\/?s={search_term_string}"},"query-input":{"@type":"PropertyValueSpecification","valueRequired":true,"valueName":"search_term_string"}}],"inLanguage":"pl-PL"},{"@type":"Organization","@id":"https:\/\/kopkopi.com\/#organization","name":"KOPKOPI","url":"https:\/\/kopkopi.com\/","logo":{"@type":"ImageObject","inLanguage":"pl-PL","@id":"https:\/\/kopkopi.com\/#\/schema\/logo\/image\/","url":"https:\/\/kopkopi.com\/wp-content\/uploads\/2021\/07\/FINAL-LOGO_DOUBLE-LINES_BLACK.png","contentUrl":"https:\/\/kopkopi.com\/wp-content\/uploads\/2021\/07\/FINAL-LOGO_DOUBLE-LINES_BLACK.png","width":1280,"height":1280,"caption":"KOPKOPI"},"image":{"@id":"https:\/\/kopkopi.com\/#\/schema\/logo\/image\/"},"sameAs":["https:\/\/www.facebook.com\/kopkopidotcom","https:\/\/x.com\/kopkopidotcom"]}]}},"_links":{"self":[{"href":"https:\/\/kopkopi.com\/pl\/wp-json\/wp\/v2\/pages\/1342","targetHints":{"allow":["GET"]}}],"collection":[{"href":"https:\/\/kopkopi.com\/pl\/wp-json\/wp\/v2\/pages"}],"about":[{"href":"https:\/\/kopkopi.com\/pl\/wp-json\/wp\/v2\/types\/page"}],"author":[{"embeddable":true,"href":"https:\/\/kopkopi.com\/pl\/wp-json\/wp\/v2\/users\/1"}],"replies":[{"embeddable":true,"href":"https:\/\/kopkopi.com\/pl\/wp-json\/wp\/v2\/comments?post=1342"}],"version-history":[{"count":8,"href":"https:\/\/kopkopi.com\/pl\/wp-json\/wp\/v2\/pages\/1342\/revisions"}],"predecessor-version":[{"id":14998,"href":"https:\/\/kopkopi.com\/pl\/wp-json\/wp\/v2\/pages\/1342\/revisions\/14998"}],"wp:attachment":[{"href":"https:\/\/kopkopi.com\/pl\/wp-json\/wp\/v2\/media?parent=1342"}],"curies":[{"name":"wp","href":"https:\/\/api.w.org\/{rel}","templated":true}]}}