{"id":1162,"date":"2021-02-01T22:10:21","date_gmt":"2021-02-01T21:10:21","guid":{"rendered":"https:\/\/kopkopi.com\/?post_type=product&#038;p=1162"},"modified":"2026-04-02T10:57:02","modified_gmt":"2026-04-02T09:57:02","slug":"rwanda-kawa-speciality","status":"publish","type":"product","link":"https:\/\/kopkopi.com\/pl\/shop\/rwanda-kawa-speciality\/","title":{"rendered":"Rwanda Bourbon Huye Honey pod Filtr"},"content":{"rendered":"<p style=\"text-align: justify;\">Rwanda Bourbon Huye Honey &#8211; kawa speciality z Afryki<\/p>\n<p style=\"text-align: justify;\">Stacja myj\u0105ca Simbi znajduje si\u0119 w dystrykcie Huye w po\u0142udniowej prowincji Rwandy i obs\u0142uguje 1475 drobnych plantator\u00f3w kawy, z kt\u00f3rych wszyscy uprawiaj\u0105 wysokiej jako\u015bci kaw\u0119 Arabica Red Bourbon.<\/p>\n<p style=\"text-align: justify;\">Simbi jest prywatn\u0105 stacj\u0105 prowadzon\u0105 przez Abdula Rudahung\u0119, kt\u00f3ry zosta\u0142 zainspirowany do rozpocz\u0119cia dzia\u0142alno\u015bci w bran\u017cy kawowej przez swoj\u0105 babci\u0119. By\u0142a ona r\u00f3wnie\u017c plantatorem kawy i jednym z niewielu rdzennych Rwandyjczyk\u00f3w, kt\u00f3rzy wypalali i delektowali si\u0119 w\u0142asn\u0105 kaw\u0105 jak cz\u0119\u015b\u0107 swojej codziennej rutyny.<\/p>\n<p style=\"text-align: justify;\">W pierwszym roku dzia\u0142alno\u015bci Simbi, pr\u00f3bka kawy zosta\u0142a zg\u0142oszona do konkursu Cup of Excellence i zaj\u0119\u0142a 9 miejsce, co by\u0142o niesamowitym osi\u0105gni\u0119ciem, bior\u0105c pod uwag\u0119 status nowicjusza. Takie wyr\u00f3\u017cnienie zainspirowa\u0142o w\u0142a\u015bcicieli do skupienia si\u0119 na utrzymaniu wysokiej jako\u015bci przy jednoczesnym zwi\u0119kszeniu produkcji.<\/p>\n<p style=\"text-align: justify;\">Stacja myj\u0105ca powsta\u0142a jeszcze w 2013 roku wraz z budow\u0105 zak\u0142adu przetw\u00f3rstwa owoc\u00f3w kawowca o wydajno\u015bci 300 ton metrycznych na sezon oraz rozw\u0142\u00f3kniacza o wydajno\u015bci 2,8 tony na godzin\u0119. Po rozw\u0142\u00f3knieniu \u015bwie\u017co dostarczonego owoca, kawa jest poddawana mokrej fermentacji, a nast\u0119pnie ziarna s\u0105 sortowane wed\u0142ug g\u0119sto\u015bci za pomoc\u0105 wype\u0142nionych wod\u0105 kana\u0142\u00f3w sortuj\u0105cych. Nast\u0119pnie jest proces suszenia, pod przykryciem przez 24 godziny, a potem przenoszenie na odkryte \u0142o\u017ca suszarnicze na \u015brednio 15 dni. W tym czasie kawa jest nieustannie sortowana r\u0119cznie przez kobiety, kt\u00f3re skrupulatnie usuwaj\u0105 wadliwe ziarna.<\/p>\n<p style=\"text-align: justify;\">Uprawa kawy w Rwandzie:<\/p>\n<p style=\"text-align: justify;\">Pomimo tragedii ludob\u00f3jstwa i wojny domowej, kt\u00f3ra wstrz\u0105sn\u0119\u0142a \u015bwiatem w 1994 roku, Rwanda jest niezwykle pi\u0119knym i bogatym kulturowo krajem, kt\u00f3ry produkuje r\u00f3wnie\u017c wyj\u0105tkowo dobr\u0105 kaw\u0119.<\/p>\n<p style=\"text-align: justify;\">W Rwandzie kawa przynios\u0142a nadziej\u0119 na lepsz\u0105 przysz\u0142o\u015b\u0107 od tamtych mrocznych dni, a kraj ten jest obecnie s\u0142usznie uznawany za najlepszego producenta wysokiej jako\u015bci kawy.<\/p>\n<p style=\"text-align: justify;\">W Rwandzie panuj\u0105 idealne warunki do uprawy kawy, takie jak du\u017ca wysoko\u015b\u0107 nad poziomem morza, regularne opady deszczu, wulkaniczne gleby o dobrej strukturze organicznej i obfito\u015b\u0107 drzew kawowca Bourbon.<br \/>\nZdecydowana wi\u0119kszo\u015b\u0107 rwandyjskiej kawy jest produkowana przez drobnych rolnik\u00f3w, kt\u00f3rych jest oko\u0142o p\u00f3\u0142 miliona, a dzia\u0142ki cz\u0119sto nie s\u0105 wi\u0119ksze ni\u017c jeden hektar na rodzin\u0119. Kawa uprawiana jest w wi\u0119kszo\u015bci region\u00f3w kraju, a szczeg\u00f3lnie du\u017ce skupiska znajduj\u0105 si\u0119 wzd\u0142u\u017c jeziora Kivu i w prowincji po\u0142udniowej.<\/p>\n<p style=\"text-align: justify;\">Rwandyjscy mali plantatorzy organizuj\u0105 si\u0119 w sp\u00f3\u0142dzielnie i korzystaj\u0105 z us\u0142ug scentralizowanych m\u0142yn\u00f3w obr\u00f3bki mokrej &#8211; lub stacji myj\u0105cych, jak si\u0119 je lokalnie nazywa.<\/p>\n<p style=\"text-align: justify;\">Rwanda Bourbon &#8211; kawa speciality :<\/p>\n<p style=\"text-align: justify;\">Ta odmiana pochodzi z wyspy Bourbon (obecnie znana jako wyspa Reunion) i jest mutacj\u0105 wczesnych gatunk\u00f3w Arabiki z Etiopii. Li\u015bcie s\u0105 szerokie, a czere\u015bnie mog\u0105 dojrzewa\u0107 w kolorze czerwonym, \u017c\u00f3\u0142tym lub pomara\u0144czowym. Ta odmiana jest znana z niesamowitej z\u0142o\u017conej kwasowo\u015bci i doskona\u0142ej r\u00f3wnowagi.<\/p>\n","protected":false},"excerpt":{"rendered":"<p style=\"text-align: justify;\"><span style=\"font-weight: 400;\">Simbi to stacja myj\u0105ca prowadzona przez Abdula Rudahung\u0119, kt\u00f3rego do rozpocz\u0119cia dzia\u0142alno\u015bci w bran\u017cy kawowej zainspirowa\u0142a jego babcia.<\/span><\/p>\n<p>&nbsp;<\/p>\n<p style=\"text-align: justify;\"><span style=\"font-weight: 400;\">By\u0142a ona r\u00f3wnie\u017c plantatorem kawy i jednym z niewielu rdzennych Rwandyjczyk\u00f3w, kt\u00f3ra wypala\u0142a i delektowa\u0142a si\u0119 w\u0142asn\u0105 kaw\u0105 w ramach codziennej rutyny.<\/span><\/p>\n<p style=\"text-align: justify;\"><span style=\"font-weight: 400;\">Pierwsze (!) zbiory przynios\u0142y plantacji 9 miejsce w Cup of Excellence.<\/span><\/p>\n<p>&nbsp;<\/p>\n<p style=\"text-align: justify;\"><span style=\"font-weight: 400;\">Odmiana ta pochodzi z wyspy Bourbon (obecnie Reunion) i jest mutacj\u0105 wczesnych gatunk\u00f3w Arabiki z Etiopii.<\/span><\/p>\n","protected":false},"featured_media":2600,"comment_status":"open","ping_status":"closed","template":"","meta":[],"product_cat":[629,96],"product_tag":[583,637,646,640],"class_list":{"0":"post-1162","1":"product","2":"type-product","3":"status-publish","4":"has-post-thumbnail","6":"product_brand-kopkopi","7":"product_cat-250-gram-pl","8":"product_cat-wypalona-kawa","9":"product_tag-fresh-pl","10":"product_tag-honey-process-pl","11":"product_tag-kawa-specialty","12":"product_tag-rwanda-pl","13":"pa_acidity-srednia","14":"pa_process-honey-pl","15":"pa_variatal-bourbon-pl","17":"first","18":"outofstock","19":"taxable","20":"shipping-taxable","21":"product-type-variable","22":"has-default-attributes"},"bundle_layout":"","bundle_add_to_cart_form_location":"","bundle_editable_in_cart":false,"bundle_sold_individually_context":"","bundle_item_grouping":"","bundle_min_size":"","bundle_max_size":"","bundled_by":[],"bundled_items":[],"yoast_head":"<!-- This site is optimized with the Yoast SEO plugin v23.8 - https:\/\/yoast.com\/wordpress\/plugins\/seo\/ -->\n<title>Rwanda Bourbon Huye Honey pod Filtr - kawa speciality KOPKOPI<\/title>\n<meta name=\"description\" content=\"Rwanda Bourbon - kawa speciality, charakteryzuj\u0105ca si\u0119 niesamowit\u0105 owocowo\u015bci\u0105, rze\u015bko\u015bci\u0105 smak\u00f3w i wspania\u0142\u0105, naturaln\u0105 s\u0142odycz\u0105.\" \/>\n<meta name=\"robots\" content=\"index, follow, max-snippet:-1, max-image-preview:large, max-video-preview:-1\" \/>\n<link rel=\"canonical\" href=\"https:\/\/kopkopi.com\/pl\/shop\/rwanda-kawa-speciality\/\" \/>\n<meta property=\"og:locale\" content=\"pl_PL\" \/>\n<meta property=\"og:type\" content=\"article\" \/>\n<meta property=\"og:title\" content=\"Rwanda Bourbon Huye Honey pod Filtr - kawa speciality KOPKOPI\" \/>\n<meta property=\"og:description\" content=\"Rwanda Bourbon - kawa speciality, charakteryzuj\u0105ca si\u0119 niesamowit\u0105 owocowo\u015bci\u0105, rze\u015bko\u015bci\u0105 smak\u00f3w i wspania\u0142\u0105, naturaln\u0105 s\u0142odycz\u0105.\" \/>\n<meta property=\"og:url\" content=\"https:\/\/kopkopi.com\/pl\/shop\/rwanda-kawa-speciality\/\" \/>\n<meta property=\"og:site_name\" content=\"KOPKOPI\" \/>\n<meta property=\"article:publisher\" content=\"https:\/\/www.facebook.com\/kopkopidotcom\" \/>\n<meta property=\"article:modified_time\" content=\"2026-04-02T09:57:02+00:00\" \/>\n<meta property=\"og:image\" content=\"https:\/\/kopkopi.com\/wp-content\/uploads\/2021\/02\/Bourbon_PL_Transparent.png\" \/>\n\t<meta property=\"og:image:width\" content=\"1280\" \/>\n\t<meta property=\"og:image:height\" content=\"1280\" \/>\n\t<meta property=\"og:image:type\" content=\"image\/png\" \/>\n<meta name=\"twitter:card\" content=\"summary_large_image\" \/>\n<meta name=\"twitter:site\" content=\"@kopkopidotcom\" \/>\n<meta name=\"twitter:label1\" content=\"Szacowany czas czytania\" \/>\n\t<meta name=\"twitter:data1\" content=\"2 minuty\" \/>\n<script type=\"application\/ld+json\" class=\"yoast-schema-graph\">{\"@context\":\"https:\/\/schema.org\",\"@graph\":[{\"@type\":[\"WebPage\",\"ItemPage\"],\"@id\":\"https:\/\/kopkopi.com\/pl\/shop\/rwanda-kawa-speciality\/\",\"url\":\"https:\/\/kopkopi.com\/pl\/shop\/rwanda-kawa-speciality\/\",\"name\":\"Rwanda Bourbon Huye Honey pod Filtr - kawa speciality KOPKOPI\",\"isPartOf\":{\"@id\":\"https:\/\/kopkopi.com\/#website\"},\"primaryImageOfPage\":{\"@id\":\"https:\/\/kopkopi.com\/pl\/shop\/rwanda-kawa-speciality\/#primaryimage\"},\"image\":{\"@id\":\"https:\/\/kopkopi.com\/pl\/shop\/rwanda-kawa-speciality\/#primaryimage\"},\"thumbnailUrl\":\"https:\/\/kopkopi.com\/wp-content\/uploads\/2021\/02\/Bourbon_PL_Transparent.png\",\"datePublished\":\"2021-02-01T21:10:21+00:00\",\"dateModified\":\"2026-04-02T09:57:02+00:00\",\"description\":\"Rwanda Bourbon - kawa speciality, charakteryzuj\u0105ca si\u0119 niesamowit\u0105 owocowo\u015bci\u0105, rze\u015bko\u015bci\u0105 smak\u00f3w i wspania\u0142\u0105, naturaln\u0105 s\u0142odycz\u0105.\",\"breadcrumb\":{\"@id\":\"https:\/\/kopkopi.com\/pl\/shop\/rwanda-kawa-speciality\/#breadcrumb\"},\"inLanguage\":\"pl-PL\",\"potentialAction\":[{\"@type\":\"ReadAction\",\"target\":[\"https:\/\/kopkopi.com\/pl\/shop\/rwanda-kawa-speciality\/\"]}]},{\"@type\":\"ImageObject\",\"inLanguage\":\"pl-PL\",\"@id\":\"https:\/\/kopkopi.com\/pl\/shop\/rwanda-kawa-speciality\/#primaryimage\",\"url\":\"https:\/\/kopkopi.com\/wp-content\/uploads\/2021\/02\/Bourbon_PL_Transparent.png\",\"contentUrl\":\"https:\/\/kopkopi.com\/wp-content\/uploads\/2021\/02\/Bourbon_PL_Transparent.png\",\"width\":1280,\"height\":1280},{\"@type\":\"BreadcrumbList\",\"@id\":\"https:\/\/kopkopi.com\/pl\/shop\/rwanda-kawa-speciality\/#breadcrumb\",\"itemListElement\":[{\"@type\":\"ListItem\",\"position\":1,\"name\":\"Home\",\"item\":\"https:\/\/kopkopi.com\/pl\/sklep\/\"},{\"@type\":\"ListItem\",\"position\":2,\"name\":\"SKLEP\",\"item\":\"https:\/\/kopkopi.com\/pl\/sklep\/\"},{\"@type\":\"ListItem\",\"position\":3,\"name\":\"Rwanda Bourbon Huye Honey pod Filtr\"}]},{\"@type\":\"WebSite\",\"@id\":\"https:\/\/kopkopi.com\/#website\",\"url\":\"https:\/\/kopkopi.com\/\",\"name\":\"KOPKOPI\",\"description\":\"COFFEE &amp; CULTURE\",\"publisher\":{\"@id\":\"https:\/\/kopkopi.com\/#organization\"},\"potentialAction\":[{\"@type\":\"SearchAction\",\"target\":{\"@type\":\"EntryPoint\",\"urlTemplate\":\"https:\/\/kopkopi.com\/?s={search_term_string}\"},\"query-input\":{\"@type\":\"PropertyValueSpecification\",\"valueRequired\":true,\"valueName\":\"search_term_string\"}}],\"inLanguage\":\"pl-PL\"},{\"@type\":\"Organization\",\"@id\":\"https:\/\/kopkopi.com\/#organization\",\"name\":\"KOPKOPI\",\"url\":\"https:\/\/kopkopi.com\/\",\"logo\":{\"@type\":\"ImageObject\",\"inLanguage\":\"pl-PL\",\"@id\":\"https:\/\/kopkopi.com\/#\/schema\/logo\/image\/\",\"url\":\"https:\/\/kopkopi.com\/wp-content\/uploads\/2021\/07\/FINAL-LOGO_DOUBLE-LINES_BLACK.png\",\"contentUrl\":\"https:\/\/kopkopi.com\/wp-content\/uploads\/2021\/07\/FINAL-LOGO_DOUBLE-LINES_BLACK.png\",\"width\":1280,\"height\":1280,\"caption\":\"KOPKOPI\"},\"image\":{\"@id\":\"https:\/\/kopkopi.com\/#\/schema\/logo\/image\/\"},\"sameAs\":[\"https:\/\/www.facebook.com\/kopkopidotcom\",\"https:\/\/x.com\/kopkopidotcom\"]}]}<\/script>\n<!-- \/ Yoast SEO plugin. -->","yoast_head_json":{"title":"Rwanda Bourbon Huye Honey pod Filtr - kawa speciality KOPKOPI","description":"Rwanda Bourbon - kawa speciality, charakteryzuj\u0105ca si\u0119 niesamowit\u0105 owocowo\u015bci\u0105, rze\u015bko\u015bci\u0105 smak\u00f3w i wspania\u0142\u0105, naturaln\u0105 s\u0142odycz\u0105.","robots":{"index":"index","follow":"follow","max-snippet":"max-snippet:-1","max-image-preview":"max-image-preview:large","max-video-preview":"max-video-preview:-1"},"canonical":"https:\/\/kopkopi.com\/pl\/shop\/rwanda-kawa-speciality\/","og_locale":"pl_PL","og_type":"article","og_title":"Rwanda Bourbon Huye Honey pod Filtr - kawa speciality KOPKOPI","og_description":"Rwanda Bourbon - kawa speciality, charakteryzuj\u0105ca si\u0119 niesamowit\u0105 owocowo\u015bci\u0105, rze\u015bko\u015bci\u0105 smak\u00f3w i wspania\u0142\u0105, naturaln\u0105 s\u0142odycz\u0105.","og_url":"https:\/\/kopkopi.com\/pl\/shop\/rwanda-kawa-speciality\/","og_site_name":"KOPKOPI","article_publisher":"https:\/\/www.facebook.com\/kopkopidotcom","article_modified_time":"2026-04-02T09:57:02+00:00","og_image":[{"width":1280,"height":1280,"url":"https:\/\/kopkopi.com\/wp-content\/uploads\/2021\/02\/Bourbon_PL_Transparent.png","type":"image\/png"}],"twitter_card":"summary_large_image","twitter_site":"@kopkopidotcom","twitter_misc":{"Szacowany czas czytania":"2 minuty"},"schema":{"@context":"https:\/\/schema.org","@graph":[{"@type":["WebPage","ItemPage"],"@id":"https:\/\/kopkopi.com\/pl\/shop\/rwanda-kawa-speciality\/","url":"https:\/\/kopkopi.com\/pl\/shop\/rwanda-kawa-speciality\/","name":"Rwanda Bourbon Huye Honey pod Filtr - kawa speciality KOPKOPI","isPartOf":{"@id":"https:\/\/kopkopi.com\/#website"},"primaryImageOfPage":{"@id":"https:\/\/kopkopi.com\/pl\/shop\/rwanda-kawa-speciality\/#primaryimage"},"image":{"@id":"https:\/\/kopkopi.com\/pl\/shop\/rwanda-kawa-speciality\/#primaryimage"},"thumbnailUrl":"https:\/\/kopkopi.com\/wp-content\/uploads\/2021\/02\/Bourbon_PL_Transparent.png","datePublished":"2021-02-01T21:10:21+00:00","dateModified":"2026-04-02T09:57:02+00:00","description":"Rwanda Bourbon - kawa speciality, charakteryzuj\u0105ca si\u0119 niesamowit\u0105 owocowo\u015bci\u0105, rze\u015bko\u015bci\u0105 smak\u00f3w i wspania\u0142\u0105, naturaln\u0105 s\u0142odycz\u0105.","breadcrumb":{"@id":"https:\/\/kopkopi.com\/pl\/shop\/rwanda-kawa-speciality\/#breadcrumb"},"inLanguage":"pl-PL","potentialAction":[{"@type":"ReadAction","target":["https:\/\/kopkopi.com\/pl\/shop\/rwanda-kawa-speciality\/"]}]},{"@type":"ImageObject","inLanguage":"pl-PL","@id":"https:\/\/kopkopi.com\/pl\/shop\/rwanda-kawa-speciality\/#primaryimage","url":"https:\/\/kopkopi.com\/wp-content\/uploads\/2021\/02\/Bourbon_PL_Transparent.png","contentUrl":"https:\/\/kopkopi.com\/wp-content\/uploads\/2021\/02\/Bourbon_PL_Transparent.png","width":1280,"height":1280},{"@type":"BreadcrumbList","@id":"https:\/\/kopkopi.com\/pl\/shop\/rwanda-kawa-speciality\/#breadcrumb","itemListElement":[{"@type":"ListItem","position":1,"name":"Home","item":"https:\/\/kopkopi.com\/pl\/sklep\/"},{"@type":"ListItem","position":2,"name":"SKLEP","item":"https:\/\/kopkopi.com\/pl\/sklep\/"},{"@type":"ListItem","position":3,"name":"Rwanda Bourbon Huye Honey pod Filtr"}]},{"@type":"WebSite","@id":"https:\/\/kopkopi.com\/#website","url":"https:\/\/kopkopi.com\/","name":"KOPKOPI","description":"COFFEE &amp; CULTURE","publisher":{"@id":"https:\/\/kopkopi.com\/#organization"},"potentialAction":[{"@type":"SearchAction","target":{"@type":"EntryPoint","urlTemplate":"https:\/\/kopkopi.com\/?s={search_term_string}"},"query-input":{"@type":"PropertyValueSpecification","valueRequired":true,"valueName":"search_term_string"}}],"inLanguage":"pl-PL"},{"@type":"Organization","@id":"https:\/\/kopkopi.com\/#organization","name":"KOPKOPI","url":"https:\/\/kopkopi.com\/","logo":{"@type":"ImageObject","inLanguage":"pl-PL","@id":"https:\/\/kopkopi.com\/#\/schema\/logo\/image\/","url":"https:\/\/kopkopi.com\/wp-content\/uploads\/2021\/07\/FINAL-LOGO_DOUBLE-LINES_BLACK.png","contentUrl":"https:\/\/kopkopi.com\/wp-content\/uploads\/2021\/07\/FINAL-LOGO_DOUBLE-LINES_BLACK.png","width":1280,"height":1280,"caption":"KOPKOPI"},"image":{"@id":"https:\/\/kopkopi.com\/#\/schema\/logo\/image\/"},"sameAs":["https:\/\/www.facebook.com\/kopkopidotcom","https:\/\/x.com\/kopkopidotcom"]}]}},"_links":{"self":[{"href":"https:\/\/kopkopi.com\/pl\/wp-json\/wp\/v2\/product\/1162","targetHints":{"allow":["GET"]}}],"collection":[{"href":"https:\/\/kopkopi.com\/pl\/wp-json\/wp\/v2\/product"}],"about":[{"href":"https:\/\/kopkopi.com\/pl\/wp-json\/wp\/v2\/types\/product"}],"replies":[{"embeddable":true,"href":"https:\/\/kopkopi.com\/pl\/wp-json\/wp\/v2\/comments?post=1162"}],"version-history":[{"count":1,"href":"https:\/\/kopkopi.com\/pl\/wp-json\/wp\/v2\/product\/1162\/revisions"}],"predecessor-version":[{"id":13995,"href":"https:\/\/kopkopi.com\/pl\/wp-json\/wp\/v2\/product\/1162\/revisions\/13995"}],"wp:featuredmedia":[{"embeddable":true,"href":"https:\/\/kopkopi.com\/pl\/wp-json\/wp\/v2\/media\/2600"}],"wp:attachment":[{"href":"https:\/\/kopkopi.com\/pl\/wp-json\/wp\/v2\/media?parent=1162"}],"wp:term":[{"taxonomy":"product_cat","embeddable":true,"href":"https:\/\/kopkopi.com\/pl\/wp-json\/wp\/v2\/product_cat?post=1162"},{"taxonomy":"product_tag","embeddable":true,"href":"https:\/\/kopkopi.com\/pl\/wp-json\/wp\/v2\/product_tag?post=1162"}],"curies":[{"name":"wp","href":"https:\/\/api.w.org\/{rel}","templated":true}]}}