{"id":12931,"date":"2021-09-20T10:11:51","date_gmt":"2021-09-20T09:11:52","guid":{"rendered":"https:\/\/kopkopi.com\/?post_type=product&#038;p=12931"},"modified":"2025-05-23T02:18:34","modified_gmt":"2025-05-23T01:18:34","slug":"kawa-speciality-gwatemala-tania","status":"publish","type":"product","link":"https:\/\/kopkopi.com\/pl\/shop\/kawa-speciality-gwatemala-tania\/","title":{"rendered":"Gwatemala La Paz Quich\u00e9 Washed 1KG pod Filtr"},"content":{"rendered":"<p style=\"text-align: justify;\">Kawa speciality i Gwatemala &#8211; te dwie frazy s\u0105 ze sob\u0105 po\u0142\u0105czone od dawna, gdy\u017c kraj ten jest wyznacznikiem jako\u015bci i dystynktywnych smak\u00f3w ziaren. Kawa z plantacji La Perla, kt\u00f3ra zdoby\u0142a Cup of Excellence.<\/p>\n<p>Finca La Perla (posiad\u0142o\u015b\u0107 La Perla) po\u0142o\u017cona w staro\u017cytnych g\u00f3rach departamentu El Quich\u00e9, miejsce z \u017cyznymi ziemiami i majestatycznym pi\u0119knem, wzbogacone obfit\u0105 wod\u0105 i \u201emikroklimatami\u201d pochodz\u0105cymi z Zatoki Meksyka\u0144skiej, zawsze stanowi\u0142o ogromne wyzwanie dla rodziny Arenas; zw\u0142aszcza ze wzgl\u0119du na odleg\u0142o\u015b\u0107, utrudniony dojazd, brak dr\u00f3g i nier\u00f3wny teren.<\/p>\n<p style=\"text-align: justify;\">Jednak dzi\u0119ki wizji, wytrwa\u0142o\u015bci, po\u015bwi\u0119ceniu, \u017cmudnej pracy, niezachwianej wierze i mi\u0142o\u015bci do ziemi i jej mieszka\u0144c\u00f3w, Jos\u00e9 Luis i Amparo Arenas \u201ePatriarchowie\u201d, dzi\u015b \u201eCisi Stra\u017cnicy\u201d ich dziedzictwa, dokonali niemo\u017cliwego: przemieniaj\u0105c ten niego\u015bcinny kawa\u0142 ziemi na pewnego rodzaju \u201eziemi\u0119 obiecan\u0105\u201d &#8211;\u00a0 miejsce nadziei, marze\u0144 i niewyobra\u017calnego spe\u0142nienia.<\/p>\n<p style=\"text-align: justify;\">La Perla zosta\u0142a za\u0142o\u017cona w 1895 roku przez rodzin\u0119 Arenas i znajduje si\u0119 w departamencie La Quiche w Gwatemali. El Quiche by\u0142 jednym z najbardziej dotkni\u0119tych region\u00f3w podczas wojny domowej w Gwatemali, a La Perla jest pami\u0119tana ze wspierania rdzennej ludno\u015bci Gwatemali w tym czasie.<\/p>\n<p style=\"text-align: justify;\">Bracia Arenas nadal aktywnie uczestnicz\u0105 w ruchu na rzecz rozwoju spo\u0142ecznego i gospodarczego pracownik\u00f3w Gwatemali. Wspieraj\u0105 s\u0105siednie miasta poprzez projekty zdrowotne i spo\u0142eczne oraz wdra\u017caj\u0105c w regionie bezp\u0142atne, przedsi\u0119biorcze \u015brodowiska pracy.<\/p>\n<p style=\"text-align: justify;\">Ta kawa jest dzi\u015b znana jako \u201eCafe de la Paz\u201d, czyli Kawa Pokoju.<\/p>\n<p style=\"text-align: justify;\">La Paz oznacza pok\u00f3j. KOPKOPI prezentuje kaw\u0119 pokoju z Gwatemali. Wspania\u0142\u0105 rzecz\u0105 w tej kawie jest r\u00f3wnowaga smak\u00f3w i owocowa soczysto\u015b\u0107. Ta plantacja przesz\u0142a przez morderstwa, wojny z si\u0142ami partyzanckimi, Guerilla Forces i Ronalda Reagana. Przeczytaj wi\u0119cej, aby dowiedzie\u0107 si\u0119 jak to wszystko jest po\u0142\u0105czone.<\/p>\n<p style=\"text-align: justify;\">To kawa SHB Fancy EP z Finca La Perla, odizolowanej farmy po\u0142o\u017conej na zachodnich wy\u017cynach Gwatemali.<\/p>\n<p style=\"text-align: justify;\">La Perla zosta\u0142a za\u0142o\u017cona w 1895 roku przez rodzin\u0119 Arenas i znajduje si\u0119 w departamencie La Quiche w Gwatemali. El Quiche by\u0142 jednym z najbardziej dotkni\u0119tych region\u00f3w podczas wojny domowej w Gwatemali, a La Perla jest pami\u0119tana ze wspierania rdzennej ludno\u015bci Gwatemali w tym czasie.<\/p>\n<p style=\"text-align: justify;\">Bracia Arenas nadal aktywnie uczestnicz\u0105 w ruchu na rzecz rozwoju spo\u0142ecznego i gospodarczego pracownik\u00f3w Gwatemali. Wspieraj\u0105 s\u0105siednie miasta poprzez projekty zdrowotne i spo\u0142eczne oraz wdra\u017caj\u0105c w regionie bezp\u0142atne, przedsi\u0119biorcze \u015brodowiska pracy.<\/p>\n<p style=\"text-align: justify;\">Ta kawa jest dzi\u015b znana jako \u201eCafe de la Paz\u201d, czyli Kawa Pokoju.<\/p>\n<p>Kawa Speciality Gwatemala<\/p>\n","protected":false},"excerpt":{"rendered":"<p style=\"text-align: justify;\">La Paz oznacza pok\u00f3j. KOPKOPI prezentuje kaw\u0119 pokoju z Gwatemali. Wspania\u0142\u0105 rzecz\u0105 w tej kawie jest r\u00f3wnowaga smak\u00f3w i owocowa soczysto\u015b\u0107. Ta plantacja przesz\u0142a przez morderstwa, wojny z si\u0142ami partyzanckimi, Guerilla Forces i Ronalda Reagana. Przeczytaj wi\u0119cej, aby dowiedzie\u0107 si\u0119 jak to wszystko jest po\u0142\u0105czone.<\/p>\n<p>&nbsp;<\/p>\n<p style=\"text-align: justify;\">To kawa SHB Fancy EP z Finca La Perla, odizolowanej farmy po\u0142o\u017conej na zachodnich wy\u017cynach Gwatemali.<\/p>\n<p style=\"text-align: justify;\">La Perla zosta\u0142a za\u0142o\u017cona w 1895 roku przez rodzin\u0119 Arenas i znajduje si\u0119 w departamencie La Quiche w Gwatemali. El Quiche by\u0142 jednym z najbardziej dotkni\u0119tych region\u00f3w podczas wojny domowej w Gwatemali, a La Perla jest pami\u0119tana ze wspierania rdzennej ludno\u015bci Gwatemali w tym czasie.<\/p>\n<p style=\"text-align: justify;\">Bracia Arenas nadal aktywnie uczestnicz\u0105 w ruchu na rzecz rozwoju spo\u0142ecznego i gospodarczego pracownik\u00f3w Gwatemali. Wspieraj\u0105 s\u0105siednie miasta poprzez projekty zdrowotne i spo\u0142eczne oraz wdra\u017caj\u0105c w regionie bezp\u0142atne, przedsi\u0119biorcze \u015brodowiska pracy.<\/p>\n<p style=\"text-align: justify;\">Ta kawa jest dzi\u015b znana jako \u201eCafe de la Paz\u201d, czyli Kawa Pokoju.<\/p>\n<p>&nbsp;<\/p>\n","protected":false},"featured_media":13409,"comment_status":"open","ping_status":"closed","template":"","meta":[],"product_cat":[628,96],"product_tag":[583,636,646,648],"class_list":{"0":"post-12931","1":"product","2":"type-product","3":"status-publish","4":"has-post-thumbnail","6":"product_brand-kopkopi","7":"product_cat-1kg-pl","8":"product_cat-wypalona-kawa","9":"product_tag-fresh-pl","10":"product_tag-guatemala-pl","11":"product_tag-kawa-specialty","12":"product_tag-mita","13":"product_shipping_class-singlepack-pl","14":"pa_acidity-srednia","15":"pa_process-washed-pl","16":"pa_variatal-bourbon-pl","18":"first","19":"outofstock","20":"taxable","21":"shipping-taxable","22":"purchasable","23":"product-type-variable","24":"has-default-attributes"},"bundle_layout":"","bundle_add_to_cart_form_location":"","bundle_editable_in_cart":false,"bundle_sold_individually_context":"","bundle_item_grouping":"","bundle_min_size":"","bundle_max_size":"","bundled_by":[],"bundled_items":[],"yoast_head":"<!-- This site is optimized with the Yoast SEO plugin v23.8 - https:\/\/yoast.com\/wordpress\/plugins\/seo\/ -->\n<title>Kawa speciality Gwatemala - Gwatemala La Paz Quich\u00e9 Washed 1KG pod Filtr - KOPKOPI<\/title>\n<meta name=\"description\" content=\"Kawa speciality Gwatemala - odkryj jej r\u00f3wnowag\u0119 smak\u00f3w i owocow\u0105 soczysto\u015b\u0107. Spr\u00f3buj &quot;Cafe de La Paz&quot; - czyli kawy pokoju.\" \/>\n<meta name=\"robots\" content=\"index, follow, max-snippet:-1, max-image-preview:large, max-video-preview:-1\" \/>\n<link rel=\"canonical\" href=\"https:\/\/kopkopi.com\/pl\/shop\/kawa-speciality-gwatemala-tania\/\" \/>\n<meta property=\"og:locale\" content=\"pl_PL\" \/>\n<meta property=\"og:type\" content=\"article\" \/>\n<meta property=\"og:title\" content=\"Kawa speciality Gwatemala - Gwatemala La Paz Quich\u00e9 Washed 1KG pod Filtr - KOPKOPI\" \/>\n<meta property=\"og:description\" content=\"Kawa speciality Gwatemala - odkryj jej r\u00f3wnowag\u0119 smak\u00f3w i owocow\u0105 soczysto\u015b\u0107. Spr\u00f3buj &quot;Cafe de La Paz&quot; - czyli kawy pokoju.\" \/>\n<meta property=\"og:url\" content=\"https:\/\/kopkopi.com\/pl\/shop\/kawa-speciality-gwatemala-tania\/\" \/>\n<meta property=\"og:site_name\" content=\"KOPKOPI\" \/>\n<meta property=\"article:publisher\" content=\"https:\/\/www.facebook.com\/kopkopidotcom\" \/>\n<meta property=\"article:modified_time\" content=\"2025-05-23T01:18:34+00:00\" \/>\n<meta property=\"og:image\" content=\"https:\/\/kopkopi.com\/wp-content\/uploads\/2021\/09\/1KG_LA_PAZ_PL_FRONT.png\" \/>\n\t<meta property=\"og:image:width\" content=\"1500\" \/>\n\t<meta property=\"og:image:height\" content=\"1500\" \/>\n\t<meta property=\"og:image:type\" content=\"image\/png\" \/>\n<meta name=\"twitter:card\" content=\"summary_large_image\" \/>\n<meta name=\"twitter:site\" content=\"@kopkopidotcom\" \/>\n<meta name=\"twitter:label1\" content=\"Szacowany czas czytania\" \/>\n\t<meta name=\"twitter:data1\" content=\"2 minuty\" \/>\n<script type=\"application\/ld+json\" class=\"yoast-schema-graph\">{\"@context\":\"https:\/\/schema.org\",\"@graph\":[{\"@type\":[\"WebPage\",\"ItemPage\"],\"@id\":\"https:\/\/kopkopi.com\/pl\/shop\/kawa-speciality-gwatemala-tania\/\",\"url\":\"https:\/\/kopkopi.com\/pl\/shop\/kawa-speciality-gwatemala-tania\/\",\"name\":\"Kawa speciality Gwatemala - Gwatemala La Paz Quich\u00e9 Washed 1KG pod Filtr - KOPKOPI\",\"isPartOf\":{\"@id\":\"https:\/\/kopkopi.com\/#website\"},\"primaryImageOfPage\":{\"@id\":\"https:\/\/kopkopi.com\/pl\/shop\/kawa-speciality-gwatemala-tania\/#primaryimage\"},\"image\":{\"@id\":\"https:\/\/kopkopi.com\/pl\/shop\/kawa-speciality-gwatemala-tania\/#primaryimage\"},\"thumbnailUrl\":\"https:\/\/kopkopi.com\/wp-content\/uploads\/2021\/09\/1KG_LA_PAZ_PL_FRONT.png\",\"datePublished\":\"2021-09-20T09:11:52+00:00\",\"dateModified\":\"2025-05-23T01:18:34+00:00\",\"description\":\"Kawa speciality Gwatemala - odkryj jej r\u00f3wnowag\u0119 smak\u00f3w i owocow\u0105 soczysto\u015b\u0107. Spr\u00f3buj \\\"Cafe de La Paz\\\" - czyli kawy pokoju.\",\"breadcrumb\":{\"@id\":\"https:\/\/kopkopi.com\/pl\/shop\/kawa-speciality-gwatemala-tania\/#breadcrumb\"},\"inLanguage\":\"pl-PL\",\"potentialAction\":[{\"@type\":\"ReadAction\",\"target\":[\"https:\/\/kopkopi.com\/pl\/shop\/kawa-speciality-gwatemala-tania\/\"]}]},{\"@type\":\"ImageObject\",\"inLanguage\":\"pl-PL\",\"@id\":\"https:\/\/kopkopi.com\/pl\/shop\/kawa-speciality-gwatemala-tania\/#primaryimage\",\"url\":\"https:\/\/kopkopi.com\/wp-content\/uploads\/2021\/09\/1KG_LA_PAZ_PL_FRONT.png\",\"contentUrl\":\"https:\/\/kopkopi.com\/wp-content\/uploads\/2021\/09\/1KG_LA_PAZ_PL_FRONT.png\",\"width\":1500,\"height\":1500},{\"@type\":\"BreadcrumbList\",\"@id\":\"https:\/\/kopkopi.com\/pl\/shop\/kawa-speciality-gwatemala-tania\/#breadcrumb\",\"itemListElement\":[{\"@type\":\"ListItem\",\"position\":1,\"name\":\"Home\",\"item\":\"https:\/\/kopkopi.com\/pl\/sklep\/\"},{\"@type\":\"ListItem\",\"position\":2,\"name\":\"SKLEP\",\"item\":\"https:\/\/kopkopi.com\/pl\/sklep\/\"},{\"@type\":\"ListItem\",\"position\":3,\"name\":\"Gwatemala La Paz Quich\u00e9 Washed 1KG pod Filtr\"}]},{\"@type\":\"WebSite\",\"@id\":\"https:\/\/kopkopi.com\/#website\",\"url\":\"https:\/\/kopkopi.com\/\",\"name\":\"KOPKOPI\",\"description\":\"COFFEE &amp; CULTURE\",\"publisher\":{\"@id\":\"https:\/\/kopkopi.com\/#organization\"},\"potentialAction\":[{\"@type\":\"SearchAction\",\"target\":{\"@type\":\"EntryPoint\",\"urlTemplate\":\"https:\/\/kopkopi.com\/?s={search_term_string}\"},\"query-input\":{\"@type\":\"PropertyValueSpecification\",\"valueRequired\":true,\"valueName\":\"search_term_string\"}}],\"inLanguage\":\"pl-PL\"},{\"@type\":\"Organization\",\"@id\":\"https:\/\/kopkopi.com\/#organization\",\"name\":\"KOPKOPI\",\"url\":\"https:\/\/kopkopi.com\/\",\"logo\":{\"@type\":\"ImageObject\",\"inLanguage\":\"pl-PL\",\"@id\":\"https:\/\/kopkopi.com\/#\/schema\/logo\/image\/\",\"url\":\"https:\/\/kopkopi.com\/wp-content\/uploads\/2021\/07\/FINAL-LOGO_DOUBLE-LINES_BLACK.png\",\"contentUrl\":\"https:\/\/kopkopi.com\/wp-content\/uploads\/2021\/07\/FINAL-LOGO_DOUBLE-LINES_BLACK.png\",\"width\":1280,\"height\":1280,\"caption\":\"KOPKOPI\"},\"image\":{\"@id\":\"https:\/\/kopkopi.com\/#\/schema\/logo\/image\/\"},\"sameAs\":[\"https:\/\/www.facebook.com\/kopkopidotcom\",\"https:\/\/x.com\/kopkopidotcom\"]}]}<\/script>\n<!-- \/ Yoast SEO plugin. -->","yoast_head_json":{"title":"Kawa speciality Gwatemala - Gwatemala La Paz Quich\u00e9 Washed 1KG pod Filtr - KOPKOPI","description":"Kawa speciality Gwatemala - odkryj jej r\u00f3wnowag\u0119 smak\u00f3w i owocow\u0105 soczysto\u015b\u0107. Spr\u00f3buj \"Cafe de La Paz\" - czyli kawy pokoju.","robots":{"index":"index","follow":"follow","max-snippet":"max-snippet:-1","max-image-preview":"max-image-preview:large","max-video-preview":"max-video-preview:-1"},"canonical":"https:\/\/kopkopi.com\/pl\/shop\/kawa-speciality-gwatemala-tania\/","og_locale":"pl_PL","og_type":"article","og_title":"Kawa speciality Gwatemala - Gwatemala La Paz Quich\u00e9 Washed 1KG pod Filtr - KOPKOPI","og_description":"Kawa speciality Gwatemala - odkryj jej r\u00f3wnowag\u0119 smak\u00f3w i owocow\u0105 soczysto\u015b\u0107. Spr\u00f3buj \"Cafe de La Paz\" - czyli kawy pokoju.","og_url":"https:\/\/kopkopi.com\/pl\/shop\/kawa-speciality-gwatemala-tania\/","og_site_name":"KOPKOPI","article_publisher":"https:\/\/www.facebook.com\/kopkopidotcom","article_modified_time":"2025-05-23T01:18:34+00:00","og_image":[{"width":1500,"height":1500,"url":"https:\/\/kopkopi.com\/wp-content\/uploads\/2021\/09\/1KG_LA_PAZ_PL_FRONT.png","type":"image\/png"}],"twitter_card":"summary_large_image","twitter_site":"@kopkopidotcom","twitter_misc":{"Szacowany czas czytania":"2 minuty"},"schema":{"@context":"https:\/\/schema.org","@graph":[{"@type":["WebPage","ItemPage"],"@id":"https:\/\/kopkopi.com\/pl\/shop\/kawa-speciality-gwatemala-tania\/","url":"https:\/\/kopkopi.com\/pl\/shop\/kawa-speciality-gwatemala-tania\/","name":"Kawa speciality Gwatemala - Gwatemala La Paz Quich\u00e9 Washed 1KG pod Filtr - KOPKOPI","isPartOf":{"@id":"https:\/\/kopkopi.com\/#website"},"primaryImageOfPage":{"@id":"https:\/\/kopkopi.com\/pl\/shop\/kawa-speciality-gwatemala-tania\/#primaryimage"},"image":{"@id":"https:\/\/kopkopi.com\/pl\/shop\/kawa-speciality-gwatemala-tania\/#primaryimage"},"thumbnailUrl":"https:\/\/kopkopi.com\/wp-content\/uploads\/2021\/09\/1KG_LA_PAZ_PL_FRONT.png","datePublished":"2021-09-20T09:11:52+00:00","dateModified":"2025-05-23T01:18:34+00:00","description":"Kawa speciality Gwatemala - odkryj jej r\u00f3wnowag\u0119 smak\u00f3w i owocow\u0105 soczysto\u015b\u0107. Spr\u00f3buj \"Cafe de La Paz\" - czyli kawy pokoju.","breadcrumb":{"@id":"https:\/\/kopkopi.com\/pl\/shop\/kawa-speciality-gwatemala-tania\/#breadcrumb"},"inLanguage":"pl-PL","potentialAction":[{"@type":"ReadAction","target":["https:\/\/kopkopi.com\/pl\/shop\/kawa-speciality-gwatemala-tania\/"]}]},{"@type":"ImageObject","inLanguage":"pl-PL","@id":"https:\/\/kopkopi.com\/pl\/shop\/kawa-speciality-gwatemala-tania\/#primaryimage","url":"https:\/\/kopkopi.com\/wp-content\/uploads\/2021\/09\/1KG_LA_PAZ_PL_FRONT.png","contentUrl":"https:\/\/kopkopi.com\/wp-content\/uploads\/2021\/09\/1KG_LA_PAZ_PL_FRONT.png","width":1500,"height":1500},{"@type":"BreadcrumbList","@id":"https:\/\/kopkopi.com\/pl\/shop\/kawa-speciality-gwatemala-tania\/#breadcrumb","itemListElement":[{"@type":"ListItem","position":1,"name":"Home","item":"https:\/\/kopkopi.com\/pl\/sklep\/"},{"@type":"ListItem","position":2,"name":"SKLEP","item":"https:\/\/kopkopi.com\/pl\/sklep\/"},{"@type":"ListItem","position":3,"name":"Gwatemala La Paz Quich\u00e9 Washed 1KG pod Filtr"}]},{"@type":"WebSite","@id":"https:\/\/kopkopi.com\/#website","url":"https:\/\/kopkopi.com\/","name":"KOPKOPI","description":"COFFEE &amp; CULTURE","publisher":{"@id":"https:\/\/kopkopi.com\/#organization"},"potentialAction":[{"@type":"SearchAction","target":{"@type":"EntryPoint","urlTemplate":"https:\/\/kopkopi.com\/?s={search_term_string}"},"query-input":{"@type":"PropertyValueSpecification","valueRequired":true,"valueName":"search_term_string"}}],"inLanguage":"pl-PL"},{"@type":"Organization","@id":"https:\/\/kopkopi.com\/#organization","name":"KOPKOPI","url":"https:\/\/kopkopi.com\/","logo":{"@type":"ImageObject","inLanguage":"pl-PL","@id":"https:\/\/kopkopi.com\/#\/schema\/logo\/image\/","url":"https:\/\/kopkopi.com\/wp-content\/uploads\/2021\/07\/FINAL-LOGO_DOUBLE-LINES_BLACK.png","contentUrl":"https:\/\/kopkopi.com\/wp-content\/uploads\/2021\/07\/FINAL-LOGO_DOUBLE-LINES_BLACK.png","width":1280,"height":1280,"caption":"KOPKOPI"},"image":{"@id":"https:\/\/kopkopi.com\/#\/schema\/logo\/image\/"},"sameAs":["https:\/\/www.facebook.com\/kopkopidotcom","https:\/\/x.com\/kopkopidotcom"]}]}},"_links":{"self":[{"href":"https:\/\/kopkopi.com\/pl\/wp-json\/wp\/v2\/product\/12931","targetHints":{"allow":["GET"]}}],"collection":[{"href":"https:\/\/kopkopi.com\/pl\/wp-json\/wp\/v2\/product"}],"about":[{"href":"https:\/\/kopkopi.com\/pl\/wp-json\/wp\/v2\/types\/product"}],"replies":[{"embeddable":true,"href":"https:\/\/kopkopi.com\/pl\/wp-json\/wp\/v2\/comments?post=12931"}],"version-history":[{"count":0,"href":"https:\/\/kopkopi.com\/pl\/wp-json\/wp\/v2\/product\/12931\/revisions"}],"wp:featuredmedia":[{"embeddable":true,"href":"https:\/\/kopkopi.com\/pl\/wp-json\/wp\/v2\/media\/13409"}],"wp:attachment":[{"href":"https:\/\/kopkopi.com\/pl\/wp-json\/wp\/v2\/media?parent=12931"}],"wp:term":[{"taxonomy":"product_cat","embeddable":true,"href":"https:\/\/kopkopi.com\/pl\/wp-json\/wp\/v2\/product_cat?post=12931"},{"taxonomy":"product_tag","embeddable":true,"href":"https:\/\/kopkopi.com\/pl\/wp-json\/wp\/v2\/product_tag?post=12931"}],"curies":[{"name":"wp","href":"https:\/\/api.w.org\/{rel}","templated":true}]}}