{"id":13355,"date":"2021-09-23T13:08:53","date_gmt":"2021-09-23T12:08:53","guid":{"rendered":"https:\/\/kopkopi.com\/shop\/hario-v60-02-paper-filters-100-pieces\/"},"modified":"2026-04-05T03:01:56","modified_gmt":"2026-04-05T02:01:56","slug":"hario-v60-02-filtry-papierowe-100-szt","status":"publish","type":"product","link":"https:\/\/kopkopi.com\/pl\/shop\/hario-v60-02-filtry-papierowe-100-szt\/","title":{"rendered":"Hario V60-02 FILTRY PAPIEROWE 100 szt."},"content":{"rendered":"<p>Papierowe filtry do Hario V60-02, 100 sztuk.<\/p>\n<p>Czy cenisz sobie pi\u0119kn\u0105 fili\u017cank\u0119 kawy bez posmaku papieru? Filtry papierowe V60 zosta\u0142y specjalnie zaprojektowane, aby wspiera\u0107 metod\u0119 parzenia V60. Tak wi\u0119c, je\u015bli lubisz przygotowywa\u0107 swoj\u0105 kaw\u0119 z drippera V60, wa\u017cne jest, aby robi\u0107 to dobrze z filtrami Hario V60 o zerowym smaku papieru.<\/p>\n<p>Filtry papierowe V60 maj\u0105 kszta\u0142t litery V, dzi\u0119ki czemu idealnie pasuj\u0105 do dripper\u00f3w w rozmiarze 02. Pozwala to na wi\u0119kszy przep\u0142yw powietrza podczas procesu ekstrakcji kawy. Te papierowe filtry Hario V60-02 wspomagaj\u0105 metod\u0119 parzenia V60, aby uzyska\u0107 wyrazist\u0105 kaw\u0119, kt\u00f3r\u0105 pokochasz. S\u0105 one wykonane z niebielonego papieru. Wynik jest drobny i wybitny fili\u017cank\u0119 kawy. Ka\u017cde opakowanie zawiera 100 filtrow dla V60-02 dripper\u00f3w Hario.<\/p>\n<p>Przed dodaniem kawy do drippera nale\u017cy zawsze zwil\u017cy\u0107 filtr, zalewaj\u0105c go gor\u0105c\u0105 wod\u0105. Dzi\u0119ki temu smak kawy b\u0119dzie za ka\u017cdym razem bez papieru.<\/p>\n","protected":false},"excerpt":{"rendered":"<p>Papierowe filtry do Hario V60-02, 100 sztuk.<\/p>\n<p>Czy cenisz sobie pi\u0119kn\u0105 fili\u017cank\u0119 kawy bez posmaku papieru? Filtry papierowe V60 zosta\u0142y specjalnie zaprojektowane, aby wspiera\u0107 metod\u0119 parzenia V60. Tak wi\u0119c, je\u015bli lubisz przygotowywa\u0107 swoj\u0105 kaw\u0119 z drippera V60, wa\u017cne jest, aby robi\u0107 to dobrze z filtrami Hario V60 o zerowym smaku papieru.<\/p>\n<p>Filtry papierowe V60 maj\u0105 kszta\u0142t litery V, dzi\u0119ki czemu idealnie pasuj\u0105 do dripper\u00f3w w rozmiarze 02. Pozwala to na wi\u0119kszy przep\u0142yw powietrza podczas procesu ekstrakcji kawy. Filtry te wspomagaj\u0105 metod\u0119 parzenia V60, aby uzyska\u0107 wyrazist\u0105 kaw\u0119, kt\u00f3r\u0105 pokochasz. S\u0105 one wykonane z niebielonego papieru. Ka\u017cde opakowanie zawiera 100 bibu\u0142ek filtracyjnych dla dripper\u00f3w V60-02.<\/p>\n<p>Przed wsypaniem kawy do drippera nale\u017cy zawsze zwil\u017cy\u0107 filtr, zalewaj\u0105c go gor\u0105c\u0105 wod\u0105. Dzi\u0119ki temu smak kawy b\u0119dzie za ka\u017cdym razem bez papieru.<\/p>\n","protected":false},"featured_media":13367,"comment_status":"open","ping_status":"closed","template":"elementor_theme","meta":[],"product_cat":[663,665],"product_tag":[668,669],"class_list":{"0":"post-13355","1":"product","2":"type-product","3":"status-publish","4":"has-post-thumbnail","6":"product_brand-hario","7":"product_cat-filtry","8":"product_cat-filtry-v60","9":"product_tag-filters-pl","10":"product_tag-v60-pl","11":"product_shipping_class-singlepack-pl","13":"first","14":"instock","15":"taxable","16":"shipping-taxable","17":"purchasable","18":"product-type-simple"},"bundle_layout":"","bundle_add_to_cart_form_location":"","bundle_editable_in_cart":false,"bundle_sold_individually_context":"","bundle_item_grouping":"","bundle_min_size":"","bundle_max_size":"","bundled_by":[],"bundled_items":[],"yoast_head":"<!-- This site is optimized with the Yoast SEO plugin v23.8 - https:\/\/yoast.com\/wordpress\/plugins\/seo\/ -->\n<title>Hario V60-02 FILTRY PAPIEROWE 100 szt. - KOPKOPI<\/title>\n<meta name=\"description\" content=\"FILTRY HARIO V60-02, 100 sztuk. Cenisz sobie pi\u0119kn\u0105 fili\u017cank\u0119 kawy bez posmaku papieru? Wybierz te filtry, specjalnie zaprojektowane do Hario\" \/>\n<meta name=\"robots\" content=\"index, follow, max-snippet:-1, max-image-preview:large, max-video-preview:-1\" \/>\n<link rel=\"canonical\" href=\"https:\/\/kopkopi.com\/pl\/shop\/hario-v60-02-filtry-papierowe-100-szt\/\" \/>\n<meta property=\"og:locale\" content=\"pl_PL\" \/>\n<meta property=\"og:type\" content=\"article\" \/>\n<meta property=\"og:title\" content=\"Hario V60-02 FILTRY PAPIEROWE 100 szt. - KOPKOPI\" \/>\n<meta property=\"og:description\" content=\"FILTRY HARIO V60-02, 100 sztuk. Cenisz sobie pi\u0119kn\u0105 fili\u017cank\u0119 kawy bez posmaku papieru? Wybierz te filtry, specjalnie zaprojektowane do Hario\" \/>\n<meta property=\"og:url\" content=\"https:\/\/kopkopi.com\/pl\/shop\/hario-v60-02-filtry-papierowe-100-szt\/\" \/>\n<meta property=\"og:site_name\" content=\"KOPKOPI\" \/>\n<meta property=\"article:publisher\" content=\"https:\/\/www.facebook.com\/kopkopidotcom\" \/>\n<meta property=\"article:modified_time\" content=\"2026-04-05T02:01:56+00:00\" \/>\n<meta property=\"og:image\" content=\"https:\/\/kopkopi.com\/wp-content\/uploads\/2021\/09\/V60-Website.png\" \/>\n\t<meta property=\"og:image:width\" content=\"2000\" \/>\n\t<meta property=\"og:image:height\" content=\"2000\" \/>\n\t<meta property=\"og:image:type\" content=\"image\/png\" \/>\n<meta name=\"twitter:card\" content=\"summary_large_image\" \/>\n<meta name=\"twitter:site\" content=\"@kopkopidotcom\" \/>\n<meta name=\"twitter:label1\" content=\"Szacowany czas czytania\" \/>\n\t<meta name=\"twitter:data1\" content=\"1 minuta\" \/>\n<script type=\"application\/ld+json\" class=\"yoast-schema-graph\">{\"@context\":\"https:\/\/schema.org\",\"@graph\":[{\"@type\":[\"WebPage\",\"ItemPage\"],\"@id\":\"https:\/\/kopkopi.com\/pl\/shop\/hario-v60-02-filtry-papierowe-100-szt\/\",\"url\":\"https:\/\/kopkopi.com\/pl\/shop\/hario-v60-02-filtry-papierowe-100-szt\/\",\"name\":\"Hario V60-02 FILTRY PAPIEROWE 100 szt. - KOPKOPI\",\"isPartOf\":{\"@id\":\"https:\/\/kopkopi.com\/#website\"},\"primaryImageOfPage\":{\"@id\":\"https:\/\/kopkopi.com\/pl\/shop\/hario-v60-02-filtry-papierowe-100-szt\/#primaryimage\"},\"image\":{\"@id\":\"https:\/\/kopkopi.com\/pl\/shop\/hario-v60-02-filtry-papierowe-100-szt\/#primaryimage\"},\"thumbnailUrl\":\"https:\/\/kopkopi.com\/wp-content\/uploads\/2021\/09\/V60-Website.png\",\"datePublished\":\"2021-09-23T12:08:53+00:00\",\"dateModified\":\"2026-04-05T02:01:56+00:00\",\"description\":\"FILTRY HARIO V60-02, 100 sztuk. Cenisz sobie pi\u0119kn\u0105 fili\u017cank\u0119 kawy bez posmaku papieru? Wybierz te filtry, specjalnie zaprojektowane do Hario\",\"breadcrumb\":{\"@id\":\"https:\/\/kopkopi.com\/pl\/shop\/hario-v60-02-filtry-papierowe-100-szt\/#breadcrumb\"},\"inLanguage\":\"pl-PL\",\"potentialAction\":[{\"@type\":\"ReadAction\",\"target\":[\"https:\/\/kopkopi.com\/pl\/shop\/hario-v60-02-filtry-papierowe-100-szt\/\"]}]},{\"@type\":\"ImageObject\",\"inLanguage\":\"pl-PL\",\"@id\":\"https:\/\/kopkopi.com\/pl\/shop\/hario-v60-02-filtry-papierowe-100-szt\/#primaryimage\",\"url\":\"https:\/\/kopkopi.com\/wp-content\/uploads\/2021\/09\/V60-Website.png\",\"contentUrl\":\"https:\/\/kopkopi.com\/wp-content\/uploads\/2021\/09\/V60-Website.png\",\"width\":2000,\"height\":2000},{\"@type\":\"BreadcrumbList\",\"@id\":\"https:\/\/kopkopi.com\/pl\/shop\/hario-v60-02-filtry-papierowe-100-szt\/#breadcrumb\",\"itemListElement\":[{\"@type\":\"ListItem\",\"position\":1,\"name\":\"Home\",\"item\":\"https:\/\/kopkopi.com\/pl\/sklep\/\"},{\"@type\":\"ListItem\",\"position\":2,\"name\":\"SKLEP\",\"item\":\"https:\/\/kopkopi.com\/pl\/sklep\/\"},{\"@type\":\"ListItem\",\"position\":3,\"name\":\"Hario V60-02 FILTRY PAPIEROWE 100 szt.\"}]},{\"@type\":\"WebSite\",\"@id\":\"https:\/\/kopkopi.com\/#website\",\"url\":\"https:\/\/kopkopi.com\/\",\"name\":\"KOPKOPI\",\"description\":\"COFFEE &amp; CULTURE\",\"publisher\":{\"@id\":\"https:\/\/kopkopi.com\/#organization\"},\"potentialAction\":[{\"@type\":\"SearchAction\",\"target\":{\"@type\":\"EntryPoint\",\"urlTemplate\":\"https:\/\/kopkopi.com\/?s={search_term_string}\"},\"query-input\":{\"@type\":\"PropertyValueSpecification\",\"valueRequired\":true,\"valueName\":\"search_term_string\"}}],\"inLanguage\":\"pl-PL\"},{\"@type\":\"Organization\",\"@id\":\"https:\/\/kopkopi.com\/#organization\",\"name\":\"KOPKOPI\",\"url\":\"https:\/\/kopkopi.com\/\",\"logo\":{\"@type\":\"ImageObject\",\"inLanguage\":\"pl-PL\",\"@id\":\"https:\/\/kopkopi.com\/#\/schema\/logo\/image\/\",\"url\":\"https:\/\/kopkopi.com\/wp-content\/uploads\/2021\/07\/FINAL-LOGO_DOUBLE-LINES_BLACK.png\",\"contentUrl\":\"https:\/\/kopkopi.com\/wp-content\/uploads\/2021\/07\/FINAL-LOGO_DOUBLE-LINES_BLACK.png\",\"width\":1280,\"height\":1280,\"caption\":\"KOPKOPI\"},\"image\":{\"@id\":\"https:\/\/kopkopi.com\/#\/schema\/logo\/image\/\"},\"sameAs\":[\"https:\/\/www.facebook.com\/kopkopidotcom\",\"https:\/\/x.com\/kopkopidotcom\"]}]}<\/script>\n<!-- \/ Yoast SEO plugin. -->","yoast_head_json":{"title":"Hario V60-02 FILTRY PAPIEROWE 100 szt. - KOPKOPI","description":"FILTRY HARIO V60-02, 100 sztuk. Cenisz sobie pi\u0119kn\u0105 fili\u017cank\u0119 kawy bez posmaku papieru? Wybierz te filtry, specjalnie zaprojektowane do Hario","robots":{"index":"index","follow":"follow","max-snippet":"max-snippet:-1","max-image-preview":"max-image-preview:large","max-video-preview":"max-video-preview:-1"},"canonical":"https:\/\/kopkopi.com\/pl\/shop\/hario-v60-02-filtry-papierowe-100-szt\/","og_locale":"pl_PL","og_type":"article","og_title":"Hario V60-02 FILTRY PAPIEROWE 100 szt. - KOPKOPI","og_description":"FILTRY HARIO V60-02, 100 sztuk. Cenisz sobie pi\u0119kn\u0105 fili\u017cank\u0119 kawy bez posmaku papieru? Wybierz te filtry, specjalnie zaprojektowane do Hario","og_url":"https:\/\/kopkopi.com\/pl\/shop\/hario-v60-02-filtry-papierowe-100-szt\/","og_site_name":"KOPKOPI","article_publisher":"https:\/\/www.facebook.com\/kopkopidotcom","article_modified_time":"2026-04-05T02:01:56+00:00","og_image":[{"width":2000,"height":2000,"url":"https:\/\/kopkopi.com\/wp-content\/uploads\/2021\/09\/V60-Website.png","type":"image\/png"}],"twitter_card":"summary_large_image","twitter_site":"@kopkopidotcom","twitter_misc":{"Szacowany czas czytania":"1 minuta"},"schema":{"@context":"https:\/\/schema.org","@graph":[{"@type":["WebPage","ItemPage"],"@id":"https:\/\/kopkopi.com\/pl\/shop\/hario-v60-02-filtry-papierowe-100-szt\/","url":"https:\/\/kopkopi.com\/pl\/shop\/hario-v60-02-filtry-papierowe-100-szt\/","name":"Hario V60-02 FILTRY PAPIEROWE 100 szt. - KOPKOPI","isPartOf":{"@id":"https:\/\/kopkopi.com\/#website"},"primaryImageOfPage":{"@id":"https:\/\/kopkopi.com\/pl\/shop\/hario-v60-02-filtry-papierowe-100-szt\/#primaryimage"},"image":{"@id":"https:\/\/kopkopi.com\/pl\/shop\/hario-v60-02-filtry-papierowe-100-szt\/#primaryimage"},"thumbnailUrl":"https:\/\/kopkopi.com\/wp-content\/uploads\/2021\/09\/V60-Website.png","datePublished":"2021-09-23T12:08:53+00:00","dateModified":"2026-04-05T02:01:56+00:00","description":"FILTRY HARIO V60-02, 100 sztuk. Cenisz sobie pi\u0119kn\u0105 fili\u017cank\u0119 kawy bez posmaku papieru? Wybierz te filtry, specjalnie zaprojektowane do Hario","breadcrumb":{"@id":"https:\/\/kopkopi.com\/pl\/shop\/hario-v60-02-filtry-papierowe-100-szt\/#breadcrumb"},"inLanguage":"pl-PL","potentialAction":[{"@type":"ReadAction","target":["https:\/\/kopkopi.com\/pl\/shop\/hario-v60-02-filtry-papierowe-100-szt\/"]}]},{"@type":"ImageObject","inLanguage":"pl-PL","@id":"https:\/\/kopkopi.com\/pl\/shop\/hario-v60-02-filtry-papierowe-100-szt\/#primaryimage","url":"https:\/\/kopkopi.com\/wp-content\/uploads\/2021\/09\/V60-Website.png","contentUrl":"https:\/\/kopkopi.com\/wp-content\/uploads\/2021\/09\/V60-Website.png","width":2000,"height":2000},{"@type":"BreadcrumbList","@id":"https:\/\/kopkopi.com\/pl\/shop\/hario-v60-02-filtry-papierowe-100-szt\/#breadcrumb","itemListElement":[{"@type":"ListItem","position":1,"name":"Home","item":"https:\/\/kopkopi.com\/pl\/sklep\/"},{"@type":"ListItem","position":2,"name":"SKLEP","item":"https:\/\/kopkopi.com\/pl\/sklep\/"},{"@type":"ListItem","position":3,"name":"Hario V60-02 FILTRY PAPIEROWE 100 szt."}]},{"@type":"WebSite","@id":"https:\/\/kopkopi.com\/#website","url":"https:\/\/kopkopi.com\/","name":"KOPKOPI","description":"COFFEE &amp; CULTURE","publisher":{"@id":"https:\/\/kopkopi.com\/#organization"},"potentialAction":[{"@type":"SearchAction","target":{"@type":"EntryPoint","urlTemplate":"https:\/\/kopkopi.com\/?s={search_term_string}"},"query-input":{"@type":"PropertyValueSpecification","valueRequired":true,"valueName":"search_term_string"}}],"inLanguage":"pl-PL"},{"@type":"Organization","@id":"https:\/\/kopkopi.com\/#organization","name":"KOPKOPI","url":"https:\/\/kopkopi.com\/","logo":{"@type":"ImageObject","inLanguage":"pl-PL","@id":"https:\/\/kopkopi.com\/#\/schema\/logo\/image\/","url":"https:\/\/kopkopi.com\/wp-content\/uploads\/2021\/07\/FINAL-LOGO_DOUBLE-LINES_BLACK.png","contentUrl":"https:\/\/kopkopi.com\/wp-content\/uploads\/2021\/07\/FINAL-LOGO_DOUBLE-LINES_BLACK.png","width":1280,"height":1280,"caption":"KOPKOPI"},"image":{"@id":"https:\/\/kopkopi.com\/#\/schema\/logo\/image\/"},"sameAs":["https:\/\/www.facebook.com\/kopkopidotcom","https:\/\/x.com\/kopkopidotcom"]}]}},"_links":{"self":[{"href":"https:\/\/kopkopi.com\/pl\/wp-json\/wp\/v2\/product\/13355","targetHints":{"allow":["GET"]}}],"collection":[{"href":"https:\/\/kopkopi.com\/pl\/wp-json\/wp\/v2\/product"}],"about":[{"href":"https:\/\/kopkopi.com\/pl\/wp-json\/wp\/v2\/types\/product"}],"replies":[{"embeddable":true,"href":"https:\/\/kopkopi.com\/pl\/wp-json\/wp\/v2\/comments?post=13355"}],"version-history":[{"count":0,"href":"https:\/\/kopkopi.com\/pl\/wp-json\/wp\/v2\/product\/13355\/revisions"}],"wp:featuredmedia":[{"embeddable":true,"href":"https:\/\/kopkopi.com\/pl\/wp-json\/wp\/v2\/media\/13367"}],"wp:attachment":[{"href":"https:\/\/kopkopi.com\/pl\/wp-json\/wp\/v2\/media?parent=13355"}],"wp:term":[{"taxonomy":"product_cat","embeddable":true,"href":"https:\/\/kopkopi.com\/pl\/wp-json\/wp\/v2\/product_cat?post=13355"},{"taxonomy":"product_tag","embeddable":true,"href":"https:\/\/kopkopi.com\/pl\/wp-json\/wp\/v2\/product_tag?post=13355"}],"curies":[{"name":"wp","href":"https:\/\/api.w.org\/{rel}","templated":true}]}}