{"id":13361,"date":"2021-09-23T13:17:30","date_gmt":"2021-09-23T12:17:30","guid":{"rendered":"https:\/\/kopkopi.com\/?post_type=product&#038;p=13361"},"modified":"2025-05-23T03:39:20","modified_gmt":"2025-05-23T02:39:20","slug":"papierowe-filtry-aeropress-350-szt","status":"publish","type":"product","link":"https:\/\/kopkopi.com\/pl\/shop\/papierowe-filtry-aeropress-350-szt\/","title":{"rendered":"Papierowe Filtry Aeropress 350szt."},"content":{"rendered":"<p>Papierowe Filtry Aeropress 350szt., drobnoporowate i bezsmakowe. Oryginalne filtry papierowe Aeropress do ekspresu Aerobie Aeropress<\/p>\n<ul>\n<li>350 neutralnych smakowo filtr\u00f3w papierowych do ekspresu do kawy AeroPress<\/li>\n<li>Delikatnie porowate i bezsmakowe<\/li>\n<li>Wybielane tlenem<\/li>\n<\/ul>\n<p>Aby jeszcze bardziej poprawi\u0107 jako\u015b\u0107 kawy, zalecamy przep\u0142ukanie papieru gor\u0105c\u0105 wod\u0105 przed u\u017cyciem. Pozwoli to zminimalizowa\u0107 przedostawanie si\u0119 smaku papieru do ko\u0144cowego naparu.<\/p>\n<p>&nbsp;<\/p>\n<p>Te papierowe filtry Aeropress, zestaw 350szt. pozwoli Tobie na przygotowanie 350 kaw.<\/p>\n","protected":false},"excerpt":{"rendered":"<p>Drobnoporowate i bezsmakowe oryginalne filtry papierowe Aeropress do ekspresu Aerobie Aeropress<\/p>\n<ul>\n<li>350 neutralnych smakowo filtr\u00f3w papierowych do ekspresu do kawy AeroPress<\/li>\n<li>Delikatnie porowate i bezsmakowe<\/li>\n<li>Wybielane tlenem<\/li>\n<\/ul>\n<p>Aby jeszcze bardziej poprawi\u0107 jako\u015b\u0107 kawy, zalecamy przep\u0142ukanie papieru gor\u0105c\u0105 wod\u0105 przed u\u017cyciem. Pozwoli to zminimalizowa\u0107 przedostawanie si\u0119 smaku papieru do ko\u0144cowego naparu<\/p>\n","protected":false},"featured_media":13363,"comment_status":"open","ping_status":"closed","template":"elementor_theme","meta":[],"product_cat":[663,664],"product_tag":[672,668],"class_list":{"0":"post-13361","1":"product","2":"type-product","3":"status-publish","4":"has-post-thumbnail","6":"product_brand-aeropress","7":"product_cat-filtry","8":"product_cat-filtry-aeropress","9":"product_tag-aeropress-pl-2","10":"product_tag-filters-pl","11":"product_shipping_class-singlepack-pl","13":"first","14":"instock","15":"taxable","16":"shipping-taxable","17":"purchasable","18":"product-type-simple"},"bundle_layout":"","bundle_add_to_cart_form_location":"","bundle_editable_in_cart":false,"bundle_sold_individually_context":"","bundle_item_grouping":"","bundle_min_size":"","bundle_max_size":"","bundled_by":[],"bundled_items":[],"yoast_head":"<!-- This site is optimized with the Yoast SEO plugin v23.8 - https:\/\/yoast.com\/wordpress\/plugins\/seo\/ -->\n<title>Papierowe Filtry Aeropress 350szt. - KOPKOPI<\/title>\n<meta name=\"description\" content=\"Papierowe filtry Aeropress do ekspresu Aerobie Aeropress, opakowanie 350szt. Oryginalne, made in USA. Ciesz si\u0119 swoj\u0105 idealn\u0105 kaw\u0105!\" \/>\n<meta name=\"robots\" content=\"index, follow, max-snippet:-1, max-image-preview:large, max-video-preview:-1\" \/>\n<link rel=\"canonical\" href=\"https:\/\/kopkopi.com\/pl\/shop\/papierowe-filtry-aeropress-350-szt\/\" \/>\n<meta property=\"og:locale\" content=\"pl_PL\" \/>\n<meta property=\"og:type\" content=\"article\" \/>\n<meta property=\"og:title\" content=\"Papierowe Filtry Aeropress 350szt. - KOPKOPI\" \/>\n<meta property=\"og:description\" content=\"Papierowe filtry Aeropress do ekspresu Aerobie Aeropress, opakowanie 350szt. Oryginalne, made in USA. Ciesz si\u0119 swoj\u0105 idealn\u0105 kaw\u0105!\" \/>\n<meta property=\"og:url\" content=\"https:\/\/kopkopi.com\/pl\/shop\/papierowe-filtry-aeropress-350-szt\/\" \/>\n<meta property=\"og:site_name\" content=\"KOPKOPI\" \/>\n<meta property=\"article:publisher\" content=\"https:\/\/www.facebook.com\/kopkopidotcom\" \/>\n<meta property=\"article:modified_time\" content=\"2025-05-23T02:39:20+00:00\" \/>\n<meta property=\"og:image\" content=\"https:\/\/kopkopi.com\/wp-content\/uploads\/2021\/09\/Aeropress-Website.png\" \/>\n\t<meta property=\"og:image:width\" content=\"2000\" \/>\n\t<meta property=\"og:image:height\" content=\"2000\" \/>\n\t<meta property=\"og:image:type\" content=\"image\/png\" \/>\n<meta name=\"twitter:card\" content=\"summary_large_image\" \/>\n<meta name=\"twitter:site\" content=\"@kopkopidotcom\" \/>\n<meta name=\"twitter:label1\" content=\"Szacowany czas czytania\" \/>\n\t<meta name=\"twitter:data1\" content=\"1 minuta\" \/>\n<script type=\"application\/ld+json\" class=\"yoast-schema-graph\">{\"@context\":\"https:\/\/schema.org\",\"@graph\":[{\"@type\":[\"WebPage\",\"ItemPage\"],\"@id\":\"https:\/\/kopkopi.com\/pl\/shop\/papierowe-filtry-aeropress-350-szt\/\",\"url\":\"https:\/\/kopkopi.com\/pl\/shop\/papierowe-filtry-aeropress-350-szt\/\",\"name\":\"Papierowe Filtry Aeropress 350szt. - KOPKOPI\",\"isPartOf\":{\"@id\":\"https:\/\/kopkopi.com\/#website\"},\"primaryImageOfPage\":{\"@id\":\"https:\/\/kopkopi.com\/pl\/shop\/papierowe-filtry-aeropress-350-szt\/#primaryimage\"},\"image\":{\"@id\":\"https:\/\/kopkopi.com\/pl\/shop\/papierowe-filtry-aeropress-350-szt\/#primaryimage\"},\"thumbnailUrl\":\"https:\/\/kopkopi.com\/wp-content\/uploads\/2021\/09\/Aeropress-Website.png\",\"datePublished\":\"2021-09-23T12:17:30+00:00\",\"dateModified\":\"2025-05-23T02:39:20+00:00\",\"description\":\"Papierowe filtry Aeropress do ekspresu Aerobie Aeropress, opakowanie 350szt. Oryginalne, made in USA. Ciesz si\u0119 swoj\u0105 idealn\u0105 kaw\u0105!\",\"breadcrumb\":{\"@id\":\"https:\/\/kopkopi.com\/pl\/shop\/papierowe-filtry-aeropress-350-szt\/#breadcrumb\"},\"inLanguage\":\"pl-PL\",\"potentialAction\":[{\"@type\":\"ReadAction\",\"target\":[\"https:\/\/kopkopi.com\/pl\/shop\/papierowe-filtry-aeropress-350-szt\/\"]}]},{\"@type\":\"ImageObject\",\"inLanguage\":\"pl-PL\",\"@id\":\"https:\/\/kopkopi.com\/pl\/shop\/papierowe-filtry-aeropress-350-szt\/#primaryimage\",\"url\":\"https:\/\/kopkopi.com\/wp-content\/uploads\/2021\/09\/Aeropress-Website.png\",\"contentUrl\":\"https:\/\/kopkopi.com\/wp-content\/uploads\/2021\/09\/Aeropress-Website.png\",\"width\":2000,\"height\":2000},{\"@type\":\"BreadcrumbList\",\"@id\":\"https:\/\/kopkopi.com\/pl\/shop\/papierowe-filtry-aeropress-350-szt\/#breadcrumb\",\"itemListElement\":[{\"@type\":\"ListItem\",\"position\":1,\"name\":\"Home\",\"item\":\"https:\/\/kopkopi.com\/pl\/sklep\/\"},{\"@type\":\"ListItem\",\"position\":2,\"name\":\"SKLEP\",\"item\":\"https:\/\/kopkopi.com\/pl\/sklep\/\"},{\"@type\":\"ListItem\",\"position\":3,\"name\":\"Papierowe Filtry Aeropress 350szt.\"}]},{\"@type\":\"WebSite\",\"@id\":\"https:\/\/kopkopi.com\/#website\",\"url\":\"https:\/\/kopkopi.com\/\",\"name\":\"KOPKOPI\",\"description\":\"COFFEE &amp; CULTURE\",\"publisher\":{\"@id\":\"https:\/\/kopkopi.com\/#organization\"},\"potentialAction\":[{\"@type\":\"SearchAction\",\"target\":{\"@type\":\"EntryPoint\",\"urlTemplate\":\"https:\/\/kopkopi.com\/?s={search_term_string}\"},\"query-input\":{\"@type\":\"PropertyValueSpecification\",\"valueRequired\":true,\"valueName\":\"search_term_string\"}}],\"inLanguage\":\"pl-PL\"},{\"@type\":\"Organization\",\"@id\":\"https:\/\/kopkopi.com\/#organization\",\"name\":\"KOPKOPI\",\"url\":\"https:\/\/kopkopi.com\/\",\"logo\":{\"@type\":\"ImageObject\",\"inLanguage\":\"pl-PL\",\"@id\":\"https:\/\/kopkopi.com\/#\/schema\/logo\/image\/\",\"url\":\"https:\/\/kopkopi.com\/wp-content\/uploads\/2021\/07\/FINAL-LOGO_DOUBLE-LINES_BLACK.png\",\"contentUrl\":\"https:\/\/kopkopi.com\/wp-content\/uploads\/2021\/07\/FINAL-LOGO_DOUBLE-LINES_BLACK.png\",\"width\":1280,\"height\":1280,\"caption\":\"KOPKOPI\"},\"image\":{\"@id\":\"https:\/\/kopkopi.com\/#\/schema\/logo\/image\/\"},\"sameAs\":[\"https:\/\/www.facebook.com\/kopkopidotcom\",\"https:\/\/x.com\/kopkopidotcom\"]}]}<\/script>\n<!-- \/ Yoast SEO plugin. -->","yoast_head_json":{"title":"Papierowe Filtry Aeropress 350szt. - KOPKOPI","description":"Papierowe filtry Aeropress do ekspresu Aerobie Aeropress, opakowanie 350szt. Oryginalne, made in USA. Ciesz si\u0119 swoj\u0105 idealn\u0105 kaw\u0105!","robots":{"index":"index","follow":"follow","max-snippet":"max-snippet:-1","max-image-preview":"max-image-preview:large","max-video-preview":"max-video-preview:-1"},"canonical":"https:\/\/kopkopi.com\/pl\/shop\/papierowe-filtry-aeropress-350-szt\/","og_locale":"pl_PL","og_type":"article","og_title":"Papierowe Filtry Aeropress 350szt. - KOPKOPI","og_description":"Papierowe filtry Aeropress do ekspresu Aerobie Aeropress, opakowanie 350szt. Oryginalne, made in USA. Ciesz si\u0119 swoj\u0105 idealn\u0105 kaw\u0105!","og_url":"https:\/\/kopkopi.com\/pl\/shop\/papierowe-filtry-aeropress-350-szt\/","og_site_name":"KOPKOPI","article_publisher":"https:\/\/www.facebook.com\/kopkopidotcom","article_modified_time":"2025-05-23T02:39:20+00:00","og_image":[{"width":2000,"height":2000,"url":"https:\/\/kopkopi.com\/wp-content\/uploads\/2021\/09\/Aeropress-Website.png","type":"image\/png"}],"twitter_card":"summary_large_image","twitter_site":"@kopkopidotcom","twitter_misc":{"Szacowany czas czytania":"1 minuta"},"schema":{"@context":"https:\/\/schema.org","@graph":[{"@type":["WebPage","ItemPage"],"@id":"https:\/\/kopkopi.com\/pl\/shop\/papierowe-filtry-aeropress-350-szt\/","url":"https:\/\/kopkopi.com\/pl\/shop\/papierowe-filtry-aeropress-350-szt\/","name":"Papierowe Filtry Aeropress 350szt. - KOPKOPI","isPartOf":{"@id":"https:\/\/kopkopi.com\/#website"},"primaryImageOfPage":{"@id":"https:\/\/kopkopi.com\/pl\/shop\/papierowe-filtry-aeropress-350-szt\/#primaryimage"},"image":{"@id":"https:\/\/kopkopi.com\/pl\/shop\/papierowe-filtry-aeropress-350-szt\/#primaryimage"},"thumbnailUrl":"https:\/\/kopkopi.com\/wp-content\/uploads\/2021\/09\/Aeropress-Website.png","datePublished":"2021-09-23T12:17:30+00:00","dateModified":"2025-05-23T02:39:20+00:00","description":"Papierowe filtry Aeropress do ekspresu Aerobie Aeropress, opakowanie 350szt. Oryginalne, made in USA. Ciesz si\u0119 swoj\u0105 idealn\u0105 kaw\u0105!","breadcrumb":{"@id":"https:\/\/kopkopi.com\/pl\/shop\/papierowe-filtry-aeropress-350-szt\/#breadcrumb"},"inLanguage":"pl-PL","potentialAction":[{"@type":"ReadAction","target":["https:\/\/kopkopi.com\/pl\/shop\/papierowe-filtry-aeropress-350-szt\/"]}]},{"@type":"ImageObject","inLanguage":"pl-PL","@id":"https:\/\/kopkopi.com\/pl\/shop\/papierowe-filtry-aeropress-350-szt\/#primaryimage","url":"https:\/\/kopkopi.com\/wp-content\/uploads\/2021\/09\/Aeropress-Website.png","contentUrl":"https:\/\/kopkopi.com\/wp-content\/uploads\/2021\/09\/Aeropress-Website.png","width":2000,"height":2000},{"@type":"BreadcrumbList","@id":"https:\/\/kopkopi.com\/pl\/shop\/papierowe-filtry-aeropress-350-szt\/#breadcrumb","itemListElement":[{"@type":"ListItem","position":1,"name":"Home","item":"https:\/\/kopkopi.com\/pl\/sklep\/"},{"@type":"ListItem","position":2,"name":"SKLEP","item":"https:\/\/kopkopi.com\/pl\/sklep\/"},{"@type":"ListItem","position":3,"name":"Papierowe Filtry Aeropress 350szt."}]},{"@type":"WebSite","@id":"https:\/\/kopkopi.com\/#website","url":"https:\/\/kopkopi.com\/","name":"KOPKOPI","description":"COFFEE &amp; CULTURE","publisher":{"@id":"https:\/\/kopkopi.com\/#organization"},"potentialAction":[{"@type":"SearchAction","target":{"@type":"EntryPoint","urlTemplate":"https:\/\/kopkopi.com\/?s={search_term_string}"},"query-input":{"@type":"PropertyValueSpecification","valueRequired":true,"valueName":"search_term_string"}}],"inLanguage":"pl-PL"},{"@type":"Organization","@id":"https:\/\/kopkopi.com\/#organization","name":"KOPKOPI","url":"https:\/\/kopkopi.com\/","logo":{"@type":"ImageObject","inLanguage":"pl-PL","@id":"https:\/\/kopkopi.com\/#\/schema\/logo\/image\/","url":"https:\/\/kopkopi.com\/wp-content\/uploads\/2021\/07\/FINAL-LOGO_DOUBLE-LINES_BLACK.png","contentUrl":"https:\/\/kopkopi.com\/wp-content\/uploads\/2021\/07\/FINAL-LOGO_DOUBLE-LINES_BLACK.png","width":1280,"height":1280,"caption":"KOPKOPI"},"image":{"@id":"https:\/\/kopkopi.com\/#\/schema\/logo\/image\/"},"sameAs":["https:\/\/www.facebook.com\/kopkopidotcom","https:\/\/x.com\/kopkopidotcom"]}]}},"_links":{"self":[{"href":"https:\/\/kopkopi.com\/pl\/wp-json\/wp\/v2\/product\/13361","targetHints":{"allow":["GET"]}}],"collection":[{"href":"https:\/\/kopkopi.com\/pl\/wp-json\/wp\/v2\/product"}],"about":[{"href":"https:\/\/kopkopi.com\/pl\/wp-json\/wp\/v2\/types\/product"}],"replies":[{"embeddable":true,"href":"https:\/\/kopkopi.com\/pl\/wp-json\/wp\/v2\/comments?post=13361"}],"version-history":[{"count":0,"href":"https:\/\/kopkopi.com\/pl\/wp-json\/wp\/v2\/product\/13361\/revisions"}],"wp:featuredmedia":[{"embeddable":true,"href":"https:\/\/kopkopi.com\/pl\/wp-json\/wp\/v2\/media\/13363"}],"wp:attachment":[{"href":"https:\/\/kopkopi.com\/pl\/wp-json\/wp\/v2\/media?parent=13361"}],"wp:term":[{"taxonomy":"product_cat","embeddable":true,"href":"https:\/\/kopkopi.com\/pl\/wp-json\/wp\/v2\/product_cat?post=13361"},{"taxonomy":"product_tag","embeddable":true,"href":"https:\/\/kopkopi.com\/pl\/wp-json\/wp\/v2\/product_tag?post=13361"}],"curies":[{"name":"wp","href":"https:\/\/api.w.org\/{rel}","templated":true}]}}