{"id":1447,"date":"2021-01-30T21:55:31","date_gmt":"2021-01-30T20:55:31","guid":{"rendered":"https:\/\/kopkopi.com\/shop\/1900-rosa-2x-wash\/"},"modified":"2025-05-02T05:01:04","modified_gmt":"2025-05-02T04:01:04","slug":"kostaryka-kawa-speciality","status":"publish","type":"product","link":"https:\/\/kopkopi.com\/pl\/shop\/kostaryka-kawa-speciality\/","title":{"rendered":"Kostaryka 1900 Rosa Double wash pod Filtr i Espresso"},"content":{"rendered":"<p style=\"text-align: justify;\">Kostaryka, 1900 Rosa z regionu Tarrazu &#8211; to niesamowita kawa po obr\u00f3bce double wash.<\/p>\n<p>Kawa Efraina Naranjo z Kostaryki, przetwarzana w kenijskim procesie double soak. \u2063\u2063<br \/>\n\u2063\u2063<br \/>\nPochodzi z mikro-m\u0142yna Santa Rosa, po\u0142o\u017conego w g\u00f3rskim regionie Tarrazu, kt\u00f3rego w\u0142a\u015bcicielami s\u0105 Efrain &#8222;Macho&#8221; i jego syn Herberth Naranjo. M\u0142yn przetwarza kaw\u0119 z kilku ma\u0142ych gospodarstw nale\u017c\u0105cych do rodziny Naranjo.\u2063\u2063<br \/>\n\u2063\u2063<br \/>\nTen lot Red Catuai jest przetwarzany w nieco dziwny spos\u00f3b w por\u00f3wnaniu z wi\u0119kszo\u015bci\u0105 upraw w Kostaryce. Je\u015bli lubisz myt\u0105 obr\u00f3bk\u0119, pokochasz t\u0119 podw\u00f3jnie myt\u0105 kaw\u0119 &#8211; nuty kwiatowo-cukrowe na pocz\u0105tku i czarna herbata z cudown\u0105 kwasowo\u015bci\u0105 cytrus\u00f3w.\u00a0\u2063\u2063<br \/>\n\u2063\u2063<\/p>\n<p style=\"text-align: justify;\">Mikrom\u0142yn Santa Rosa stosuje zr\u00f3wnowa\u017cone \u015brodowiskowo praktyki konserwacyjne, wykorzystuj\u0105c nowoczesne \u201eekologiczne m\u0142yny\u201d oraz rygorystyczne standardy suszenia na patio i w podwy\u017cszonym \u0142\u00f3\u017cku. Kostaryka ma bardzo surowe prawo dotycz\u0105ce przetwarzania kawy w celu oszcz\u0119dzania wody, a ekologiczne m\u0142yny zu\u017cywaj\u0105 o 75% mniej wody ni\u017c tradycyjne m\u0142yny depulpowe.<\/p>\n<p>Kostaryka &#8211; to kraj, z kt\u00f3rego regionu Tarrazu kawa &#8211; 1900 Rosa zdoby\u0142a nagrod\u0119 International Cup of Excellence Award w 2013 (miejsce 11), 2014 (miejsce 14) i <strong><a href=\"https:\/\/www.allianceforcoffeeexcellence.org\/en\/cup-of-excellence\/country-programs\/costa-rica-program\/2015\/\">zaj\u0119\u0142a 9 miejsce w 2015 roku<\/a><\/strong><\/p>\n<p style=\"text-align: justify;\">Ze wzgl\u0119du na wysokie po\u0142o\u017cenie m\u0142yna, rodzina Naranjo ma to szcz\u0119\u015bcie, \u017ce posiada dost\u0119p do ma\u0142ego g\u00f3rskiego strumienia, kt\u00f3ry zapewnia im obfite dostawy \u015bwie\u017cej wody. Oznacza to, \u017ce s\u0105 oni jednym z niewielu m\u0142yn\u00f3w w Kostaryce, kt\u00f3re s\u0105 w stanie przeprowadzi\u0107 proces pe\u0142nego mycia.\u2063\u2063<\/p>\n<p>&nbsp;<\/p>\n<p><b>Ich cel<\/b><\/p>\n<p>Produkowa\u0107, zbiera\u0107, przetwarza\u0107 i eksportowa\u0107 wysokiej jako\u015bci zr\u00f3\u017cnicowan\u0105 kaw\u0119 w ramach systemu zr\u00f3wnowa\u017conego rozwoju \u015brodowiska.<\/p>\n<p><b>Ich misja<\/b><\/p>\n<p>By\u0107 wiod\u0105c\u0105 mikroprzedsi\u0119biorstwem, producentem i przetw\u00f3rc\u0105 wysokiej jako\u015bci kawy, zaspokajaj\u0105cym potrzeby konsument\u00f3w z zachowaniem odpowiedzialno\u015bci spo\u0142ecznej i ekologicznej.<\/p>\n<p><b>Ich wizja<\/b><\/p>\n<p>By\u0107 solidnym, sta\u0142ym i rozpoznawalnym w kraju mikroprzedsi\u0119biorstwem oraz mi\u0119dzynarodowym przedsi\u0119biorstwem oferuj\u0105cym produkt najwy\u017cszej jako\u015bci.<\/p>\n<p>&nbsp;<\/p>\n<p>Finca Macho &#8211; Proces: Podw\u00f3jne mycie &#8211; polega na pozostawieniu owoc\u00f3w kawowca na 24 godziny w zbiorniku odbiorczym, po czym jest ona pozbawiana mi\u0105\u017cszu i myta mechanicznie. Nast\u0119pnie jest transportowana do innego zbiornika z wod\u0105 na 24 godziny.<\/p>\n<p style=\"text-align: justify;\">W tym czasie kawa jest ca\u0142kowicie pod wod\u0105 i w cieniu, temperatura nigdy nie przekracza 10-14 stopni Celsjusza. Na koniec kawa ta jest suszona na afryka\u0144skich \u0142\u00f3\u017ckach przez 9 dni.<\/p>\n<p>&nbsp;<\/p>\n","protected":false},"excerpt":{"rendered":"<p><span style=\"font-weight: 400;\">Kostaryka\u0144ska kawa Efraina Naranjo, kt\u00f3ra jest przetwarzana przy u\u017cyciu kenijskiego procesu double soak. Pochodzi z plantacji Santa Rosa, po\u0142o\u017conej w g\u00f3rzystym regionie Tarrazu, nale\u017c\u0105cej do Efraina &#8222;Macho&#8221; i jego syna Herbertha.<\/span><\/p>\n<p><span style=\"font-weight: 400;\">Ten lot Red Catuai jest przetwarzany nieco dziwn\u0105 metod\u0105 w por\u00f3wnaniu z wi\u0119kszo\u015bci\u0105 upraw w Kostaryce. Je\u015bli lubisz obr\u00f3bk\u0119 myt\u0105, pokochasz kaw\u0119 podw\u00f3jnie myt\u0105 &#8211; nuty kwiatowe na pocz\u0105tku i otulaj\u0105ca s\u0142odycz sernika z orzechami laskowymi, polanego syropem klonowym.\u00a0<\/span><\/p>\n","protected":false},"featured_media":2609,"comment_status":"open","ping_status":"closed","template":"","meta":[],"product_cat":[629,96],"product_tag":[280,281,583,690,282],"class_list":{"0":"post-1447","1":"product","2":"type-product","3":"status-publish","4":"has-post-thumbnail","6":"product_brand-kopkopi","7":"product_cat-250-gram-pl","8":"product_cat-wypalona-kawa","9":"product_tag-costa-rica-pl","10":"product_tag-double-washed-pl","11":"product_tag-fresh-pl","12":"product_tag-hp-pl","13":"product_tag-special-washes-pl","14":"pa_acidity-srednia","15":"pa_process-double-wash-pl","16":"pa_roast-date-01-02-2025-pl","17":"pa_variatal-red-catuai-pl","19":"first","20":"outofstock","21":"sale","22":"taxable","23":"shipping-taxable","24":"purchasable","25":"product-type-variable","26":"has-default-attributes"},"bundle_layout":"","bundle_add_to_cart_form_location":"","bundle_editable_in_cart":false,"bundle_sold_individually_context":"","bundle_item_grouping":"","bundle_min_size":"","bundle_max_size":"","bundled_by":["8927","8932"],"bundled_items":[],"yoast_head":"<!-- This site is optimized with the Yoast SEO plugin v23.8 - https:\/\/yoast.com\/wordpress\/plugins\/seo\/ -->\n<title>Tarrazu - Kostaryka 1900 Rosa Double wash pod Filtr i Espresso - KOPKOPI<\/title>\n<meta name=\"description\" content=\"Kostaryka, Tarrazu - kawa Rosa z farmy Santa Rosa 1900 po podw\u00f3jnej obr\u00f3bce mytej. S\u0142odycz sernika z syropem klonowym - spr\u00f3buj!\" \/>\n<meta name=\"robots\" content=\"index, follow, max-snippet:-1, max-image-preview:large, max-video-preview:-1\" \/>\n<link rel=\"canonical\" href=\"https:\/\/kopkopi.com\/pl\/shop\/kostaryka-kawa-speciality\/\" \/>\n<meta property=\"og:locale\" content=\"pl_PL\" \/>\n<meta property=\"og:type\" content=\"article\" \/>\n<meta property=\"og:title\" content=\"Tarrazu - Kostaryka 1900 Rosa Double wash pod Filtr i Espresso - KOPKOPI\" \/>\n<meta property=\"og:description\" content=\"Kostaryka, Tarrazu - kawa Rosa z farmy Santa Rosa 1900 po podw\u00f3jnej obr\u00f3bce mytej. S\u0142odycz sernika z syropem klonowym - spr\u00f3buj!\" \/>\n<meta property=\"og:url\" content=\"https:\/\/kopkopi.com\/pl\/shop\/kostaryka-kawa-speciality\/\" \/>\n<meta property=\"og:site_name\" content=\"KOPKOPI\" \/>\n<meta property=\"article:publisher\" content=\"https:\/\/www.facebook.com\/kopkopidotcom\" \/>\n<meta property=\"article:modified_time\" content=\"2025-05-02T04:01:04+00:00\" \/>\n<meta property=\"og:image\" content=\"https:\/\/kopkopi.com\/wp-content\/uploads\/2021\/01\/Rosa_PL_Transparent.png\" \/>\n\t<meta property=\"og:image:width\" content=\"1280\" \/>\n\t<meta property=\"og:image:height\" content=\"1280\" \/>\n\t<meta property=\"og:image:type\" content=\"image\/png\" \/>\n<meta name=\"twitter:card\" content=\"summary_large_image\" \/>\n<meta name=\"twitter:site\" content=\"@kopkopidotcom\" \/>\n<meta name=\"twitter:label1\" content=\"Szacowany czas czytania\" \/>\n\t<meta name=\"twitter:data1\" content=\"2 minuty\" \/>\n<script type=\"application\/ld+json\" class=\"yoast-schema-graph\">{\"@context\":\"https:\/\/schema.org\",\"@graph\":[{\"@type\":[\"WebPage\",\"ItemPage\"],\"@id\":\"https:\/\/kopkopi.com\/pl\/shop\/kostaryka-kawa-speciality\/\",\"url\":\"https:\/\/kopkopi.com\/pl\/shop\/kostaryka-kawa-speciality\/\",\"name\":\"Tarrazu - Kostaryka 1900 Rosa Double wash pod Filtr i Espresso - KOPKOPI\",\"isPartOf\":{\"@id\":\"https:\/\/kopkopi.com\/#website\"},\"primaryImageOfPage\":{\"@id\":\"https:\/\/kopkopi.com\/pl\/shop\/kostaryka-kawa-speciality\/#primaryimage\"},\"image\":{\"@id\":\"https:\/\/kopkopi.com\/pl\/shop\/kostaryka-kawa-speciality\/#primaryimage\"},\"thumbnailUrl\":\"https:\/\/kopkopi.com\/wp-content\/uploads\/2021\/01\/Rosa_PL_Transparent.png\",\"datePublished\":\"2021-01-30T20:55:31+00:00\",\"dateModified\":\"2025-05-02T04:01:04+00:00\",\"description\":\"Kostaryka, Tarrazu - kawa Rosa z farmy Santa Rosa 1900 po podw\u00f3jnej obr\u00f3bce mytej. S\u0142odycz sernika z syropem klonowym - spr\u00f3buj!\",\"breadcrumb\":{\"@id\":\"https:\/\/kopkopi.com\/pl\/shop\/kostaryka-kawa-speciality\/#breadcrumb\"},\"inLanguage\":\"pl-PL\",\"potentialAction\":[{\"@type\":\"ReadAction\",\"target\":[\"https:\/\/kopkopi.com\/pl\/shop\/kostaryka-kawa-speciality\/\"]}]},{\"@type\":\"ImageObject\",\"inLanguage\":\"pl-PL\",\"@id\":\"https:\/\/kopkopi.com\/pl\/shop\/kostaryka-kawa-speciality\/#primaryimage\",\"url\":\"https:\/\/kopkopi.com\/wp-content\/uploads\/2021\/01\/Rosa_PL_Transparent.png\",\"contentUrl\":\"https:\/\/kopkopi.com\/wp-content\/uploads\/2021\/01\/Rosa_PL_Transparent.png\",\"width\":1280,\"height\":1280},{\"@type\":\"BreadcrumbList\",\"@id\":\"https:\/\/kopkopi.com\/pl\/shop\/kostaryka-kawa-speciality\/#breadcrumb\",\"itemListElement\":[{\"@type\":\"ListItem\",\"position\":1,\"name\":\"Home\",\"item\":\"https:\/\/kopkopi.com\/pl\/sklep\/\"},{\"@type\":\"ListItem\",\"position\":2,\"name\":\"SKLEP\",\"item\":\"https:\/\/kopkopi.com\/pl\/sklep\/\"},{\"@type\":\"ListItem\",\"position\":3,\"name\":\"Kostaryka 1900 Rosa Double wash pod Filtr i Espresso\"}]},{\"@type\":\"WebSite\",\"@id\":\"https:\/\/kopkopi.com\/#website\",\"url\":\"https:\/\/kopkopi.com\/\",\"name\":\"KOPKOPI\",\"description\":\"COFFEE &amp; CULTURE\",\"publisher\":{\"@id\":\"https:\/\/kopkopi.com\/#organization\"},\"potentialAction\":[{\"@type\":\"SearchAction\",\"target\":{\"@type\":\"EntryPoint\",\"urlTemplate\":\"https:\/\/kopkopi.com\/?s={search_term_string}\"},\"query-input\":{\"@type\":\"PropertyValueSpecification\",\"valueRequired\":true,\"valueName\":\"search_term_string\"}}],\"inLanguage\":\"pl-PL\"},{\"@type\":\"Organization\",\"@id\":\"https:\/\/kopkopi.com\/#organization\",\"name\":\"KOPKOPI\",\"url\":\"https:\/\/kopkopi.com\/\",\"logo\":{\"@type\":\"ImageObject\",\"inLanguage\":\"pl-PL\",\"@id\":\"https:\/\/kopkopi.com\/#\/schema\/logo\/image\/\",\"url\":\"https:\/\/kopkopi.com\/wp-content\/uploads\/2021\/07\/FINAL-LOGO_DOUBLE-LINES_BLACK.png\",\"contentUrl\":\"https:\/\/kopkopi.com\/wp-content\/uploads\/2021\/07\/FINAL-LOGO_DOUBLE-LINES_BLACK.png\",\"width\":1280,\"height\":1280,\"caption\":\"KOPKOPI\"},\"image\":{\"@id\":\"https:\/\/kopkopi.com\/#\/schema\/logo\/image\/\"},\"sameAs\":[\"https:\/\/www.facebook.com\/kopkopidotcom\",\"https:\/\/x.com\/kopkopidotcom\"]}]}<\/script>\n<!-- \/ Yoast SEO plugin. -->","yoast_head_json":{"title":"Tarrazu - Kostaryka 1900 Rosa Double wash pod Filtr i Espresso - KOPKOPI","description":"Kostaryka, Tarrazu - kawa Rosa z farmy Santa Rosa 1900 po podw\u00f3jnej obr\u00f3bce mytej. S\u0142odycz sernika z syropem klonowym - spr\u00f3buj!","robots":{"index":"index","follow":"follow","max-snippet":"max-snippet:-1","max-image-preview":"max-image-preview:large","max-video-preview":"max-video-preview:-1"},"canonical":"https:\/\/kopkopi.com\/pl\/shop\/kostaryka-kawa-speciality\/","og_locale":"pl_PL","og_type":"article","og_title":"Tarrazu - Kostaryka 1900 Rosa Double wash pod Filtr i Espresso - KOPKOPI","og_description":"Kostaryka, Tarrazu - kawa Rosa z farmy Santa Rosa 1900 po podw\u00f3jnej obr\u00f3bce mytej. S\u0142odycz sernika z syropem klonowym - spr\u00f3buj!","og_url":"https:\/\/kopkopi.com\/pl\/shop\/kostaryka-kawa-speciality\/","og_site_name":"KOPKOPI","article_publisher":"https:\/\/www.facebook.com\/kopkopidotcom","article_modified_time":"2025-05-02T04:01:04+00:00","og_image":[{"width":1280,"height":1280,"url":"https:\/\/kopkopi.com\/wp-content\/uploads\/2021\/01\/Rosa_PL_Transparent.png","type":"image\/png"}],"twitter_card":"summary_large_image","twitter_site":"@kopkopidotcom","twitter_misc":{"Szacowany czas czytania":"2 minuty"},"schema":{"@context":"https:\/\/schema.org","@graph":[{"@type":["WebPage","ItemPage"],"@id":"https:\/\/kopkopi.com\/pl\/shop\/kostaryka-kawa-speciality\/","url":"https:\/\/kopkopi.com\/pl\/shop\/kostaryka-kawa-speciality\/","name":"Tarrazu - Kostaryka 1900 Rosa Double wash pod Filtr i Espresso - KOPKOPI","isPartOf":{"@id":"https:\/\/kopkopi.com\/#website"},"primaryImageOfPage":{"@id":"https:\/\/kopkopi.com\/pl\/shop\/kostaryka-kawa-speciality\/#primaryimage"},"image":{"@id":"https:\/\/kopkopi.com\/pl\/shop\/kostaryka-kawa-speciality\/#primaryimage"},"thumbnailUrl":"https:\/\/kopkopi.com\/wp-content\/uploads\/2021\/01\/Rosa_PL_Transparent.png","datePublished":"2021-01-30T20:55:31+00:00","dateModified":"2025-05-02T04:01:04+00:00","description":"Kostaryka, Tarrazu - kawa Rosa z farmy Santa Rosa 1900 po podw\u00f3jnej obr\u00f3bce mytej. S\u0142odycz sernika z syropem klonowym - spr\u00f3buj!","breadcrumb":{"@id":"https:\/\/kopkopi.com\/pl\/shop\/kostaryka-kawa-speciality\/#breadcrumb"},"inLanguage":"pl-PL","potentialAction":[{"@type":"ReadAction","target":["https:\/\/kopkopi.com\/pl\/shop\/kostaryka-kawa-speciality\/"]}]},{"@type":"ImageObject","inLanguage":"pl-PL","@id":"https:\/\/kopkopi.com\/pl\/shop\/kostaryka-kawa-speciality\/#primaryimage","url":"https:\/\/kopkopi.com\/wp-content\/uploads\/2021\/01\/Rosa_PL_Transparent.png","contentUrl":"https:\/\/kopkopi.com\/wp-content\/uploads\/2021\/01\/Rosa_PL_Transparent.png","width":1280,"height":1280},{"@type":"BreadcrumbList","@id":"https:\/\/kopkopi.com\/pl\/shop\/kostaryka-kawa-speciality\/#breadcrumb","itemListElement":[{"@type":"ListItem","position":1,"name":"Home","item":"https:\/\/kopkopi.com\/pl\/sklep\/"},{"@type":"ListItem","position":2,"name":"SKLEP","item":"https:\/\/kopkopi.com\/pl\/sklep\/"},{"@type":"ListItem","position":3,"name":"Kostaryka 1900 Rosa Double wash pod Filtr i Espresso"}]},{"@type":"WebSite","@id":"https:\/\/kopkopi.com\/#website","url":"https:\/\/kopkopi.com\/","name":"KOPKOPI","description":"COFFEE &amp; CULTURE","publisher":{"@id":"https:\/\/kopkopi.com\/#organization"},"potentialAction":[{"@type":"SearchAction","target":{"@type":"EntryPoint","urlTemplate":"https:\/\/kopkopi.com\/?s={search_term_string}"},"query-input":{"@type":"PropertyValueSpecification","valueRequired":true,"valueName":"search_term_string"}}],"inLanguage":"pl-PL"},{"@type":"Organization","@id":"https:\/\/kopkopi.com\/#organization","name":"KOPKOPI","url":"https:\/\/kopkopi.com\/","logo":{"@type":"ImageObject","inLanguage":"pl-PL","@id":"https:\/\/kopkopi.com\/#\/schema\/logo\/image\/","url":"https:\/\/kopkopi.com\/wp-content\/uploads\/2021\/07\/FINAL-LOGO_DOUBLE-LINES_BLACK.png","contentUrl":"https:\/\/kopkopi.com\/wp-content\/uploads\/2021\/07\/FINAL-LOGO_DOUBLE-LINES_BLACK.png","width":1280,"height":1280,"caption":"KOPKOPI"},"image":{"@id":"https:\/\/kopkopi.com\/#\/schema\/logo\/image\/"},"sameAs":["https:\/\/www.facebook.com\/kopkopidotcom","https:\/\/x.com\/kopkopidotcom"]}]}},"_links":{"self":[{"href":"https:\/\/kopkopi.com\/pl\/wp-json\/wp\/v2\/product\/1447","targetHints":{"allow":["GET"]}}],"collection":[{"href":"https:\/\/kopkopi.com\/pl\/wp-json\/wp\/v2\/product"}],"about":[{"href":"https:\/\/kopkopi.com\/pl\/wp-json\/wp\/v2\/types\/product"}],"replies":[{"embeddable":true,"href":"https:\/\/kopkopi.com\/pl\/wp-json\/wp\/v2\/comments?post=1447"}],"version-history":[{"count":3,"href":"https:\/\/kopkopi.com\/pl\/wp-json\/wp\/v2\/product\/1447\/revisions"}],"predecessor-version":[{"id":15393,"href":"https:\/\/kopkopi.com\/pl\/wp-json\/wp\/v2\/product\/1447\/revisions\/15393"}],"wp:featuredmedia":[{"embeddable":true,"href":"https:\/\/kopkopi.com\/pl\/wp-json\/wp\/v2\/media\/2609"}],"wp:attachment":[{"href":"https:\/\/kopkopi.com\/pl\/wp-json\/wp\/v2\/media?parent=1447"}],"wp:term":[{"taxonomy":"product_cat","embeddable":true,"href":"https:\/\/kopkopi.com\/pl\/wp-json\/wp\/v2\/product_cat?post=1447"},{"taxonomy":"product_tag","embeddable":true,"href":"https:\/\/kopkopi.com\/pl\/wp-json\/wp\/v2\/product_tag?post=1447"}],"curies":[{"name":"wp","href":"https:\/\/api.w.org\/{rel}","templated":true}]}}