{"id":14518,"date":"2021-11-18T14:26:58","date_gmt":"2021-11-18T13:26:58","guid":{"rendered":"https:\/\/kopkopi.com\/shop\/kopkopi-taste-box\/"},"modified":"2021-12-13T16:36:58","modified_gmt":"2021-12-13T15:36:58","slug":"kopkopi-taste-box","status":"publish","type":"product","link":"https:\/\/kopkopi.com\/pl\/shop\/kopkopi-taste-box\/","title":{"rendered":"Stw\u00f3rz w\u0142asne taste box"},"content":{"rendered":"<p>Make your own magical mix of beans.<\/p>\n","protected":false},"excerpt":{"rendered":"<p>Chcesz sprawi\u0107 prezent ukochanej osobie, Tw\u00f3j kuzyn jest zapalonym kawoszem lub mo\u017ce sam nie pr\u00f3bowa\u0142e\u015b jeszcze naszych wszsytkich kaw i nie wiesz, kt\u00f3ra jest Twoja ulubiona?<\/p>\n<p>Zam\u00f3w nasze pude\u0142ko startowe!<\/p>\n<p>Wybierz 4 czy 8 kaw, 36 lub 90g, zmielone lub w ziarnach &#8211; i wyrusz na kawow\u0105 przygod\u0119!Pude\u0142ko, w kt\u00f3rym przyjd\u0105 do Ciebie kawy, jest ju\u017c opakowaniem prezentowym &#8211; znajduje si\u0119 na nim naklejka z imieniem osoby obdarowywanej, zaznaczon\u0105 ilo\u015bci\u0105 pr\u00f3bek i gramatur\u0105 oraz opcjonalnym mieleniem.\u00a0Ka\u017cda z kaw jest opisana na dodatkowych kartach &#8211; znajdziesz tam opisy farm, nuty smakowe oraz proponowane metody parzenia.<\/p>\n","protected":false},"featured_media":14522,"comment_status":"open","ping_status":"closed","template":"elementor_theme","meta":[],"product_cat":[697],"product_tag":[],"class_list":{"0":"post-14518","1":"product","2":"type-product","3":"status-publish","4":"has-post-thumbnail","6":"product_cat-box-pl","8":"first","9":"outofstock","10":"virtual","11":"taxable","12":"purchasable","13":"product-type-bundle"},"bundle_layout":"tabular","bundle_add_to_cart_form_location":"default","bundle_editable_in_cart":true,"bundle_sold_individually_context":"product","bundle_item_grouping":"parent","bundle_min_size":4,"bundle_max_size":8,"bundled_by":[],"bundled_items":[{"bundled_item_id":194,"product_id":13019,"menu_order":0,"quantity_min":0,"quantity_max":4,"quantity_default":1,"priced_individually":true,"shipped_individually":false,"override_title":true,"title":"Sunda Mt. Puntang Natural pod Filtr","override_description":true,"description":"","optional":true,"hide_thumbnail":false,"discount":"","override_variations":false,"allowed_variations":[""],"override_default_variation_attributes":false,"default_variation_attributes":[],"single_product_visibility":"visible","cart_visibility":"visible","order_visibility":"visible","single_product_price_visibility":"hidden","cart_price_visibility":"visible","order_price_visibility":"visible","stock_status":"out_of_stock"},{"bundled_item_id":195,"product_id":13029,"menu_order":1,"quantity_min":0,"quantity_max":4,"quantity_default":1,"priced_individually":true,"shipped_individually":false,"override_title":true,"title":"Tuang Manggarai Black Honey pod Filtr","override_description":true,"description":"","optional":true,"hide_thumbnail":false,"discount":"","override_variations":false,"allowed_variations":[""],"override_default_variation_attributes":false,"default_variation_attributes":[],"single_product_visibility":"visible","cart_visibility":"visible","order_visibility":"visible","single_product_price_visibility":"hidden","cart_price_visibility":"visible","order_price_visibility":"visible","stock_status":"out_of_stock"},{"bundled_item_id":196,"product_id":14320,"menu_order":2,"quantity_min":0,"quantity_max":4,"quantity_default":1,"priced_individually":true,"shipped_individually":false,"override_title":true,"title":"La Paz Quich\u00e9 Washed pod Filtr","override_description":true,"description":"","optional":true,"hide_thumbnail":false,"discount":"","override_variations":false,"allowed_variations":[""],"override_default_variation_attributes":true,"default_variation_attributes":[{"id":18,"name":"Grind on demand","option":"cale-ziarna"},{"id":17,"name":"Package size","option":"90-gram"}],"single_product_visibility":"visible","cart_visibility":"visible","order_visibility":"visible","single_product_price_visibility":"hidden","cart_price_visibility":"visible","order_price_visibility":"visible","stock_status":"out_of_stock"},{"bundled_item_id":197,"product_id":14341,"menu_order":3,"quantity_min":1,"quantity_max":4,"quantity_default":1,"priced_individually":true,"shipped_individually":false,"override_title":true,"title":"Decaf Yamon Washed pod Filtr i Espresso","override_description":true,"description":"","optional":false,"hide_thumbnail":false,"discount":"","override_variations":false,"allowed_variations":[""],"override_default_variation_attributes":false,"default_variation_attributes":[],"single_product_visibility":"visible","cart_visibility":"visible","order_visibility":"visible","single_product_price_visibility":"hidden","cart_price_visibility":"visible","order_price_visibility":"visible","stock_status":"out_of_stock"},{"bundled_item_id":198,"product_id":14361,"menu_order":4,"quantity_min":1,"quantity_max":4,"quantity_default":1,"priced_individually":true,"shipped_individually":false,"override_title":true,"title":"3x Pick Gayo Washed pod Espresso","override_description":true,"description":"","optional":false,"hide_thumbnail":false,"discount":"","override_variations":false,"allowed_variations":[""],"override_default_variation_attributes":false,"default_variation_attributes":[],"single_product_visibility":"visible","cart_visibility":"visible","order_visibility":"visible","single_product_price_visibility":"hidden","cart_price_visibility":"visible","order_price_visibility":"visible","stock_status":"out_of_stock"},{"bundled_item_id":199,"product_id":14351,"menu_order":5,"quantity_min":1,"quantity_max":4,"quantity_default":1,"priced_individually":true,"shipped_individually":false,"override_title":true,"title":"Val & Moris Mt. Papandayan Washed pod Filtr","override_description":true,"description":"","optional":false,"hide_thumbnail":false,"discount":"","override_variations":false,"allowed_variations":[""],"override_default_variation_attributes":false,"default_variation_attributes":[],"single_product_visibility":"visible","cart_visibility":"visible","order_visibility":"visible","single_product_price_visibility":"hidden","cart_price_visibility":"visible","order_price_visibility":"visible","stock_status":"out_of_stock"},{"bundled_item_id":200,"product_id":13039,"menu_order":6,"quantity_min":1,"quantity_max":4,"quantity_default":1,"priced_individually":true,"shipped_individually":false,"override_title":true,"title":"1900 Rosa 2x wash pod Filtr","override_description":true,"description":"","optional":false,"hide_thumbnail":false,"discount":"","override_variations":false,"allowed_variations":[""],"override_default_variation_attributes":false,"default_variation_attributes":[],"single_product_visibility":"visible","cart_visibility":"visible","order_visibility":"visible","single_product_price_visibility":"hidden","cart_price_visibility":"visible","order_price_visibility":"visible","stock_status":"out_of_stock"},{"bundled_item_id":201,"product_id":14304,"menu_order":7,"quantity_min":0,"quantity_max":4,"quantity_default":1,"priced_individually":true,"shipped_individually":false,"override_title":true,"title":"Bourbon Huye Honey pod Filtr","override_description":true,"description":"","optional":true,"hide_thumbnail":false,"discount":"","override_variations":false,"allowed_variations":[""],"override_default_variation_attributes":true,"default_variation_attributes":[{"id":18,"name":"Grind on demand","option":"cale-ziarna"},{"id":17,"name":"Package size","option":"90-gram"}],"single_product_visibility":"visible","cart_visibility":"visible","order_visibility":"visible","single_product_price_visibility":"hidden","cart_price_visibility":"visible","order_price_visibility":"visible","stock_status":"out_of_stock"}],"yoast_head":"<!-- This site is optimized with the Yoast SEO plugin v23.8 - https:\/\/yoast.com\/wordpress\/plugins\/seo\/ -->\n<title>Stw\u00f3rz w\u0142asne taste box - KOPKOPI<\/title>\n<meta name=\"robots\" content=\"index, follow, max-snippet:-1, max-image-preview:large, max-video-preview:-1\" \/>\n<link rel=\"canonical\" href=\"https:\/\/kopkopi.com\/pl\/shop\/kopkopi-taste-box\/\" \/>\n<meta property=\"og:locale\" content=\"pl_PL\" \/>\n<meta property=\"og:type\" content=\"article\" \/>\n<meta property=\"og:title\" content=\"Stw\u00f3rz w\u0142asne taste box - KOPKOPI\" \/>\n<meta property=\"og:description\" content=\"Chcesz sprawi\u0107 prezent ukochanej osobie, Tw\u00f3j kuzyn jest zapalonym kawoszem lub mo\u017ce sam nie pr\u00f3bowa\u0142e\u015b jeszcze naszych wszsytkich kaw i nie wiesz, kt\u00f3ra jest Twoja ulubiona?  Zam\u00f3w nasze pude\u0142ko startowe!  Wybierz 4 czy 8 kaw, 36 lub 90g, zmielone lub w ziarnach - i wyrusz na kawow\u0105 przygod\u0119!Pude\u0142ko, w kt\u00f3rym przyjd\u0105 do Ciebie kawy, jest ju\u017c opakowaniem prezentowym - znajduje si\u0119 na nim naklejka z imieniem osoby obdarowywanej, zaznaczon\u0105 ilo\u015bci\u0105 pr\u00f3bek i gramatur\u0105 oraz opcjonalnym mieleniem.\u00a0Ka\u017cda z kaw jest opisana na dodatkowych kartach - znajdziesz tam opisy farm, nuty smakowe oraz proponowane metody parzenia.\" \/>\n<meta property=\"og:url\" content=\"https:\/\/kopkopi.com\/pl\/shop\/kopkopi-taste-box\/\" \/>\n<meta property=\"og:site_name\" content=\"KOPKOPI\" \/>\n<meta property=\"article:publisher\" content=\"https:\/\/www.facebook.com\/kopkopidotcom\" \/>\n<meta property=\"article:modified_time\" content=\"2021-12-13T15:36:58+00:00\" \/>\n<meta property=\"og:image\" content=\"https:\/\/kopkopi.com\/wp-content\/uploads\/2021\/11\/Taste_Box_Open_PL.png\" \/>\n\t<meta property=\"og:image:width\" content=\"1000\" \/>\n\t<meta property=\"og:image:height\" content=\"1000\" \/>\n\t<meta property=\"og:image:type\" content=\"image\/png\" \/>\n<meta name=\"twitter:card\" content=\"summary_large_image\" \/>\n<meta name=\"twitter:site\" content=\"@kopkopidotcom\" \/>\n<script type=\"application\/ld+json\" class=\"yoast-schema-graph\">{\"@context\":\"https:\/\/schema.org\",\"@graph\":[{\"@type\":[\"WebPage\",\"ItemPage\"],\"@id\":\"https:\/\/kopkopi.com\/pl\/shop\/kopkopi-taste-box\/\",\"url\":\"https:\/\/kopkopi.com\/pl\/shop\/kopkopi-taste-box\/\",\"name\":\"Stw\u00f3rz w\u0142asne taste box - KOPKOPI\",\"isPartOf\":{\"@id\":\"https:\/\/kopkopi.com\/#website\"},\"primaryImageOfPage\":{\"@id\":\"https:\/\/kopkopi.com\/pl\/shop\/kopkopi-taste-box\/#primaryimage\"},\"image\":{\"@id\":\"https:\/\/kopkopi.com\/pl\/shop\/kopkopi-taste-box\/#primaryimage\"},\"thumbnailUrl\":\"https:\/\/kopkopi.com\/wp-content\/uploads\/2021\/11\/Taste_Box_Open_PL.png\",\"datePublished\":\"2021-11-18T13:26:58+00:00\",\"dateModified\":\"2021-12-13T15:36:58+00:00\",\"breadcrumb\":{\"@id\":\"https:\/\/kopkopi.com\/pl\/shop\/kopkopi-taste-box\/#breadcrumb\"},\"inLanguage\":\"pl-PL\",\"potentialAction\":[{\"@type\":\"ReadAction\",\"target\":[\"https:\/\/kopkopi.com\/pl\/shop\/kopkopi-taste-box\/\"]}]},{\"@type\":\"ImageObject\",\"inLanguage\":\"pl-PL\",\"@id\":\"https:\/\/kopkopi.com\/pl\/shop\/kopkopi-taste-box\/#primaryimage\",\"url\":\"https:\/\/kopkopi.com\/wp-content\/uploads\/2021\/11\/Taste_Box_Open_PL.png\",\"contentUrl\":\"https:\/\/kopkopi.com\/wp-content\/uploads\/2021\/11\/Taste_Box_Open_PL.png\",\"width\":1000,\"height\":1000},{\"@type\":\"BreadcrumbList\",\"@id\":\"https:\/\/kopkopi.com\/pl\/shop\/kopkopi-taste-box\/#breadcrumb\",\"itemListElement\":[{\"@type\":\"ListItem\",\"position\":1,\"name\":\"Home\",\"item\":\"https:\/\/kopkopi.com\/pl\/sklep\/\"},{\"@type\":\"ListItem\",\"position\":2,\"name\":\"SKLEP\",\"item\":\"https:\/\/kopkopi.com\/pl\/sklep\/\"},{\"@type\":\"ListItem\",\"position\":3,\"name\":\"Stw\u00f3rz w\u0142asne taste box\"}]},{\"@type\":\"WebSite\",\"@id\":\"https:\/\/kopkopi.com\/#website\",\"url\":\"https:\/\/kopkopi.com\/\",\"name\":\"KOPKOPI\",\"description\":\"COFFEE &amp; CULTURE\",\"publisher\":{\"@id\":\"https:\/\/kopkopi.com\/#organization\"},\"potentialAction\":[{\"@type\":\"SearchAction\",\"target\":{\"@type\":\"EntryPoint\",\"urlTemplate\":\"https:\/\/kopkopi.com\/?s={search_term_string}\"},\"query-input\":{\"@type\":\"PropertyValueSpecification\",\"valueRequired\":true,\"valueName\":\"search_term_string\"}}],\"inLanguage\":\"pl-PL\"},{\"@type\":\"Organization\",\"@id\":\"https:\/\/kopkopi.com\/#organization\",\"name\":\"KOPKOPI\",\"url\":\"https:\/\/kopkopi.com\/\",\"logo\":{\"@type\":\"ImageObject\",\"inLanguage\":\"pl-PL\",\"@id\":\"https:\/\/kopkopi.com\/#\/schema\/logo\/image\/\",\"url\":\"https:\/\/kopkopi.com\/wp-content\/uploads\/2021\/07\/FINAL-LOGO_DOUBLE-LINES_BLACK.png\",\"contentUrl\":\"https:\/\/kopkopi.com\/wp-content\/uploads\/2021\/07\/FINAL-LOGO_DOUBLE-LINES_BLACK.png\",\"width\":1280,\"height\":1280,\"caption\":\"KOPKOPI\"},\"image\":{\"@id\":\"https:\/\/kopkopi.com\/#\/schema\/logo\/image\/\"},\"sameAs\":[\"https:\/\/www.facebook.com\/kopkopidotcom\",\"https:\/\/x.com\/kopkopidotcom\"]}]}<\/script>\n<!-- \/ Yoast SEO plugin. -->","yoast_head_json":{"title":"Stw\u00f3rz w\u0142asne taste box - KOPKOPI","robots":{"index":"index","follow":"follow","max-snippet":"max-snippet:-1","max-image-preview":"max-image-preview:large","max-video-preview":"max-video-preview:-1"},"canonical":"https:\/\/kopkopi.com\/pl\/shop\/kopkopi-taste-box\/","og_locale":"pl_PL","og_type":"article","og_title":"Stw\u00f3rz w\u0142asne taste box - KOPKOPI","og_description":"Chcesz sprawi\u0107 prezent ukochanej osobie, Tw\u00f3j kuzyn jest zapalonym kawoszem lub mo\u017ce sam nie pr\u00f3bowa\u0142e\u015b jeszcze naszych wszsytkich kaw i nie wiesz, kt\u00f3ra jest Twoja ulubiona?  Zam\u00f3w nasze pude\u0142ko startowe!  Wybierz 4 czy 8 kaw, 36 lub 90g, zmielone lub w ziarnach - i wyrusz na kawow\u0105 przygod\u0119!Pude\u0142ko, w kt\u00f3rym przyjd\u0105 do Ciebie kawy, jest ju\u017c opakowaniem prezentowym - znajduje si\u0119 na nim naklejka z imieniem osoby obdarowywanej, zaznaczon\u0105 ilo\u015bci\u0105 pr\u00f3bek i gramatur\u0105 oraz opcjonalnym mieleniem.\u00a0Ka\u017cda z kaw jest opisana na dodatkowych kartach - znajdziesz tam opisy farm, nuty smakowe oraz proponowane metody parzenia.","og_url":"https:\/\/kopkopi.com\/pl\/shop\/kopkopi-taste-box\/","og_site_name":"KOPKOPI","article_publisher":"https:\/\/www.facebook.com\/kopkopidotcom","article_modified_time":"2021-12-13T15:36:58+00:00","og_image":[{"width":1000,"height":1000,"url":"https:\/\/kopkopi.com\/wp-content\/uploads\/2021\/11\/Taste_Box_Open_PL.png","type":"image\/png"}],"twitter_card":"summary_large_image","twitter_site":"@kopkopidotcom","schema":{"@context":"https:\/\/schema.org","@graph":[{"@type":["WebPage","ItemPage"],"@id":"https:\/\/kopkopi.com\/pl\/shop\/kopkopi-taste-box\/","url":"https:\/\/kopkopi.com\/pl\/shop\/kopkopi-taste-box\/","name":"Stw\u00f3rz w\u0142asne taste box - KOPKOPI","isPartOf":{"@id":"https:\/\/kopkopi.com\/#website"},"primaryImageOfPage":{"@id":"https:\/\/kopkopi.com\/pl\/shop\/kopkopi-taste-box\/#primaryimage"},"image":{"@id":"https:\/\/kopkopi.com\/pl\/shop\/kopkopi-taste-box\/#primaryimage"},"thumbnailUrl":"https:\/\/kopkopi.com\/wp-content\/uploads\/2021\/11\/Taste_Box_Open_PL.png","datePublished":"2021-11-18T13:26:58+00:00","dateModified":"2021-12-13T15:36:58+00:00","breadcrumb":{"@id":"https:\/\/kopkopi.com\/pl\/shop\/kopkopi-taste-box\/#breadcrumb"},"inLanguage":"pl-PL","potentialAction":[{"@type":"ReadAction","target":["https:\/\/kopkopi.com\/pl\/shop\/kopkopi-taste-box\/"]}]},{"@type":"ImageObject","inLanguage":"pl-PL","@id":"https:\/\/kopkopi.com\/pl\/shop\/kopkopi-taste-box\/#primaryimage","url":"https:\/\/kopkopi.com\/wp-content\/uploads\/2021\/11\/Taste_Box_Open_PL.png","contentUrl":"https:\/\/kopkopi.com\/wp-content\/uploads\/2021\/11\/Taste_Box_Open_PL.png","width":1000,"height":1000},{"@type":"BreadcrumbList","@id":"https:\/\/kopkopi.com\/pl\/shop\/kopkopi-taste-box\/#breadcrumb","itemListElement":[{"@type":"ListItem","position":1,"name":"Home","item":"https:\/\/kopkopi.com\/pl\/sklep\/"},{"@type":"ListItem","position":2,"name":"SKLEP","item":"https:\/\/kopkopi.com\/pl\/sklep\/"},{"@type":"ListItem","position":3,"name":"Stw\u00f3rz w\u0142asne taste box"}]},{"@type":"WebSite","@id":"https:\/\/kopkopi.com\/#website","url":"https:\/\/kopkopi.com\/","name":"KOPKOPI","description":"COFFEE &amp; CULTURE","publisher":{"@id":"https:\/\/kopkopi.com\/#organization"},"potentialAction":[{"@type":"SearchAction","target":{"@type":"EntryPoint","urlTemplate":"https:\/\/kopkopi.com\/?s={search_term_string}"},"query-input":{"@type":"PropertyValueSpecification","valueRequired":true,"valueName":"search_term_string"}}],"inLanguage":"pl-PL"},{"@type":"Organization","@id":"https:\/\/kopkopi.com\/#organization","name":"KOPKOPI","url":"https:\/\/kopkopi.com\/","logo":{"@type":"ImageObject","inLanguage":"pl-PL","@id":"https:\/\/kopkopi.com\/#\/schema\/logo\/image\/","url":"https:\/\/kopkopi.com\/wp-content\/uploads\/2021\/07\/FINAL-LOGO_DOUBLE-LINES_BLACK.png","contentUrl":"https:\/\/kopkopi.com\/wp-content\/uploads\/2021\/07\/FINAL-LOGO_DOUBLE-LINES_BLACK.png","width":1280,"height":1280,"caption":"KOPKOPI"},"image":{"@id":"https:\/\/kopkopi.com\/#\/schema\/logo\/image\/"},"sameAs":["https:\/\/www.facebook.com\/kopkopidotcom","https:\/\/x.com\/kopkopidotcom"]}]}},"_links":{"self":[{"href":"https:\/\/kopkopi.com\/pl\/wp-json\/wp\/v2\/product\/14518","targetHints":{"allow":["GET"]}}],"collection":[{"href":"https:\/\/kopkopi.com\/pl\/wp-json\/wp\/v2\/product"}],"about":[{"href":"https:\/\/kopkopi.com\/pl\/wp-json\/wp\/v2\/types\/product"}],"replies":[{"embeddable":true,"href":"https:\/\/kopkopi.com\/pl\/wp-json\/wp\/v2\/comments?post=14518"}],"version-history":[{"count":2,"href":"https:\/\/kopkopi.com\/pl\/wp-json\/wp\/v2\/product\/14518\/revisions"}],"predecessor-version":[{"id":14602,"href":"https:\/\/kopkopi.com\/pl\/wp-json\/wp\/v2\/product\/14518\/revisions\/14602"}],"wp:featuredmedia":[{"embeddable":true,"href":"https:\/\/kopkopi.com\/pl\/wp-json\/wp\/v2\/media\/14522"}],"wp:attachment":[{"href":"https:\/\/kopkopi.com\/pl\/wp-json\/wp\/v2\/media?parent=14518"}],"wp:term":[{"taxonomy":"product_cat","embeddable":true,"href":"https:\/\/kopkopi.com\/pl\/wp-json\/wp\/v2\/product_cat?post=14518"},{"taxonomy":"product_tag","embeddable":true,"href":"https:\/\/kopkopi.com\/pl\/wp-json\/wp\/v2\/product_tag?post=14518"}],"curies":[{"name":"wp","href":"https:\/\/api.w.org\/{rel}","templated":true}]}}