{"id":15157,"date":"2023-07-03T19:17:59","date_gmt":"2023-07-03T18:17:05","guid":{"rendered":"https:\/\/kopkopi.com\/?post_type=product&#038;p=15157"},"modified":"2023-07-03T19:26:06","modified_gmt":"2023-07-03T18:26:06","slug":"recznie-robione-kubki-do-kawy-miravet","status":"publish","type":"product","link":"https:\/\/kopkopi.com\/pl\/shop\/recznie-robione-kubki-do-kawy-miravet\/","title":{"rendered":"Kubek Miravet"},"content":{"rendered":"<p><span style=\"font-weight: 400;\">Niezwyk\u0142e i minimalistyczne, artystyczne i pi\u0119kne &#8211; takie s\u0105 nasze r\u0119cznie robione kubki do kawy Miravet. Zosta\u0142y one stworzone w wyniku wsp\u00f3\u0142pracy z Ferranem Vivesem, wieloletnim ceramikiem, kt\u00f3ry przej\u0105\u0142 pokoleniow\u0105 pa\u0142eczk\u0119 po swoim ojcu.<\/span><\/p>\n<p>&nbsp;<\/p>\n<p><span style=\"font-weight: 400;\">Ferran Segarra i Vives pracowa\u0142 jako ceramik w Miravet przez 34 lata. Za\u0142o\u017cy\u0142 Ceramiques Ferran, rodzinne przedsi\u0119biorstwo, kt\u00f3re zosta\u0142o przej\u0119te przez Ferrana, jego starszego syna, po przej\u015bciu seniora na emerytur\u0119. Miravet, historyczna wioska regionu Terres de l&#8217;Ebre, s\u0142ynie z &#8222;Raval de Canterers&#8221; &#8211; dzielnicy garncarzy, gdzie do dzi\u015b pracuj\u0105 rodziny rzemie\u015blnik\u00f3w, tworz\u0105c m.in. r\u0119cznie robione kubki do kawy. Iberowie, Rzymianie i Maurowie pozostawili tu sw\u00f3j \u015blad artystyczny.\u00a0<\/span><\/p>\n<p>&nbsp;<\/p>\n<p><span style=\"font-weight: 400;\">Ferran Segarra jest zaanga\u017cowany w nauczanie swojego rzemios\u0142a i zachowanie tradycyjnych wyrob\u00f3w garncarskich z Miravet, takich jak pojemniki na fa\u00efence, dzbanki, dzbanki do odmierzania oleju, wazony, czy popularne katalo\u0144skie naczynia terakotowe do gotowania.<\/span><\/p>\n<p>&nbsp;<\/p>\n<p><span style=\"font-weight: 400;\">Rok po roku gromadzi\u0142 kolekcj\u0119 zabytkowych przedmiot\u00f3w ceramicznych, kt\u00f3ra obecnie liczy ponad 1000 sztuk. Znajduj\u0105 si\u0119 one w jego prywatnym muzeum, otwartym dla publiczno\u015bci na \u017cyczenie.<\/span><\/p>\n<p>&nbsp;<\/p>\n<p><span style=\"font-weight: 400;\">Nasze r\u0119cznie robione kubki do kawy Miravet s\u0105 zaprojektowane tak, aby zaspokoi\u0107 Twoje potrzeby &#8211; pasuj\u0105 zar\u00f3wno do doppio, jak i do przelewu. Ich pi\u0119kne, asymetryczne malunki, przywo\u0142uj\u0105ce na my\u015bl dzie\u0142a Jacksona Pollocka czy Christophera Woola, pokryte s\u0105 warstw\u0105 bezbarwnego glazurowego topu, co gwarantuje oddzielenie kawy od gliny.<\/span><\/p>\n<p><span style=\"font-weight: 400;\">Ka\u017cdy z naszych r\u0119cznie robionych kubk\u00f3w do kawy jest idealnie wywa\u017cony &#8211; \u015bwietnie trzyma si\u0119 go w d\u0142oni, a ich uniwersalny rozmiar sprawia, \u017ce s\u0105 one idealne nawet dla os\u00f3b o drobnych d\u0142oniach.<\/span><\/p>\n<p><span style=\"font-weight: 400;\">Jest dok\u0142adnie 28 sztuk tych kubk\u00f3w, wi\u0119c s\u0105 one przedmiotem \u015bci\u015ble limitowanym.<\/span><\/p>\n<p>&nbsp;<\/p>\n<p><span style=\"font-weight: 400;\">Pami\u0119taj, to jest r\u0119cznie wykonany przedmiot, wi\u0119c mo\u017ce si\u0119 nieznacznie r\u00f3\u017cni\u0107 od tych pokazanych na zdj\u0119ciach. Ka\u017cdy kubek jest inny i wyj\u0105tkowy, co wynika z naturalnego i ca\u0142kowicie r\u0119cznego procesu malowania, glazurowania i nast\u0119pnie wypalania.<\/span><\/p>\n<p>&nbsp;<\/p>\n<p><span style=\"font-weight: 400;\">Oficjalnie musimy napisa\u0107, \u017ce te r\u0119cznie robione kubki do kawy nie nadaj\u0105 si\u0119 do mycia w zmywarce &#8211; zalecamy mycie r\u0119czne. Nie podgrzewaj ich w mikrofali i u\u017cywaj z ostro\u017cno\u015bci\u0105. Nie przyjmujemy zwrot\u00f3w z tytu\u0142u z\u0142ego u\u017cytkowania\/konserwacji.<\/span><\/p>\n","protected":false},"excerpt":{"rendered":"<p>Niezwyk\u0142e i minimalistyczne, artystyczne i pi\u0119kne &#8211; takie s\u0105 nasze r\u0119cznie robione kubki do kawy Miravet. Zosta\u0142y one stworzone w wyniku wsp\u00f3\u0142pracy z Ferranem Vivesem, wieloletnim ceramikiem, kt\u00f3ry przej\u0105\u0142 pokoleniow\u0105 pa\u0142eczk\u0119 po swoim ojcu. &nbsp; Ferran Segarra i Vives pracowa\u0142 jako ceramik w Miravet przez&#8230;<\/p>\n","protected":false},"featured_media":15171,"comment_status":"open","ping_status":"closed","template":"","meta":[],"product_cat":[708],"product_tag":[709,710,711,690],"class_list":{"0":"post-15157","1":"product","2":"type-product","3":"status-publish","4":"has-post-thumbnail","6":"product_brand-kopkopi","7":"product_cat-cups-pl","8":"product_tag-craft-pl","9":"product_tag-cups-pl","10":"product_tag-handmade-pl","11":"product_tag-hp-pl","13":"first","14":"instock","15":"taxable","16":"shipping-taxable","17":"purchasable","18":"product-type-simple"},"bundle_layout":"","bundle_add_to_cart_form_location":"","bundle_editable_in_cart":false,"bundle_sold_individually_context":"","bundle_item_grouping":"","bundle_min_size":"","bundle_max_size":"","bundled_by":[],"bundled_items":[],"yoast_head":"<!-- This site is optimized with the Yoast SEO plugin v23.8 - https:\/\/yoast.com\/wordpress\/plugins\/seo\/ -->\n<title>Kubek Miravet - KOPKOPI<\/title>\n<meta name=\"description\" content=\"Odkryj elegancj\u0119 naszych limitowanych, r\u0119cznie robionych kubk\u00f3w do kawy Miravet. Perfekcyjne po\u0142\u0105czenie funkcjonalno\u015bci i artystycznego wyko\u0144czenia, idealne dla ka\u017cdego mi\u0142o\u015bnika kawy. Zapoznaj si\u0119 z bogatym dziedzictwem ceramiki Miravet ju\u017c dzi\u015b.\" \/>\n<meta name=\"robots\" content=\"index, follow, max-snippet:-1, max-image-preview:large, max-video-preview:-1\" \/>\n<link rel=\"canonical\" href=\"https:\/\/kopkopi.com\/pl\/shop\/recznie-robione-kubki-do-kawy-miravet\/\" \/>\n<meta property=\"og:locale\" content=\"pl_PL\" \/>\n<meta property=\"og:type\" content=\"article\" \/>\n<meta property=\"og:title\" content=\"Kubek Miravet - KOPKOPI\" \/>\n<meta property=\"og:description\" content=\"Odkryj elegancj\u0119 naszych limitowanych, r\u0119cznie robionych kubk\u00f3w do kawy Miravet. Perfekcyjne po\u0142\u0105czenie funkcjonalno\u015bci i artystycznego wyko\u0144czenia, idealne dla ka\u017cdego mi\u0142o\u015bnika kawy. Zapoznaj si\u0119 z bogatym dziedzictwem ceramiki Miravet ju\u017c dzi\u015b.\" \/>\n<meta property=\"og:url\" content=\"https:\/\/kopkopi.com\/pl\/shop\/recznie-robione-kubki-do-kawy-miravet\/\" \/>\n<meta property=\"og:site_name\" content=\"KOPKOPI\" \/>\n<meta property=\"article:publisher\" content=\"https:\/\/www.facebook.com\/kopkopidotcom\" \/>\n<meta property=\"article:modified_time\" content=\"2023-07-03T18:26:06+00:00\" \/>\n<meta property=\"og:image\" content=\"https:\/\/kopkopi.com\/wp-content\/uploads\/2023\/07\/removal.ai_tmp-64a2ae3db8a66.png\" \/>\n\t<meta property=\"og:image:width\" content=\"800\" \/>\n\t<meta property=\"og:image:height\" content=\"800\" \/>\n\t<meta property=\"og:image:type\" content=\"image\/png\" \/>\n<meta name=\"twitter:card\" content=\"summary_large_image\" \/>\n<meta name=\"twitter:site\" content=\"@kopkopidotcom\" \/>\n<meta name=\"twitter:label1\" content=\"Szacowany czas czytania\" \/>\n\t<meta name=\"twitter:data1\" content=\"2 minuty\" \/>\n<script type=\"application\/ld+json\" class=\"yoast-schema-graph\">{\"@context\":\"https:\/\/schema.org\",\"@graph\":[{\"@type\":[\"WebPage\",\"ItemPage\"],\"@id\":\"https:\/\/kopkopi.com\/pl\/shop\/recznie-robione-kubki-do-kawy-miravet\/\",\"url\":\"https:\/\/kopkopi.com\/pl\/shop\/recznie-robione-kubki-do-kawy-miravet\/\",\"name\":\"Kubek Miravet - KOPKOPI\",\"isPartOf\":{\"@id\":\"https:\/\/kopkopi.com\/#website\"},\"primaryImageOfPage\":{\"@id\":\"https:\/\/kopkopi.com\/pl\/shop\/recznie-robione-kubki-do-kawy-miravet\/#primaryimage\"},\"image\":{\"@id\":\"https:\/\/kopkopi.com\/pl\/shop\/recznie-robione-kubki-do-kawy-miravet\/#primaryimage\"},\"thumbnailUrl\":\"https:\/\/kopkopi.com\/wp-content\/uploads\/2023\/07\/diff-scaled.jpg\",\"datePublished\":\"2023-07-03T18:17:05+00:00\",\"dateModified\":\"2023-07-03T18:26:06+00:00\",\"description\":\"Odkryj elegancj\u0119 naszych limitowanych, r\u0119cznie robionych kubk\u00f3w do kawy Miravet. Perfekcyjne po\u0142\u0105czenie funkcjonalno\u015bci i artystycznego wyko\u0144czenia, idealne dla ka\u017cdego mi\u0142o\u015bnika kawy. Zapoznaj si\u0119 z bogatym dziedzictwem ceramiki Miravet ju\u017c dzi\u015b.\",\"breadcrumb\":{\"@id\":\"https:\/\/kopkopi.com\/pl\/shop\/recznie-robione-kubki-do-kawy-miravet\/#breadcrumb\"},\"inLanguage\":\"pl-PL\",\"potentialAction\":[{\"@type\":\"ReadAction\",\"target\":[\"https:\/\/kopkopi.com\/pl\/shop\/recznie-robione-kubki-do-kawy-miravet\/\"]}]},{\"@type\":\"ImageObject\",\"inLanguage\":\"pl-PL\",\"@id\":\"https:\/\/kopkopi.com\/pl\/shop\/recznie-robione-kubki-do-kawy-miravet\/#primaryimage\",\"url\":\"https:\/\/kopkopi.com\/wp-content\/uploads\/2023\/07\/diff-scaled.jpg\",\"contentUrl\":\"https:\/\/kopkopi.com\/wp-content\/uploads\/2023\/07\/diff-scaled.jpg\",\"width\":2560,\"height\":2560},{\"@type\":\"BreadcrumbList\",\"@id\":\"https:\/\/kopkopi.com\/pl\/shop\/recznie-robione-kubki-do-kawy-miravet\/#breadcrumb\",\"itemListElement\":[{\"@type\":\"ListItem\",\"position\":1,\"name\":\"Home\",\"item\":\"https:\/\/kopkopi.com\/pl\/sklep\/\"},{\"@type\":\"ListItem\",\"position\":2,\"name\":\"SKLEP\",\"item\":\"https:\/\/kopkopi.com\/pl\/sklep\/\"},{\"@type\":\"ListItem\",\"position\":3,\"name\":\"Kubek Miravet\"}]},{\"@type\":\"WebSite\",\"@id\":\"https:\/\/kopkopi.com\/#website\",\"url\":\"https:\/\/kopkopi.com\/\",\"name\":\"KOPKOPI\",\"description\":\"COFFEE &amp; CULTURE\",\"publisher\":{\"@id\":\"https:\/\/kopkopi.com\/#organization\"},\"potentialAction\":[{\"@type\":\"SearchAction\",\"target\":{\"@type\":\"EntryPoint\",\"urlTemplate\":\"https:\/\/kopkopi.com\/?s={search_term_string}\"},\"query-input\":{\"@type\":\"PropertyValueSpecification\",\"valueRequired\":true,\"valueName\":\"search_term_string\"}}],\"inLanguage\":\"pl-PL\"},{\"@type\":\"Organization\",\"@id\":\"https:\/\/kopkopi.com\/#organization\",\"name\":\"KOPKOPI\",\"url\":\"https:\/\/kopkopi.com\/\",\"logo\":{\"@type\":\"ImageObject\",\"inLanguage\":\"pl-PL\",\"@id\":\"https:\/\/kopkopi.com\/#\/schema\/logo\/image\/\",\"url\":\"https:\/\/kopkopi.com\/wp-content\/uploads\/2021\/07\/FINAL-LOGO_DOUBLE-LINES_BLACK.png\",\"contentUrl\":\"https:\/\/kopkopi.com\/wp-content\/uploads\/2021\/07\/FINAL-LOGO_DOUBLE-LINES_BLACK.png\",\"width\":1280,\"height\":1280,\"caption\":\"KOPKOPI\"},\"image\":{\"@id\":\"https:\/\/kopkopi.com\/#\/schema\/logo\/image\/\"},\"sameAs\":[\"https:\/\/www.facebook.com\/kopkopidotcom\",\"https:\/\/x.com\/kopkopidotcom\"]}]}<\/script>\n<!-- \/ Yoast SEO plugin. -->","yoast_head_json":{"title":"Kubek Miravet - KOPKOPI","description":"Odkryj elegancj\u0119 naszych limitowanych, r\u0119cznie robionych kubk\u00f3w do kawy Miravet. Perfekcyjne po\u0142\u0105czenie funkcjonalno\u015bci i artystycznego wyko\u0144czenia, idealne dla ka\u017cdego mi\u0142o\u015bnika kawy. Zapoznaj si\u0119 z bogatym dziedzictwem ceramiki Miravet ju\u017c dzi\u015b.","robots":{"index":"index","follow":"follow","max-snippet":"max-snippet:-1","max-image-preview":"max-image-preview:large","max-video-preview":"max-video-preview:-1"},"canonical":"https:\/\/kopkopi.com\/pl\/shop\/recznie-robione-kubki-do-kawy-miravet\/","og_locale":"pl_PL","og_type":"article","og_title":"Kubek Miravet - KOPKOPI","og_description":"Odkryj elegancj\u0119 naszych limitowanych, r\u0119cznie robionych kubk\u00f3w do kawy Miravet. Perfekcyjne po\u0142\u0105czenie funkcjonalno\u015bci i artystycznego wyko\u0144czenia, idealne dla ka\u017cdego mi\u0142o\u015bnika kawy. Zapoznaj si\u0119 z bogatym dziedzictwem ceramiki Miravet ju\u017c dzi\u015b.","og_url":"https:\/\/kopkopi.com\/pl\/shop\/recznie-robione-kubki-do-kawy-miravet\/","og_site_name":"KOPKOPI","article_publisher":"https:\/\/www.facebook.com\/kopkopidotcom","article_modified_time":"2023-07-03T18:26:06+00:00","og_image":[{"width":800,"height":800,"url":"https:\/\/kopkopi.com\/wp-content\/uploads\/2023\/07\/removal.ai_tmp-64a2ae3db8a66.png","type":"image\/png"}],"twitter_card":"summary_large_image","twitter_site":"@kopkopidotcom","twitter_misc":{"Szacowany czas czytania":"2 minuty"},"schema":{"@context":"https:\/\/schema.org","@graph":[{"@type":["WebPage","ItemPage"],"@id":"https:\/\/kopkopi.com\/pl\/shop\/recznie-robione-kubki-do-kawy-miravet\/","url":"https:\/\/kopkopi.com\/pl\/shop\/recznie-robione-kubki-do-kawy-miravet\/","name":"Kubek Miravet - KOPKOPI","isPartOf":{"@id":"https:\/\/kopkopi.com\/#website"},"primaryImageOfPage":{"@id":"https:\/\/kopkopi.com\/pl\/shop\/recznie-robione-kubki-do-kawy-miravet\/#primaryimage"},"image":{"@id":"https:\/\/kopkopi.com\/pl\/shop\/recznie-robione-kubki-do-kawy-miravet\/#primaryimage"},"thumbnailUrl":"https:\/\/kopkopi.com\/wp-content\/uploads\/2023\/07\/diff-scaled.jpg","datePublished":"2023-07-03T18:17:05+00:00","dateModified":"2023-07-03T18:26:06+00:00","description":"Odkryj elegancj\u0119 naszych limitowanych, r\u0119cznie robionych kubk\u00f3w do kawy Miravet. Perfekcyjne po\u0142\u0105czenie funkcjonalno\u015bci i artystycznego wyko\u0144czenia, idealne dla ka\u017cdego mi\u0142o\u015bnika kawy. Zapoznaj si\u0119 z bogatym dziedzictwem ceramiki Miravet ju\u017c dzi\u015b.","breadcrumb":{"@id":"https:\/\/kopkopi.com\/pl\/shop\/recznie-robione-kubki-do-kawy-miravet\/#breadcrumb"},"inLanguage":"pl-PL","potentialAction":[{"@type":"ReadAction","target":["https:\/\/kopkopi.com\/pl\/shop\/recznie-robione-kubki-do-kawy-miravet\/"]}]},{"@type":"ImageObject","inLanguage":"pl-PL","@id":"https:\/\/kopkopi.com\/pl\/shop\/recznie-robione-kubki-do-kawy-miravet\/#primaryimage","url":"https:\/\/kopkopi.com\/wp-content\/uploads\/2023\/07\/diff-scaled.jpg","contentUrl":"https:\/\/kopkopi.com\/wp-content\/uploads\/2023\/07\/diff-scaled.jpg","width":2560,"height":2560},{"@type":"BreadcrumbList","@id":"https:\/\/kopkopi.com\/pl\/shop\/recznie-robione-kubki-do-kawy-miravet\/#breadcrumb","itemListElement":[{"@type":"ListItem","position":1,"name":"Home","item":"https:\/\/kopkopi.com\/pl\/sklep\/"},{"@type":"ListItem","position":2,"name":"SKLEP","item":"https:\/\/kopkopi.com\/pl\/sklep\/"},{"@type":"ListItem","position":3,"name":"Kubek Miravet"}]},{"@type":"WebSite","@id":"https:\/\/kopkopi.com\/#website","url":"https:\/\/kopkopi.com\/","name":"KOPKOPI","description":"COFFEE &amp; CULTURE","publisher":{"@id":"https:\/\/kopkopi.com\/#organization"},"potentialAction":[{"@type":"SearchAction","target":{"@type":"EntryPoint","urlTemplate":"https:\/\/kopkopi.com\/?s={search_term_string}"},"query-input":{"@type":"PropertyValueSpecification","valueRequired":true,"valueName":"search_term_string"}}],"inLanguage":"pl-PL"},{"@type":"Organization","@id":"https:\/\/kopkopi.com\/#organization","name":"KOPKOPI","url":"https:\/\/kopkopi.com\/","logo":{"@type":"ImageObject","inLanguage":"pl-PL","@id":"https:\/\/kopkopi.com\/#\/schema\/logo\/image\/","url":"https:\/\/kopkopi.com\/wp-content\/uploads\/2021\/07\/FINAL-LOGO_DOUBLE-LINES_BLACK.png","contentUrl":"https:\/\/kopkopi.com\/wp-content\/uploads\/2021\/07\/FINAL-LOGO_DOUBLE-LINES_BLACK.png","width":1280,"height":1280,"caption":"KOPKOPI"},"image":{"@id":"https:\/\/kopkopi.com\/#\/schema\/logo\/image\/"},"sameAs":["https:\/\/www.facebook.com\/kopkopidotcom","https:\/\/x.com\/kopkopidotcom"]}]}},"_links":{"self":[{"href":"https:\/\/kopkopi.com\/pl\/wp-json\/wp\/v2\/product\/15157","targetHints":{"allow":["GET"]}}],"collection":[{"href":"https:\/\/kopkopi.com\/pl\/wp-json\/wp\/v2\/product"}],"about":[{"href":"https:\/\/kopkopi.com\/pl\/wp-json\/wp\/v2\/types\/product"}],"replies":[{"embeddable":true,"href":"https:\/\/kopkopi.com\/pl\/wp-json\/wp\/v2\/comments?post=15157"}],"version-history":[{"count":3,"href":"https:\/\/kopkopi.com\/pl\/wp-json\/wp\/v2\/product\/15157\/revisions"}],"predecessor-version":[{"id":15162,"href":"https:\/\/kopkopi.com\/pl\/wp-json\/wp\/v2\/product\/15157\/revisions\/15162"}],"wp:featuredmedia":[{"embeddable":true,"href":"https:\/\/kopkopi.com\/pl\/wp-json\/wp\/v2\/media\/15171"}],"wp:attachment":[{"href":"https:\/\/kopkopi.com\/pl\/wp-json\/wp\/v2\/media?parent=15157"}],"wp:term":[{"taxonomy":"product_cat","embeddable":true,"href":"https:\/\/kopkopi.com\/pl\/wp-json\/wp\/v2\/product_cat?post=15157"},{"taxonomy":"product_tag","embeddable":true,"href":"https:\/\/kopkopi.com\/pl\/wp-json\/wp\/v2\/product_tag?post=15157"}],"curies":[{"name":"wp","href":"https:\/\/api.w.org\/{rel}","templated":true}]}}