{"id":2838,"date":"2021-01-28T22:34:25","date_gmt":"2021-01-28T21:34:25","guid":{"rendered":"https:\/\/kopkopi.com\/shop\/la-paz-quiche-washed-2\/"},"modified":"2026-04-05T03:02:15","modified_gmt":"2026-04-05T02:02:15","slug":"kawa-speciality-gwatemala-la-paz-quiche-washed","status":"publish","type":"product","link":"https:\/\/kopkopi.com\/pl\/shop\/kawa-speciality-gwatemala-la-paz-quiche-washed\/","title":{"rendered":"Gwatemala La Paz Quich\u00e9 Washed pod Filtr i Espresso"},"content":{"rendered":"<p style=\"text-align: justify;\">Kawa speciality i Gwatemala &#8211; te dwie frazy s\u0105 ze sob\u0105 po\u0142\u0105czone od dawna, gdy\u017c kraj ten jest wyznacznikiem jako\u015bci i dystynktywnych smak\u00f3w ziaren. Kawa z plantacji La Perla, kt\u00f3ra zdoby\u0142a Cup of Excellence.<\/p>\n<p>Finca La Perla (posiad\u0142o\u015b\u0107 La Perla) po\u0142o\u017cona w staro\u017cytnych g\u00f3rach departamentu El Quich\u00e9, miejsce z \u017cyznymi ziemiami i majestatycznym pi\u0119knem, wzbogacone obfit\u0105 wod\u0105 i \u201emikroklimatami\u201d pochodz\u0105cymi z Zatoki Meksyka\u0144skiej, zawsze stanowi\u0142o ogromne wyzwanie dla rodziny Arenas; zw\u0142aszcza ze wzgl\u0119du na odleg\u0142o\u015b\u0107, utrudniony dojazd, brak dr\u00f3g i nier\u00f3wny teren.<\/p>\n<p style=\"text-align: justify;\">Jednak dzi\u0119ki wizji, wytrwa\u0142o\u015bci, po\u015bwi\u0119ceniu, \u017cmudnej pracy, niezachwianej wierze i mi\u0142o\u015bci do ziemi i jej mieszka\u0144c\u00f3w, Jos\u00e9 Luis i Amparo Arenas \u201ePatriarchowie\u201d, dzi\u015b \u201eCisi Stra\u017cnicy\u201d ich dziedzictwa, dokonali niemo\u017cliwego: przemieniaj\u0105c ten niego\u015bcinny kawa\u0142 ziemi na pewnego rodzaju \u201eziemi\u0119 obiecan\u0105\u201d &#8211;\u00a0 miejsce nadziei, marze\u0144 i niewyobra\u017calnego spe\u0142nienia.<\/p>\n<p style=\"text-align: justify;\">La Perla zosta\u0142a za\u0142o\u017cona w 1895 roku przez rodzin\u0119 Arenas i znajduje si\u0119 w departamencie La Quiche w Gwatemali. El Quiche by\u0142 jednym z najbardziej dotkni\u0119tych region\u00f3w podczas wojny domowej w Gwatemali, a La Perla jest pami\u0119tana ze wspierania rdzennej ludno\u015bci Gwatemali w tym czasie.<\/p>\n<p style=\"text-align: justify;\">Bracia Arenas nadal aktywnie uczestnicz\u0105 w ruchu na rzecz rozwoju spo\u0142ecznego i gospodarczego pracownik\u00f3w Gwatemali. Wspieraj\u0105 s\u0105siednie miasta poprzez projekty zdrowotne i spo\u0142eczne oraz wdra\u017caj\u0105c w regionie bezp\u0142atne, przedsi\u0119biorcze \u015brodowiska pracy.<\/p>\n<p style=\"text-align: justify;\">Ta kawa jest dzi\u015b znana jako \u201eCafe de la Paz\u201d, czyli Kawa Pokoju.<\/p>\n<p style=\"text-align: justify;\">La Paz oznacza pok\u00f3j. KOPKOPI prezentuje kaw\u0119 pokoju z Gwatemali. Wspania\u0142\u0105 rzecz\u0105 w tej kawie jest r\u00f3wnowaga smak\u00f3w i owocowa soczysto\u015b\u0107. Ta plantacja przesz\u0142a przez morderstwa, wojny z si\u0142ami partyzanckimi, Guerilla Forces i Ronalda Reagana. Przeczytaj wi\u0119cej, aby dowiedzie\u0107 si\u0119 jak to wszystko jest po\u0142\u0105czone.<\/p>\n<p>&nbsp;<\/p>\n<p style=\"text-align: justify;\">To kawa SHB Fancy EP z Finca La Perla, odizolowanej farmy po\u0142o\u017conej na zachodnich wy\u017cynach Gwatemali.<\/p>\n<p style=\"text-align: justify;\">La Perla zosta\u0142a za\u0142o\u017cona w 1895 roku przez rodzin\u0119 Arenas i znajduje si\u0119 w departamencie La Quiche w Gwatemali. El Quiche by\u0142 jednym z najbardziej dotkni\u0119tych region\u00f3w podczas wojny domowej w Gwatemali, a La Perla jest pami\u0119tana ze wspierania rdzennej ludno\u015bci Gwatemali w tym czasie.<\/p>\n<p style=\"text-align: justify;\">Bracia Arenas nadal aktywnie uczestnicz\u0105 w ruchu na rzecz rozwoju spo\u0142ecznego i gospodarczego pracownik\u00f3w Gwatemali. Wspieraj\u0105 s\u0105siednie miasta poprzez projekty zdrowotne i spo\u0142eczne oraz wdra\u017caj\u0105c w regionie bezp\u0142atne, przedsi\u0119biorcze \u015brodowiska pracy.<\/p>\n<p style=\"text-align: justify;\">Ta kawa jest dzi\u015b znana jako \u201eCafe de la Paz\u201d, czyli Kawa Pokoju.<\/p>\n<p>Kawa Speciality Gwatemala<\/p>\n","protected":false},"excerpt":{"rendered":"<p style=\"text-align: justify;\">La Paz oznacza pok\u00f3j. KOPKOPI prezentuje kaw\u0119 pokoju z Gwatemali. Wspania\u0142\u0105 rzecz\u0105 w tej kawie jest r\u00f3wnowaga smak\u00f3w i owocowa soczysto\u015b\u0107. Ta plantacja przesz\u0142a przez morderstwa, wojny z si\u0142ami partyzanckimi, Guerilla Forces i Ronalda Reagana. Przeczytaj wi\u0119cej, aby dowiedzie\u0107 si\u0119 jak to wszystko jest po\u0142\u0105czone.<\/p>\n<p>&nbsp;<\/p>\n<p style=\"text-align: justify;\">To kawa SHB Fancy EP z Finca La Perla, odizolowanej farmy po\u0142o\u017conej na zachodnich wy\u017cynach Gwatemali.<\/p>\n<p style=\"text-align: justify;\">La Perla zosta\u0142a za\u0142o\u017cona w 1895 roku przez rodzin\u0119 Arenas i znajduje si\u0119 w departamencie La Quiche w Gwatemali. El Quiche by\u0142 jednym z najbardziej dotkni\u0119tych region\u00f3w podczas wojny domowej w Gwatemali, a La Perla jest pami\u0119tana ze wspierania rdzennej ludno\u015bci Gwatemali w tym czasie.<\/p>\n<p style=\"text-align: justify;\">Bracia Arenas nadal aktywnie uczestnicz\u0105 w ruchu na rzecz rozwoju spo\u0142ecznego i gospodarczego pracownik\u00f3w Gwatemali. Wspieraj\u0105 s\u0105siednie miasta poprzez projekty zdrowotne i spo\u0142eczne oraz wdra\u017caj\u0105c w regionie bezp\u0142atne, przedsi\u0119biorcze \u015brodowiska pracy.<\/p>\n<p style=\"text-align: justify;\">Ta kawa jest dzi\u015b znana jako \u201eCafe de la Paz\u201d, czyli Kawa Pokoju.<\/p>\n<p>&nbsp;<\/p>\n","protected":false},"featured_media":2606,"comment_status":"open","ping_status":"closed","template":"","meta":[],"product_cat":[629,96],"product_tag":[583,636,646,648],"class_list":{"0":"post-2838","1":"product","2":"type-product","3":"status-publish","4":"has-post-thumbnail","6":"product_brand-kopkopi","7":"product_cat-250-gram-pl","8":"product_cat-wypalona-kawa","9":"product_tag-fresh-pl","10":"product_tag-guatemala-pl","11":"product_tag-kawa-specialty","12":"product_tag-mita","13":"product_shipping_class-singlepack-pl","14":"pa_acidity-srednia","15":"pa_process-washed-pl","16":"pa_roast-date-01-02-2025-pl","17":"pa_variatal-bourbon-pl","19":"first","20":"outofstock","21":"sale","22":"taxable","23":"shipping-taxable","24":"purchasable","25":"product-type-variable","26":"has-default-attributes"},"bundle_layout":"","bundle_add_to_cart_form_location":"","bundle_editable_in_cart":false,"bundle_sold_individually_context":"","bundle_item_grouping":"","bundle_min_size":"","bundle_max_size":"","bundled_by":["8927","8932"],"bundled_items":[],"yoast_head":"<!-- This site is optimized with the Yoast SEO plugin v23.8 - https:\/\/yoast.com\/wordpress\/plugins\/seo\/ -->\n<title>Kawa speciality - Gwatemala La Paz Quich\u00e9 Washed pod Filtr i Espresso - KOPKOPI<\/title>\n<meta name=\"description\" content=\"Kawa speciality Gwatemala - odkryj jej r\u00f3wnowag\u0119 smak\u00f3w i owocow\u0105 soczysto\u015b\u0107. Spr\u00f3buj &quot;Cafe de La Paz&quot; - czyli kawy pokoju.\" \/>\n<meta name=\"robots\" content=\"index, follow, max-snippet:-1, max-image-preview:large, max-video-preview:-1\" \/>\n<link rel=\"canonical\" href=\"https:\/\/kopkopi.com\/pl\/shop\/kawa-speciality-gwatemala-la-paz-quiche-washed\/\" \/>\n<meta property=\"og:locale\" content=\"pl_PL\" \/>\n<meta property=\"og:type\" content=\"article\" \/>\n<meta property=\"og:title\" content=\"Kawa speciality - Gwatemala La Paz Quich\u00e9 Washed pod Filtr i Espresso - KOPKOPI\" \/>\n<meta property=\"og:description\" content=\"Kawa speciality Gwatemala - odkryj jej r\u00f3wnowag\u0119 smak\u00f3w i owocow\u0105 soczysto\u015b\u0107. Spr\u00f3buj &quot;Cafe de La Paz&quot; - czyli kawy pokoju.\" \/>\n<meta property=\"og:url\" content=\"https:\/\/kopkopi.com\/pl\/shop\/kawa-speciality-gwatemala-la-paz-quiche-washed\/\" \/>\n<meta property=\"og:site_name\" content=\"KOPKOPI\" \/>\n<meta property=\"article:publisher\" content=\"https:\/\/www.facebook.com\/kopkopidotcom\" \/>\n<meta property=\"article:modified_time\" content=\"2026-04-05T02:02:15+00:00\" \/>\n<meta property=\"og:image\" content=\"https:\/\/kopkopi.com\/wp-content\/uploads\/2021\/01\/La_Paz_PL_Transparent.png\" \/>\n\t<meta property=\"og:image:width\" content=\"1280\" \/>\n\t<meta property=\"og:image:height\" content=\"1280\" \/>\n\t<meta property=\"og:image:type\" content=\"image\/png\" \/>\n<meta name=\"twitter:card\" content=\"summary_large_image\" \/>\n<meta name=\"twitter:site\" content=\"@kopkopidotcom\" \/>\n<meta name=\"twitter:label1\" content=\"Szacowany czas czytania\" \/>\n\t<meta name=\"twitter:data1\" content=\"2 minuty\" \/>\n<script type=\"application\/ld+json\" class=\"yoast-schema-graph\">{\"@context\":\"https:\/\/schema.org\",\"@graph\":[{\"@type\":[\"WebPage\",\"ItemPage\"],\"@id\":\"https:\/\/kopkopi.com\/pl\/shop\/kawa-speciality-gwatemala-la-paz-quiche-washed\/\",\"url\":\"https:\/\/kopkopi.com\/pl\/shop\/kawa-speciality-gwatemala-la-paz-quiche-washed\/\",\"name\":\"Kawa speciality - Gwatemala La Paz Quich\u00e9 Washed pod Filtr i Espresso - KOPKOPI\",\"isPartOf\":{\"@id\":\"https:\/\/kopkopi.com\/#website\"},\"primaryImageOfPage\":{\"@id\":\"https:\/\/kopkopi.com\/pl\/shop\/kawa-speciality-gwatemala-la-paz-quiche-washed\/#primaryimage\"},\"image\":{\"@id\":\"https:\/\/kopkopi.com\/pl\/shop\/kawa-speciality-gwatemala-la-paz-quiche-washed\/#primaryimage\"},\"thumbnailUrl\":\"https:\/\/kopkopi.com\/wp-content\/uploads\/2021\/01\/La_Paz_PL_Transparent.png\",\"datePublished\":\"2021-01-28T21:34:25+00:00\",\"dateModified\":\"2026-04-05T02:02:15+00:00\",\"description\":\"Kawa speciality Gwatemala - odkryj jej r\u00f3wnowag\u0119 smak\u00f3w i owocow\u0105 soczysto\u015b\u0107. Spr\u00f3buj \\\"Cafe de La Paz\\\" - czyli kawy pokoju.\",\"breadcrumb\":{\"@id\":\"https:\/\/kopkopi.com\/pl\/shop\/kawa-speciality-gwatemala-la-paz-quiche-washed\/#breadcrumb\"},\"inLanguage\":\"pl-PL\",\"potentialAction\":[{\"@type\":\"ReadAction\",\"target\":[\"https:\/\/kopkopi.com\/pl\/shop\/kawa-speciality-gwatemala-la-paz-quiche-washed\/\"]}]},{\"@type\":\"ImageObject\",\"inLanguage\":\"pl-PL\",\"@id\":\"https:\/\/kopkopi.com\/pl\/shop\/kawa-speciality-gwatemala-la-paz-quiche-washed\/#primaryimage\",\"url\":\"https:\/\/kopkopi.com\/wp-content\/uploads\/2021\/01\/La_Paz_PL_Transparent.png\",\"contentUrl\":\"https:\/\/kopkopi.com\/wp-content\/uploads\/2021\/01\/La_Paz_PL_Transparent.png\",\"width\":1280,\"height\":1280},{\"@type\":\"BreadcrumbList\",\"@id\":\"https:\/\/kopkopi.com\/pl\/shop\/kawa-speciality-gwatemala-la-paz-quiche-washed\/#breadcrumb\",\"itemListElement\":[{\"@type\":\"ListItem\",\"position\":1,\"name\":\"Home\",\"item\":\"https:\/\/kopkopi.com\/pl\/sklep\/\"},{\"@type\":\"ListItem\",\"position\":2,\"name\":\"SKLEP\",\"item\":\"https:\/\/kopkopi.com\/pl\/sklep\/\"},{\"@type\":\"ListItem\",\"position\":3,\"name\":\"Gwatemala La Paz Quich\u00e9 Washed pod Filtr i Espresso\"}]},{\"@type\":\"WebSite\",\"@id\":\"https:\/\/kopkopi.com\/#website\",\"url\":\"https:\/\/kopkopi.com\/\",\"name\":\"KOPKOPI\",\"description\":\"COFFEE &amp; CULTURE\",\"publisher\":{\"@id\":\"https:\/\/kopkopi.com\/#organization\"},\"potentialAction\":[{\"@type\":\"SearchAction\",\"target\":{\"@type\":\"EntryPoint\",\"urlTemplate\":\"https:\/\/kopkopi.com\/?s={search_term_string}\"},\"query-input\":{\"@type\":\"PropertyValueSpecification\",\"valueRequired\":true,\"valueName\":\"search_term_string\"}}],\"inLanguage\":\"pl-PL\"},{\"@type\":\"Organization\",\"@id\":\"https:\/\/kopkopi.com\/#organization\",\"name\":\"KOPKOPI\",\"url\":\"https:\/\/kopkopi.com\/\",\"logo\":{\"@type\":\"ImageObject\",\"inLanguage\":\"pl-PL\",\"@id\":\"https:\/\/kopkopi.com\/#\/schema\/logo\/image\/\",\"url\":\"https:\/\/kopkopi.com\/wp-content\/uploads\/2021\/07\/FINAL-LOGO_DOUBLE-LINES_BLACK.png\",\"contentUrl\":\"https:\/\/kopkopi.com\/wp-content\/uploads\/2021\/07\/FINAL-LOGO_DOUBLE-LINES_BLACK.png\",\"width\":1280,\"height\":1280,\"caption\":\"KOPKOPI\"},\"image\":{\"@id\":\"https:\/\/kopkopi.com\/#\/schema\/logo\/image\/\"},\"sameAs\":[\"https:\/\/www.facebook.com\/kopkopidotcom\",\"https:\/\/x.com\/kopkopidotcom\"]}]}<\/script>\n<!-- \/ Yoast SEO plugin. -->","yoast_head_json":{"title":"Kawa speciality - Gwatemala La Paz Quich\u00e9 Washed pod Filtr i Espresso - KOPKOPI","description":"Kawa speciality Gwatemala - odkryj jej r\u00f3wnowag\u0119 smak\u00f3w i owocow\u0105 soczysto\u015b\u0107. Spr\u00f3buj \"Cafe de La Paz\" - czyli kawy pokoju.","robots":{"index":"index","follow":"follow","max-snippet":"max-snippet:-1","max-image-preview":"max-image-preview:large","max-video-preview":"max-video-preview:-1"},"canonical":"https:\/\/kopkopi.com\/pl\/shop\/kawa-speciality-gwatemala-la-paz-quiche-washed\/","og_locale":"pl_PL","og_type":"article","og_title":"Kawa speciality - Gwatemala La Paz Quich\u00e9 Washed pod Filtr i Espresso - KOPKOPI","og_description":"Kawa speciality Gwatemala - odkryj jej r\u00f3wnowag\u0119 smak\u00f3w i owocow\u0105 soczysto\u015b\u0107. Spr\u00f3buj \"Cafe de La Paz\" - czyli kawy pokoju.","og_url":"https:\/\/kopkopi.com\/pl\/shop\/kawa-speciality-gwatemala-la-paz-quiche-washed\/","og_site_name":"KOPKOPI","article_publisher":"https:\/\/www.facebook.com\/kopkopidotcom","article_modified_time":"2026-04-05T02:02:15+00:00","og_image":[{"width":1280,"height":1280,"url":"https:\/\/kopkopi.com\/wp-content\/uploads\/2021\/01\/La_Paz_PL_Transparent.png","type":"image\/png"}],"twitter_card":"summary_large_image","twitter_site":"@kopkopidotcom","twitter_misc":{"Szacowany czas czytania":"2 minuty"},"schema":{"@context":"https:\/\/schema.org","@graph":[{"@type":["WebPage","ItemPage"],"@id":"https:\/\/kopkopi.com\/pl\/shop\/kawa-speciality-gwatemala-la-paz-quiche-washed\/","url":"https:\/\/kopkopi.com\/pl\/shop\/kawa-speciality-gwatemala-la-paz-quiche-washed\/","name":"Kawa speciality - Gwatemala La Paz Quich\u00e9 Washed pod Filtr i Espresso - KOPKOPI","isPartOf":{"@id":"https:\/\/kopkopi.com\/#website"},"primaryImageOfPage":{"@id":"https:\/\/kopkopi.com\/pl\/shop\/kawa-speciality-gwatemala-la-paz-quiche-washed\/#primaryimage"},"image":{"@id":"https:\/\/kopkopi.com\/pl\/shop\/kawa-speciality-gwatemala-la-paz-quiche-washed\/#primaryimage"},"thumbnailUrl":"https:\/\/kopkopi.com\/wp-content\/uploads\/2021\/01\/La_Paz_PL_Transparent.png","datePublished":"2021-01-28T21:34:25+00:00","dateModified":"2026-04-05T02:02:15+00:00","description":"Kawa speciality Gwatemala - odkryj jej r\u00f3wnowag\u0119 smak\u00f3w i owocow\u0105 soczysto\u015b\u0107. Spr\u00f3buj \"Cafe de La Paz\" - czyli kawy pokoju.","breadcrumb":{"@id":"https:\/\/kopkopi.com\/pl\/shop\/kawa-speciality-gwatemala-la-paz-quiche-washed\/#breadcrumb"},"inLanguage":"pl-PL","potentialAction":[{"@type":"ReadAction","target":["https:\/\/kopkopi.com\/pl\/shop\/kawa-speciality-gwatemala-la-paz-quiche-washed\/"]}]},{"@type":"ImageObject","inLanguage":"pl-PL","@id":"https:\/\/kopkopi.com\/pl\/shop\/kawa-speciality-gwatemala-la-paz-quiche-washed\/#primaryimage","url":"https:\/\/kopkopi.com\/wp-content\/uploads\/2021\/01\/La_Paz_PL_Transparent.png","contentUrl":"https:\/\/kopkopi.com\/wp-content\/uploads\/2021\/01\/La_Paz_PL_Transparent.png","width":1280,"height":1280},{"@type":"BreadcrumbList","@id":"https:\/\/kopkopi.com\/pl\/shop\/kawa-speciality-gwatemala-la-paz-quiche-washed\/#breadcrumb","itemListElement":[{"@type":"ListItem","position":1,"name":"Home","item":"https:\/\/kopkopi.com\/pl\/sklep\/"},{"@type":"ListItem","position":2,"name":"SKLEP","item":"https:\/\/kopkopi.com\/pl\/sklep\/"},{"@type":"ListItem","position":3,"name":"Gwatemala La Paz Quich\u00e9 Washed pod Filtr i Espresso"}]},{"@type":"WebSite","@id":"https:\/\/kopkopi.com\/#website","url":"https:\/\/kopkopi.com\/","name":"KOPKOPI","description":"COFFEE &amp; CULTURE","publisher":{"@id":"https:\/\/kopkopi.com\/#organization"},"potentialAction":[{"@type":"SearchAction","target":{"@type":"EntryPoint","urlTemplate":"https:\/\/kopkopi.com\/?s={search_term_string}"},"query-input":{"@type":"PropertyValueSpecification","valueRequired":true,"valueName":"search_term_string"}}],"inLanguage":"pl-PL"},{"@type":"Organization","@id":"https:\/\/kopkopi.com\/#organization","name":"KOPKOPI","url":"https:\/\/kopkopi.com\/","logo":{"@type":"ImageObject","inLanguage":"pl-PL","@id":"https:\/\/kopkopi.com\/#\/schema\/logo\/image\/","url":"https:\/\/kopkopi.com\/wp-content\/uploads\/2021\/07\/FINAL-LOGO_DOUBLE-LINES_BLACK.png","contentUrl":"https:\/\/kopkopi.com\/wp-content\/uploads\/2021\/07\/FINAL-LOGO_DOUBLE-LINES_BLACK.png","width":1280,"height":1280,"caption":"KOPKOPI"},"image":{"@id":"https:\/\/kopkopi.com\/#\/schema\/logo\/image\/"},"sameAs":["https:\/\/www.facebook.com\/kopkopidotcom","https:\/\/x.com\/kopkopidotcom"]}]}},"_links":{"self":[{"href":"https:\/\/kopkopi.com\/pl\/wp-json\/wp\/v2\/product\/2838","targetHints":{"allow":["GET"]}}],"collection":[{"href":"https:\/\/kopkopi.com\/pl\/wp-json\/wp\/v2\/product"}],"about":[{"href":"https:\/\/kopkopi.com\/pl\/wp-json\/wp\/v2\/types\/product"}],"replies":[{"embeddable":true,"href":"https:\/\/kopkopi.com\/pl\/wp-json\/wp\/v2\/comments?post=2838"}],"version-history":[{"count":2,"href":"https:\/\/kopkopi.com\/pl\/wp-json\/wp\/v2\/product\/2838\/revisions"}],"predecessor-version":[{"id":15394,"href":"https:\/\/kopkopi.com\/pl\/wp-json\/wp\/v2\/product\/2838\/revisions\/15394"}],"wp:featuredmedia":[{"embeddable":true,"href":"https:\/\/kopkopi.com\/pl\/wp-json\/wp\/v2\/media\/2606"}],"wp:attachment":[{"href":"https:\/\/kopkopi.com\/pl\/wp-json\/wp\/v2\/media?parent=2838"}],"wp:term":[{"taxonomy":"product_cat","embeddable":true,"href":"https:\/\/kopkopi.com\/pl\/wp-json\/wp\/v2\/product_cat?post=2838"},{"taxonomy":"product_tag","embeddable":true,"href":"https:\/\/kopkopi.com\/pl\/wp-json\/wp\/v2\/product_tag?post=2838"}],"curies":[{"name":"wp","href":"https:\/\/api.w.org\/{rel}","templated":true}]}}