{"id":3872,"date":"2021-01-28T22:33:11","date_gmt":"2021-01-28T21:33:11","guid":{"rendered":"https:\/\/kopkopi.com\/shop\/decaf-yamon-washed-2\/"},"modified":"2026-04-05T03:01:33","modified_gmt":"2026-04-05T02:01:33","slug":"bezkofeinowa-kawa-speciality-decaf-yamon-washed","status":"publish","type":"product","link":"https:\/\/kopkopi.com\/pl\/shop\/bezkofeinowa-kawa-speciality-decaf-yamon-washed\/","title":{"rendered":"Peru Decaf Yamon Washed pod Filtr i Espresso"},"content":{"rendered":"<p class=\"p2\">Bezkofeinowa kawa speciality z Peru, przetwarzana metod\u0105 SWISS WATER. Spr\u00f3buj i przekonaj si\u0119, \u017ce kawa bezkofeinowa mo\u017ce by\u0107 pyszna.<\/p>\n<p>Nasza pyszna peruwia\u0144ska kawa z JUMARP Cooperative jest kaw\u0105 pozbawion\u0105 kofeiny w procesie SWISS WATER.<\/p>\n<p>Body jest odwa\u017cne, z nutami glazurowanej wi\u015bni, czekolady i orzech\u00f3w laskowych. Ca\u0142a fili\u017canka jest aromatyczna i g\u0142\u0119boka i jest doskona\u0142ym wyborem dla ka\u017cdego kawosza, kt\u00f3ry nie chce pomin\u0105\u0107 wyra\u017anej intensywno\u015bci Peru.<\/p>\n<p>Nasza organiczna, peruwia\u0144ska kawa Fair Trade wykorzystuje naturaln\u0105 dekofeinizacj\u0119 wody &#8211; innowacyjny proces SWISS WATER, eliminuj\u0105c potrzeb\u0119 stosowania sztucznych zwi\u0105zk\u00f3w lub chemikali\u00f3w podczas ekstrakcji kofeiny, jednocze\u015bnie pomagaj\u0105c zachowa\u0107 smak, r\u00f3wnowag\u0119 i body kawy.<\/p>\n<p>To dobrze wywa\u017cona i delikatna peruwia\u0144ska kawa bezkofeinowa, kt\u00f3ra promuje zr\u00f3wnowa\u017cony rozw\u00f3j gospodarczy i \u015brodowiskowy &#8211; b\u0119dzie ona \u015bwietnym wyborem dla ka\u017cdego mi\u0142o\u015bnika kawy bezkofeinowej, kt\u00f3ry nie chce rezygnowa\u0107 z wyra\u017anej intensywno\u015bci Peru.<\/p>\n<p>Asociaci\u00f3n de Productores Cafetaleros Juan Marco &#8222;El Palto&#8221; &#8211; w skr\u00f3cie JUMARP &#8211; zosta\u0142o za\u0142o\u017cone przez Jos\u00e9 Carranza Barboza w 2003 roku, wraz z 35 innymi rolnikami. Stworzyli oni stowarzyszenie z ch\u0119ci opracowania nowego modelu uprawy i eksportu kawy. W 2012 roku JUMARP &#8222;El Palto&#8221; rozpocz\u0119li ambitny program poprawy jako\u015bci w\u015br\u00f3d swoich cz\u0142onk\u00f3w. Zebrano fundusze z premii za organiczn\u0105 produkcj\u0119, z rz\u0105dowych funduszy oraz wk\u0142adu samych rolnik\u00f3w.<\/p>\n<p class=\"p2\">Produkcja kawy w amazo\u0144skich Andach w p\u00f3\u0142nocnym Peru, gdzie dzia\u0142a JUMARP, rozpocz\u0119\u0142a si\u0119 w latach 50-tych. Praktyki rolnicze przez d\u0142ugi czas opiera\u0142y si\u0119 w du\u017cej mierze na stosowaniu agrochemikali\u00f3w. Po wielu dziesi\u0119cioleciach grupa ta postanowi\u0142a zmieni\u0107 stare metody i rozpocz\u0105\u0107 zr\u00f3wnowa\u017con\u0105 produkcj\u0119 kawy w harmonii z rodzimym lasem. Zdali sobie r\u00f3wnie\u017c spraw\u0119, \u017ce zjednoczeni b\u0119d\u0105 silniejsi w komercjalizacji swojej kawy.<\/p>\n<p class=\"p2\">Jednym z priorytet\u00f3w stowarzyszenia w ci\u0105gu ostatnich dw\u00f3ch lat by\u0142o zwi\u0119kszenie wydajno\u015bci. Aby to osi\u0105gn\u0105\u0107, JUMARP inwestuje po\u0142ow\u0119 otrzymywanej premii w renowacj\u0119 upraw i przestawienie si\u0119 na ekologiczne metody uprawy. Fundusz na programy edukacyjne i budow\u0119 szk\u00f3\u0142 otrzymuje kolejn\u0105 du\u017c\u0105 cz\u0119\u015b\u0107 premii. Pozosta\u0142a cz\u0119\u015b\u0107 przeznaczana jest na wynagrodzenia dla sta\u0142ych pracownik\u00f3w stowarzyszenia.<\/p>\n<p class=\"p2\">\u0141\u0105cznie 188 producent\u00f3w uprawia kaw\u0119 na 549 hektarach w &#8222;Selva Alta&#8221; w p\u00f3\u0142nocnym Peru. Jest to specyficzny typ ekosystemu wyst\u0119puj\u0105cy w Peru i Meksyku, z g\u0119stymi i wilgotnymi lasami. JUMARP zrzesza rolnik\u00f3w z obszaru El Palto w dystrykcie Yam\u00f3n, po\u0142o\u017conym w prowincji Utcubamba w regionie Amazonas w p\u00f3\u0142nocnym Peru &#8211; z kt\u00f3rego pochodzi w\u0142a\u015bnie nasza bezkofeinowa kawa speciality &#8211; Decaf Yamon Washed.<span class=\"Apple-converted-space\">\u00a0<\/span><\/p>\n","protected":false},"excerpt":{"rendered":"<p>Nasza pyszna peruwia\u0144ska kawa z JUMARP Cooperative jest kaw\u0105 pozbawion\u0105 kofeiny w procesie SWISS WATER.<\/p>\n<p>Body jest odwa\u017cne, z nutami glazurowanej wi\u015bni, czekolady i orzech\u00f3w laskowych. Ca\u0142a fili\u017canka jest aromatyczna i g\u0142\u0119boka i jest doskona\u0142ym wyborem dla ka\u017cdego kawosza, kt\u00f3ry nie chce pomin\u0105\u0107 wyra\u017anej intensywno\u015bci Peru.<\/p>\n<p>Nasza organiczna, peruwia\u0144ska kawa Fair Trade wykorzystuje naturaln\u0105 dekofeinizacj\u0119 wody &#8211; innowacyjny proces SWISS WATER, eliminuj\u0105c potrzeb\u0119 stosowania sztucznych zwi\u0105zk\u00f3w lub chemikali\u00f3w podczas ekstrakcji kofeiny, jednocze\u015bnie pomagaj\u0105c zachowa\u0107 smak, r\u00f3wnowag\u0119 i body kawy.<\/p>\n<p>To dobrze wywa\u017cona i delikatna peruwia\u0144ska kawa bezkofeinowa, kt\u00f3ra promuje zr\u00f3wnowa\u017cony rozw\u00f3j gospodarczy i \u015brodowiskowy &#8211; b\u0119dzie ona \u015bwietnym wyborem dla ka\u017cdego mi\u0142o\u015bnika kawy bezkofeinowej, kt\u00f3ry nie chce rezygnowa\u0107 z wyra\u017anej intensywno\u015bci Peru.<\/p>\n","protected":false},"featured_media":2623,"comment_status":"open","ping_status":"closed","template":"","meta":[],"product_cat":[629,96],"product_tag":[322,323,583,690,639,324,325],"class_list":{"0":"post-3872","1":"product","2":"type-product","3":"status-publish","4":"has-post-thumbnail","6":"product_brand-kopkopi","7":"product_cat-250-gram-pl","8":"product_cat-wypalona-kawa","9":"product_tag-amazonas-pl","10":"product_tag-decaf-pl","11":"product_tag-fresh-pl","12":"product_tag-hp-pl","13":"product_tag-omniroast-pl","14":"product_tag-peru-pl","15":"product_tag-swiss-water-pl","16":"product_shipping_class-singlepack-pl","17":"pa_acidity-niska","18":"pa_process-decaf-pl","19":"pa_roast-date-06-02-2024-pl","20":"pa_variatal-catimor-pl","22":"first","23":"outofstock","24":"taxable","25":"shipping-taxable","26":"purchasable","27":"product-type-variable","28":"has-default-attributes"},"bundle_layout":"","bundle_add_to_cart_form_location":"","bundle_editable_in_cart":false,"bundle_sold_individually_context":"","bundle_item_grouping":"","bundle_min_size":"","bundle_max_size":"","bundled_by":["8927","8932"],"bundled_items":[],"yoast_head":"<!-- This site is optimized with the Yoast SEO plugin v23.8 - https:\/\/yoast.com\/wordpress\/plugins\/seo\/ -->\n<title>Bezkofeinowa kawa speciality - Peru Decaf Yamon Washed pod Filtr i Espresso - KOPKOPI<\/title>\n<meta name=\"description\" content=\"Bezkofeinowa kawa speciality z Peru, przetwarzana metod\u0105 SWISS WATER. Spr\u00f3buj i przekonaj si\u0119, \u017ce kawa bezkofeinowa mo\u017ce by\u0107 pyszna!\" \/>\n<meta name=\"robots\" content=\"index, follow, max-snippet:-1, max-image-preview:large, max-video-preview:-1\" \/>\n<link rel=\"canonical\" href=\"https:\/\/kopkopi.com\/pl\/shop\/bezkofeinowa-kawa-speciality-decaf-yamon-washed\/\" \/>\n<meta property=\"og:locale\" content=\"pl_PL\" \/>\n<meta property=\"og:type\" content=\"article\" \/>\n<meta property=\"og:title\" content=\"Bezkofeinowa kawa speciality - Peru Decaf Yamon Washed pod Filtr i Espresso - KOPKOPI\" \/>\n<meta property=\"og:description\" content=\"Bezkofeinowa kawa speciality z Peru, przetwarzana metod\u0105 SWISS WATER. Spr\u00f3buj i przekonaj si\u0119, \u017ce kawa bezkofeinowa mo\u017ce by\u0107 pyszna!\" \/>\n<meta property=\"og:url\" content=\"https:\/\/kopkopi.com\/pl\/shop\/bezkofeinowa-kawa-speciality-decaf-yamon-washed\/\" \/>\n<meta property=\"og:site_name\" content=\"KOPKOPI\" \/>\n<meta property=\"article:publisher\" content=\"https:\/\/www.facebook.com\/kopkopidotcom\" \/>\n<meta property=\"article:modified_time\" content=\"2026-04-05T02:01:33+00:00\" \/>\n<meta property=\"og:image\" content=\"https:\/\/kopkopi.com\/wp-content\/uploads\/2021\/08\/Decaf_PL_Transparent.png\" \/>\n\t<meta property=\"og:image:width\" content=\"1280\" \/>\n\t<meta property=\"og:image:height\" content=\"1280\" \/>\n\t<meta property=\"og:image:type\" content=\"image\/png\" \/>\n<meta name=\"twitter:card\" content=\"summary_large_image\" \/>\n<meta name=\"twitter:site\" content=\"@kopkopidotcom\" \/>\n<meta name=\"twitter:label1\" content=\"Szacowany czas czytania\" \/>\n\t<meta name=\"twitter:data1\" content=\"2 minuty\" \/>\n<script type=\"application\/ld+json\" class=\"yoast-schema-graph\">{\"@context\":\"https:\/\/schema.org\",\"@graph\":[{\"@type\":[\"WebPage\",\"ItemPage\"],\"@id\":\"https:\/\/kopkopi.com\/pl\/shop\/bezkofeinowa-kawa-speciality-decaf-yamon-washed\/\",\"url\":\"https:\/\/kopkopi.com\/pl\/shop\/bezkofeinowa-kawa-speciality-decaf-yamon-washed\/\",\"name\":\"Bezkofeinowa kawa speciality - Peru Decaf Yamon Washed pod Filtr i Espresso - KOPKOPI\",\"isPartOf\":{\"@id\":\"https:\/\/kopkopi.com\/#website\"},\"primaryImageOfPage\":{\"@id\":\"https:\/\/kopkopi.com\/pl\/shop\/bezkofeinowa-kawa-speciality-decaf-yamon-washed\/#primaryimage\"},\"image\":{\"@id\":\"https:\/\/kopkopi.com\/pl\/shop\/bezkofeinowa-kawa-speciality-decaf-yamon-washed\/#primaryimage\"},\"thumbnailUrl\":\"https:\/\/kopkopi.com\/wp-content\/uploads\/2021\/08\/Decaf_PL_Transparent.png\",\"datePublished\":\"2021-01-28T21:33:11+00:00\",\"dateModified\":\"2026-04-05T02:01:33+00:00\",\"description\":\"Bezkofeinowa kawa speciality z Peru, przetwarzana metod\u0105 SWISS WATER. Spr\u00f3buj i przekonaj si\u0119, \u017ce kawa bezkofeinowa mo\u017ce by\u0107 pyszna!\",\"breadcrumb\":{\"@id\":\"https:\/\/kopkopi.com\/pl\/shop\/bezkofeinowa-kawa-speciality-decaf-yamon-washed\/#breadcrumb\"},\"inLanguage\":\"pl-PL\",\"potentialAction\":[{\"@type\":\"ReadAction\",\"target\":[\"https:\/\/kopkopi.com\/pl\/shop\/bezkofeinowa-kawa-speciality-decaf-yamon-washed\/\"]}]},{\"@type\":\"ImageObject\",\"inLanguage\":\"pl-PL\",\"@id\":\"https:\/\/kopkopi.com\/pl\/shop\/bezkofeinowa-kawa-speciality-decaf-yamon-washed\/#primaryimage\",\"url\":\"https:\/\/kopkopi.com\/wp-content\/uploads\/2021\/08\/Decaf_PL_Transparent.png\",\"contentUrl\":\"https:\/\/kopkopi.com\/wp-content\/uploads\/2021\/08\/Decaf_PL_Transparent.png\",\"width\":1280,\"height\":1280},{\"@type\":\"BreadcrumbList\",\"@id\":\"https:\/\/kopkopi.com\/pl\/shop\/bezkofeinowa-kawa-speciality-decaf-yamon-washed\/#breadcrumb\",\"itemListElement\":[{\"@type\":\"ListItem\",\"position\":1,\"name\":\"Home\",\"item\":\"https:\/\/kopkopi.com\/pl\/sklep\/\"},{\"@type\":\"ListItem\",\"position\":2,\"name\":\"SKLEP\",\"item\":\"https:\/\/kopkopi.com\/pl\/sklep\/\"},{\"@type\":\"ListItem\",\"position\":3,\"name\":\"Peru Decaf Yamon Washed pod Filtr i Espresso\"}]},{\"@type\":\"WebSite\",\"@id\":\"https:\/\/kopkopi.com\/#website\",\"url\":\"https:\/\/kopkopi.com\/\",\"name\":\"KOPKOPI\",\"description\":\"COFFEE &amp; CULTURE\",\"publisher\":{\"@id\":\"https:\/\/kopkopi.com\/#organization\"},\"potentialAction\":[{\"@type\":\"SearchAction\",\"target\":{\"@type\":\"EntryPoint\",\"urlTemplate\":\"https:\/\/kopkopi.com\/?s={search_term_string}\"},\"query-input\":{\"@type\":\"PropertyValueSpecification\",\"valueRequired\":true,\"valueName\":\"search_term_string\"}}],\"inLanguage\":\"pl-PL\"},{\"@type\":\"Organization\",\"@id\":\"https:\/\/kopkopi.com\/#organization\",\"name\":\"KOPKOPI\",\"url\":\"https:\/\/kopkopi.com\/\",\"logo\":{\"@type\":\"ImageObject\",\"inLanguage\":\"pl-PL\",\"@id\":\"https:\/\/kopkopi.com\/#\/schema\/logo\/image\/\",\"url\":\"https:\/\/kopkopi.com\/wp-content\/uploads\/2021\/07\/FINAL-LOGO_DOUBLE-LINES_BLACK.png\",\"contentUrl\":\"https:\/\/kopkopi.com\/wp-content\/uploads\/2021\/07\/FINAL-LOGO_DOUBLE-LINES_BLACK.png\",\"width\":1280,\"height\":1280,\"caption\":\"KOPKOPI\"},\"image\":{\"@id\":\"https:\/\/kopkopi.com\/#\/schema\/logo\/image\/\"},\"sameAs\":[\"https:\/\/www.facebook.com\/kopkopidotcom\",\"https:\/\/x.com\/kopkopidotcom\"]}]}<\/script>\n<!-- \/ Yoast SEO plugin. -->","yoast_head_json":{"title":"Bezkofeinowa kawa speciality - Peru Decaf Yamon Washed pod Filtr i Espresso - KOPKOPI","description":"Bezkofeinowa kawa speciality z Peru, przetwarzana metod\u0105 SWISS WATER. Spr\u00f3buj i przekonaj si\u0119, \u017ce kawa bezkofeinowa mo\u017ce by\u0107 pyszna!","robots":{"index":"index","follow":"follow","max-snippet":"max-snippet:-1","max-image-preview":"max-image-preview:large","max-video-preview":"max-video-preview:-1"},"canonical":"https:\/\/kopkopi.com\/pl\/shop\/bezkofeinowa-kawa-speciality-decaf-yamon-washed\/","og_locale":"pl_PL","og_type":"article","og_title":"Bezkofeinowa kawa speciality - Peru Decaf Yamon Washed pod Filtr i Espresso - KOPKOPI","og_description":"Bezkofeinowa kawa speciality z Peru, przetwarzana metod\u0105 SWISS WATER. Spr\u00f3buj i przekonaj si\u0119, \u017ce kawa bezkofeinowa mo\u017ce by\u0107 pyszna!","og_url":"https:\/\/kopkopi.com\/pl\/shop\/bezkofeinowa-kawa-speciality-decaf-yamon-washed\/","og_site_name":"KOPKOPI","article_publisher":"https:\/\/www.facebook.com\/kopkopidotcom","article_modified_time":"2026-04-05T02:01:33+00:00","og_image":[{"width":1280,"height":1280,"url":"https:\/\/kopkopi.com\/wp-content\/uploads\/2021\/08\/Decaf_PL_Transparent.png","type":"image\/png"}],"twitter_card":"summary_large_image","twitter_site":"@kopkopidotcom","twitter_misc":{"Szacowany czas czytania":"2 minuty"},"schema":{"@context":"https:\/\/schema.org","@graph":[{"@type":["WebPage","ItemPage"],"@id":"https:\/\/kopkopi.com\/pl\/shop\/bezkofeinowa-kawa-speciality-decaf-yamon-washed\/","url":"https:\/\/kopkopi.com\/pl\/shop\/bezkofeinowa-kawa-speciality-decaf-yamon-washed\/","name":"Bezkofeinowa kawa speciality - Peru Decaf Yamon Washed pod Filtr i Espresso - KOPKOPI","isPartOf":{"@id":"https:\/\/kopkopi.com\/#website"},"primaryImageOfPage":{"@id":"https:\/\/kopkopi.com\/pl\/shop\/bezkofeinowa-kawa-speciality-decaf-yamon-washed\/#primaryimage"},"image":{"@id":"https:\/\/kopkopi.com\/pl\/shop\/bezkofeinowa-kawa-speciality-decaf-yamon-washed\/#primaryimage"},"thumbnailUrl":"https:\/\/kopkopi.com\/wp-content\/uploads\/2021\/08\/Decaf_PL_Transparent.png","datePublished":"2021-01-28T21:33:11+00:00","dateModified":"2026-04-05T02:01:33+00:00","description":"Bezkofeinowa kawa speciality z Peru, przetwarzana metod\u0105 SWISS WATER. Spr\u00f3buj i przekonaj si\u0119, \u017ce kawa bezkofeinowa mo\u017ce by\u0107 pyszna!","breadcrumb":{"@id":"https:\/\/kopkopi.com\/pl\/shop\/bezkofeinowa-kawa-speciality-decaf-yamon-washed\/#breadcrumb"},"inLanguage":"pl-PL","potentialAction":[{"@type":"ReadAction","target":["https:\/\/kopkopi.com\/pl\/shop\/bezkofeinowa-kawa-speciality-decaf-yamon-washed\/"]}]},{"@type":"ImageObject","inLanguage":"pl-PL","@id":"https:\/\/kopkopi.com\/pl\/shop\/bezkofeinowa-kawa-speciality-decaf-yamon-washed\/#primaryimage","url":"https:\/\/kopkopi.com\/wp-content\/uploads\/2021\/08\/Decaf_PL_Transparent.png","contentUrl":"https:\/\/kopkopi.com\/wp-content\/uploads\/2021\/08\/Decaf_PL_Transparent.png","width":1280,"height":1280},{"@type":"BreadcrumbList","@id":"https:\/\/kopkopi.com\/pl\/shop\/bezkofeinowa-kawa-speciality-decaf-yamon-washed\/#breadcrumb","itemListElement":[{"@type":"ListItem","position":1,"name":"Home","item":"https:\/\/kopkopi.com\/pl\/sklep\/"},{"@type":"ListItem","position":2,"name":"SKLEP","item":"https:\/\/kopkopi.com\/pl\/sklep\/"},{"@type":"ListItem","position":3,"name":"Peru Decaf Yamon Washed pod Filtr i Espresso"}]},{"@type":"WebSite","@id":"https:\/\/kopkopi.com\/#website","url":"https:\/\/kopkopi.com\/","name":"KOPKOPI","description":"COFFEE &amp; CULTURE","publisher":{"@id":"https:\/\/kopkopi.com\/#organization"},"potentialAction":[{"@type":"SearchAction","target":{"@type":"EntryPoint","urlTemplate":"https:\/\/kopkopi.com\/?s={search_term_string}"},"query-input":{"@type":"PropertyValueSpecification","valueRequired":true,"valueName":"search_term_string"}}],"inLanguage":"pl-PL"},{"@type":"Organization","@id":"https:\/\/kopkopi.com\/#organization","name":"KOPKOPI","url":"https:\/\/kopkopi.com\/","logo":{"@type":"ImageObject","inLanguage":"pl-PL","@id":"https:\/\/kopkopi.com\/#\/schema\/logo\/image\/","url":"https:\/\/kopkopi.com\/wp-content\/uploads\/2021\/07\/FINAL-LOGO_DOUBLE-LINES_BLACK.png","contentUrl":"https:\/\/kopkopi.com\/wp-content\/uploads\/2021\/07\/FINAL-LOGO_DOUBLE-LINES_BLACK.png","width":1280,"height":1280,"caption":"KOPKOPI"},"image":{"@id":"https:\/\/kopkopi.com\/#\/schema\/logo\/image\/"},"sameAs":["https:\/\/www.facebook.com\/kopkopidotcom","https:\/\/x.com\/kopkopidotcom"]}]}},"_links":{"self":[{"href":"https:\/\/kopkopi.com\/pl\/wp-json\/wp\/v2\/product\/3872","targetHints":{"allow":["GET"]}}],"collection":[{"href":"https:\/\/kopkopi.com\/pl\/wp-json\/wp\/v2\/product"}],"about":[{"href":"https:\/\/kopkopi.com\/pl\/wp-json\/wp\/v2\/types\/product"}],"replies":[{"embeddable":true,"href":"https:\/\/kopkopi.com\/pl\/wp-json\/wp\/v2\/comments?post=3872"}],"version-history":[{"count":1,"href":"https:\/\/kopkopi.com\/pl\/wp-json\/wp\/v2\/product\/3872\/revisions"}],"predecessor-version":[{"id":13999,"href":"https:\/\/kopkopi.com\/pl\/wp-json\/wp\/v2\/product\/3872\/revisions\/13999"}],"wp:featuredmedia":[{"embeddable":true,"href":"https:\/\/kopkopi.com\/pl\/wp-json\/wp\/v2\/media\/2623"}],"wp:attachment":[{"href":"https:\/\/kopkopi.com\/pl\/wp-json\/wp\/v2\/media?parent=3872"}],"wp:term":[{"taxonomy":"product_cat","embeddable":true,"href":"https:\/\/kopkopi.com\/pl\/wp-json\/wp\/v2\/product_cat?post=3872"},{"taxonomy":"product_tag","embeddable":true,"href":"https:\/\/kopkopi.com\/pl\/wp-json\/wp\/v2\/product_tag?post=3872"}],"curies":[{"name":"wp","href":"https:\/\/api.w.org\/{rel}","templated":true}]}}