{"id":3928,"date":"2021-05-21T14:23:46","date_gmt":"2021-05-21T13:23:46","guid":{"rendered":"https:\/\/kopkopi.com\/?post_type=product&#038;p=3928"},"modified":"2026-04-05T03:02:44","modified_gmt":"2026-04-05T02:02:44","slug":"indonezja-kawa-speciality-sumatra","status":"publish","type":"product","link":"https:\/\/kopkopi.com\/pl\/shop\/indonezja-kawa-speciality-sumatra\/","title":{"rendered":"Indonezja Triple Pick Gayo Washed pod Filtr"},"content":{"rendered":"<div class=\"elementor-element elementor-element-5984f83d elementor-widget elementor-widget-text-editor\" data-id=\"5984f83d\" data-element_type=\"widget\" data-widget_type=\"text-editor.default\">\n<div class=\"elementor-widget-container\">\n<div class=\"elementor-text-editor elementor-clearfix\">\n<p class=\"vc_single_image-wrapper vc_box_border_grey\"><strong>Indonezja, Triple Pick Gayo &#8211; KAWA Z REGIONU GAYO NA WYSPIE SUMATRA<\/strong><\/p>\n<\/div>\n<\/div>\n<\/div>\n<div class=\"elementor-element elementor-element-38b8e678 elementor-widget-divider--view-line elementor-widget elementor-widget-divider\" data-id=\"38b8e678\" data-element_type=\"widget\" data-widget_type=\"divider.default\">\n<div class=\"elementor-widget-container\">\n<div><\/div>\n<div class=\"elementor-divider\">Kawa z regionu Gayo na wyspie Sumatra, przechodz\u0105ca przez 3 rundy r\u0119cznej selekcji, aby zminimalizowa\u0107 defekty, zredukowa\u0107 ziemiste nuty i zwi\u0119kszy\u0107 klarowno\u015b\u0107 smaku.<\/div>\n<\/div>\n<\/div>\n<div class=\"elementor-element elementor-element-17b29150 elementor-widget elementor-widget-text-editor\" data-id=\"17b29150\" data-element_type=\"widget\" data-widget_type=\"text-editor.default\">\n<div class=\"elementor-widget-container\">\n<div class=\"elementor-text-editor elementor-clearfix\">\n<p>\u2063\u2063Ziarna grade 1 \u2013 bez defekt\u00f3w, po obr\u00f3bce semi-wash \u2013 \u201eGiling Basah\u201d po indonezyjsku \u2013 w ten spos\u00f3b zmniejszona zostaje kwasowo\u015b\u0107, czyni\u0105c kaw\u0119 bardziej pe\u0142n\u0105.\u2063<\/p>\n<\/div>\n<\/div>\n<\/div>\n<div class=\"elementor-element elementor-element-580863de elementor-widget elementor-widget-spacer\" data-id=\"580863de\" data-element_type=\"widget\" data-widget_type=\"spacer.default\">\n<div class=\"elementor-widget-container\">\n<div class=\"elementor-spacer\">\n<div class=\"elementor-spacer-inner\"><\/div>\n<\/div>\n<\/div>\n<\/div>\n<div class=\"elementor-element elementor-element-10835710 elementor-widget elementor-widget-text-editor\" data-id=\"10835710\" data-element_type=\"widget\" data-widget_type=\"text-editor.default\">\n<div class=\"elementor-widget-container\">\n<div class=\"elementor-text-editor elementor-clearfix\">\n<p><strong>EKSLUZYWNY I UCZCIWY IMPORT PRZEZ KOPKOPI<\/strong><\/p>\n<\/div>\n<\/div>\n<\/div>\n<div class=\"elementor-element elementor-element-18b2dc8d elementor-widget-divider--view-line elementor-widget elementor-widget-divider\" data-id=\"18b2dc8d\" data-element_type=\"widget\" data-widget_type=\"divider.default\">\n<div class=\"elementor-widget-container\">\n<div class=\"elementor-divider\">Eksluzywny i uczciwy import przez Kopkopi z Orion Ganda, Gayo Highlands, Sumatra, Indonezja<\/div>\n<\/div>\n<\/div>\n<div class=\"elementor-element elementor-element-ead1c8e elementor-widget elementor-widget-spacer\" data-id=\"ead1c8e\" data-element_type=\"widget\" data-widget_type=\"spacer.default\">\n<div class=\"elementor-widget-container\">\n<div class=\"elementor-spacer\">\n<div class=\"elementor-spacer-inner\"><\/div>\n<\/div>\n<\/div>\n<\/div>\n<div class=\"elementor-element elementor-element-133ed0e7 elementor-widget elementor-widget-text-editor\" data-id=\"133ed0e7\" data-element_type=\"widget\" data-widget_type=\"text-editor.default\">\n<div class=\"elementor-widget-container\">\n<div class=\"elementor-text-editor elementor-clearfix\">\n<p><strong>PROFIL SMAKOWY<\/strong><\/p>\n<\/div>\n<\/div>\n<\/div>\n<div class=\"elementor-element elementor-element-44b6136c elementor-widget elementor-widget-text-editor\" data-id=\"44b6136c\" data-element_type=\"widget\" data-widget_type=\"text-editor.default\">\n<div class=\"elementor-widget-container\">\n<div class=\"elementor-text-editor elementor-clearfix\">\n<p>Profil smakowy naszego 3x Pick Gayo Semi-Washed zawiera:<\/p>\n<ul>\n<li>W\u0119\u017cowy owoc (salak),<\/li>\n<li>Surowe kakao,<\/li>\n<li>Palony karmel<\/li>\n<\/ul>\n<\/div>\n<\/div>\n<\/div>\n<div class=\"elementor-element elementor-element-5cb1ff21 elementor-widget elementor-widget-spacer\" data-id=\"5cb1ff21\" data-element_type=\"widget\" data-widget_type=\"spacer.default\">\n<div class=\"elementor-widget-container\">\n<div class=\"elementor-spacer\">\n<div class=\"elementor-spacer-inner\"><\/div>\n<\/div>\n<\/div>\n<\/div>\n<div class=\"elementor-element elementor-element-5cba552f elementor-widget elementor-widget-text-editor\" data-id=\"5cba552f\" data-element_type=\"widget\" data-widget_type=\"text-editor.default\">\n<div class=\"elementor-widget-container\">\n<div class=\"elementor-text-editor elementor-clearfix\">\n<p><strong>Indonezja, Triple Pick Gayo &#8211; POCHODZENIE<\/strong><\/p>\n<\/div>\n<\/div>\n<\/div>\n<div class=\"elementor-element elementor-element-6f3fa98 elementor-widget-divider--view-line elementor-widget elementor-widget-divider\" data-id=\"6f3fa98\" data-element_type=\"widget\" data-widget_type=\"divider.default\">\n<div class=\"elementor-widget-container\">\n<div class=\"elementor-divider\">Gayo Highlands, Aceh, Sumatra, Indonezja<\/div>\n<\/div>\n<div>\n<div class=\"page\" title=\"Page 1\">\n<div class=\"section\">\n<div class=\"layoutArea\">\n<div class=\"column\">\n<p>Kawa z regionu Gayo na wyspie Sumatra, przechodza\u0328ca przez 3 dodatkowe rundy re\u0328cznej selekcji, aby zminimalizowac\u0301 defekty, pomo\u0301c zredukowac\u0301 ziemiste nuty i zwie\u0328kszyc\u0301 klarownos\u0301c\u0301 smaku. Ziarna po obro\u0301bce semi-wash \u2013 \u201eGiling Basah\u201d (od indonezyjskiego \u201emokre mielenie\u201d) \u2013 w ten sposo\u0301b zmniejszona zostaje kwasowos\u0301c\u0301, czynia\u0328c kawe\u0328 bardziej pe\u0142na\u0328.<\/p>\n<\/div>\n<p>&nbsp;<\/p>\n<\/div>\n<\/div>\n<\/div>\n<\/div>\n<\/div>\n","protected":false},"excerpt":{"rendered":"<div class=\"elementor-element elementor-element-38b8e678 elementor-widget-divider--view-line elementor-widget elementor-widget-divider\" data-id=\"38b8e678\" data-element_type=\"widget\" data-widget_type=\"divider.default\">\n<div class=\"elementor-widget-container\">\n<div class=\"elementor-divider\">Kawa z regionu Gayo na wyspie Sumatra, przechodz\u0105ca przez 3 rundy r\u0119cznej selekcji, aby zminimalizowa\u0107 defekty, zredukowa\u0107 ziemiste nuty i zwi\u0119kszy\u0107 klarowno\u015b\u0107 smaku.<\/div>\n<\/div>\n<\/div>\n<div class=\"elementor-element elementor-element-17b29150 elementor-widget elementor-widget-text-editor\" data-id=\"17b29150\" data-element_type=\"widget\" data-widget_type=\"text-editor.default\">\n<div class=\"elementor-widget-container\">\n<div class=\"elementor-text-editor elementor-clearfix\">\n<p>\u2063\u2063Ziarna grade 1 \u2013 bez defekt\u00f3w, po obr\u00f3bce semi-wash \u2013 \u201eGiling Basah\u201d po indonezyjsku \u2013 w ten spos\u00f3b zmniejszona zostaje kwasowo\u015b\u0107, czyni\u0105c kaw\u0119 bardziej pe\u0142n\u0105.\u2063<\/p>\n<\/div>\n<\/div>\n<\/div>\n<div class=\"elementor-element elementor-element-580863de elementor-widget elementor-widget-spacer\" data-id=\"580863de\" data-element_type=\"widget\" data-widget_type=\"spacer.default\">\n<div class=\"elementor-widget-container\">\n<div class=\"elementor-spacer\">\n<div class=\"elementor-spacer-inner\"><\/div>\n<\/div>\n<\/div>\n<\/div>\n<div class=\"elementor-element elementor-element-10835710 elementor-widget elementor-widget-text-editor\" data-id=\"10835710\" data-element_type=\"widget\" data-widget_type=\"text-editor.default\">\n<div class=\"elementor-widget-container\">\n<div class=\"elementor-text-editor elementor-clearfix\">\n<p><strong>EKSLUZYWNY I UCZCIWY IMPORT PRZEZ KOPKOPI<\/strong><\/p>\n<\/div>\n<\/div>\n<\/div>\n<div class=\"elementor-element elementor-element-18b2dc8d elementor-widget-divider--view-line elementor-widget elementor-widget-divider\" data-id=\"18b2dc8d\" data-element_type=\"widget\" data-widget_type=\"divider.default\">\n<div class=\"elementor-widget-container\">\n<div class=\"elementor-divider\">Eksluzywny i uczciwy import przez Kopkopi z Orion Ganda, Gayo Highlands, Sumatra, Indonezja<\/div>\n<\/div>\n<\/div>\n<p><span style=\"font-weight: 400;\">\u00a0<\/span><\/p>\n<p><span style=\"font-weight: 400;\">\u00a0<\/span><\/p>\n","protected":false},"featured_media":5640,"comment_status":"open","ping_status":"closed","template":"","meta":[],"product_cat":[629,96],"product_tag":[583,67,646,641,642],"class_list":{"0":"post-3928","1":"product","2":"type-product","3":"status-publish","4":"has-post-thumbnail","6":"product_brand-kopkopi","7":"product_cat-250-gram-pl","8":"product_cat-wypalona-kawa","9":"product_tag-fresh-pl","10":"product_tag-indonezja","11":"product_tag-kawa-specialty","12":"product_tag-semi-washed-pl","13":"product_tag-sumatra-pl","14":"product_shipping_class-singlepack-pl","15":"pa_acidity-niska","16":"pa_process-giling-basah-pl","17":"pa_roast-date-01-02-2025-pl","18":"pa_variatal-regional-mix-pl","20":"first","21":"outofstock","22":"taxable","23":"shipping-taxable","24":"product-type-variable","25":"has-default-attributes"},"bundle_layout":"","bundle_add_to_cart_form_location":"","bundle_editable_in_cart":false,"bundle_sold_individually_context":"","bundle_item_grouping":"","bundle_min_size":"","bundle_max_size":"","bundled_by":["8927"],"bundled_items":[],"yoast_head":"<!-- This site is optimized with the Yoast SEO plugin v23.8 - https:\/\/yoast.com\/wordpress\/plugins\/seo\/ -->\n<title>Indonezja Triple Pick Gayo Washed pod Filtr - KOPKOPI<\/title>\n<meta name=\"description\" content=\"Indonezja, Triple Pick Gayo - przechodza\u0328ca przez 3 rundy r\u0119cznej selekcji, by zmniejszy\u0107 kwasowo\u015b\u0107, uczyni\u0107 kaw\u0119 przepyszn\u0105 i bardziej pe\u0142n\u0105\" \/>\n<meta name=\"robots\" content=\"index, follow, max-snippet:-1, max-image-preview:large, max-video-preview:-1\" \/>\n<link rel=\"canonical\" href=\"https:\/\/kopkopi.com\/pl\/shop\/triple-pick-gayo-washed-kopia\/\" \/>\n<meta property=\"og:locale\" content=\"pl_PL\" \/>\n<meta property=\"og:type\" content=\"article\" \/>\n<meta property=\"og:title\" content=\"Indonezja Triple Pick Gayo Washed pod Filtr - KOPKOPI\" \/>\n<meta property=\"og:description\" content=\"Indonezja, Triple Pick Gayo - przechodza\u0328ca przez 3 rundy r\u0119cznej selekcji, by zmniejszy\u0107 kwasowo\u015b\u0107, uczyni\u0107 kaw\u0119 przepyszn\u0105 i bardziej pe\u0142n\u0105\" \/>\n<meta property=\"og:url\" content=\"https:\/\/kopkopi.com\/pl\/shop\/triple-pick-gayo-washed-kopia\/\" \/>\n<meta property=\"og:site_name\" content=\"KOPKOPI\" \/>\n<meta property=\"article:publisher\" content=\"https:\/\/www.facebook.com\/kopkopidotcom\" \/>\n<meta property=\"article:modified_time\" content=\"2026-04-05T02:02:44+00:00\" \/>\n<meta property=\"og:image\" content=\"https:\/\/kopkopi.com\/wp-content\/uploads\/2021\/06\/06_GAYO_FRONT_PL_TRANS.png\" \/>\n\t<meta property=\"og:image:width\" content=\"1280\" \/>\n\t<meta property=\"og:image:height\" content=\"1280\" \/>\n\t<meta property=\"og:image:type\" content=\"image\/png\" \/>\n<meta name=\"twitter:card\" content=\"summary_large_image\" \/>\n<meta name=\"twitter:site\" content=\"@kopkopidotcom\" \/>\n<meta name=\"twitter:label1\" content=\"Szacowany czas czytania\" \/>\n\t<meta name=\"twitter:data1\" content=\"1 minuta\" \/>\n<script type=\"application\/ld+json\" class=\"yoast-schema-graph\">{\"@context\":\"https:\/\/schema.org\",\"@graph\":[{\"@type\":[\"WebPage\",\"ItemPage\"],\"@id\":\"https:\/\/kopkopi.com\/pl\/shop\/indonezja-kawa-speciality-sumatra\/\",\"url\":\"https:\/\/kopkopi.com\/pl\/shop\/triple-pick-gayo-washed-kopia\/\",\"name\":\"Indonezja Triple Pick Gayo Washed pod Filtr - KOPKOPI\",\"isPartOf\":{\"@id\":\"https:\/\/kopkopi.com\/#website\"},\"primaryImageOfPage\":{\"@id\":\"https:\/\/kopkopi.com\/pl\/shop\/triple-pick-gayo-washed-kopia\/#primaryimage\"},\"image\":{\"@id\":\"https:\/\/kopkopi.com\/pl\/shop\/triple-pick-gayo-washed-kopia\/#primaryimage\"},\"thumbnailUrl\":\"https:\/\/kopkopi.com\/wp-content\/uploads\/2021\/06\/06_GAYO_FRONT_PL_TRANS.png\",\"datePublished\":\"2021-05-21T13:23:46+00:00\",\"dateModified\":\"2026-04-05T02:02:44+00:00\",\"description\":\"Indonezja, Triple Pick Gayo - przechodza\u0328ca przez 3 rundy r\u0119cznej selekcji, by zmniejszy\u0107 kwasowo\u015b\u0107, uczyni\u0107 kaw\u0119 przepyszn\u0105 i bardziej pe\u0142n\u0105\",\"breadcrumb\":{\"@id\":\"https:\/\/kopkopi.com\/pl\/shop\/triple-pick-gayo-washed-kopia\/#breadcrumb\"},\"inLanguage\":\"pl-PL\",\"potentialAction\":[{\"@type\":\"ReadAction\",\"target\":[\"https:\/\/kopkopi.com\/pl\/shop\/triple-pick-gayo-washed-kopia\/\"]}]},{\"@type\":\"ImageObject\",\"inLanguage\":\"pl-PL\",\"@id\":\"https:\/\/kopkopi.com\/pl\/shop\/triple-pick-gayo-washed-kopia\/#primaryimage\",\"url\":\"https:\/\/kopkopi.com\/wp-content\/uploads\/2021\/06\/06_GAYO_FRONT_PL_TRANS.png\",\"contentUrl\":\"https:\/\/kopkopi.com\/wp-content\/uploads\/2021\/06\/06_GAYO_FRONT_PL_TRANS.png\",\"width\":1280,\"height\":1280},{\"@type\":\"BreadcrumbList\",\"@id\":\"https:\/\/kopkopi.com\/pl\/shop\/triple-pick-gayo-washed-kopia\/#breadcrumb\",\"itemListElement\":[{\"@type\":\"ListItem\",\"position\":1,\"name\":\"Home\",\"item\":\"https:\/\/kopkopi.com\/pl\/sklep\/\"},{\"@type\":\"ListItem\",\"position\":2,\"name\":\"SKLEP\",\"item\":\"https:\/\/kopkopi.com\/pl\/sklep\/\"},{\"@type\":\"ListItem\",\"position\":3,\"name\":\"Indonezja Triple Pick Gayo Washed pod Filtr\"}]},{\"@type\":\"WebSite\",\"@id\":\"https:\/\/kopkopi.com\/#website\",\"url\":\"https:\/\/kopkopi.com\/\",\"name\":\"KOPKOPI\",\"description\":\"COFFEE &amp; CULTURE\",\"publisher\":{\"@id\":\"https:\/\/kopkopi.com\/#organization\"},\"potentialAction\":[{\"@type\":\"SearchAction\",\"target\":{\"@type\":\"EntryPoint\",\"urlTemplate\":\"https:\/\/kopkopi.com\/?s={search_term_string}\"},\"query-input\":{\"@type\":\"PropertyValueSpecification\",\"valueRequired\":true,\"valueName\":\"search_term_string\"}}],\"inLanguage\":\"pl-PL\"},{\"@type\":\"Organization\",\"@id\":\"https:\/\/kopkopi.com\/#organization\",\"name\":\"KOPKOPI\",\"url\":\"https:\/\/kopkopi.com\/\",\"logo\":{\"@type\":\"ImageObject\",\"inLanguage\":\"pl-PL\",\"@id\":\"https:\/\/kopkopi.com\/#\/schema\/logo\/image\/\",\"url\":\"https:\/\/kopkopi.com\/wp-content\/uploads\/2021\/07\/FINAL-LOGO_DOUBLE-LINES_BLACK.png\",\"contentUrl\":\"https:\/\/kopkopi.com\/wp-content\/uploads\/2021\/07\/FINAL-LOGO_DOUBLE-LINES_BLACK.png\",\"width\":1280,\"height\":1280,\"caption\":\"KOPKOPI\"},\"image\":{\"@id\":\"https:\/\/kopkopi.com\/#\/schema\/logo\/image\/\"},\"sameAs\":[\"https:\/\/www.facebook.com\/kopkopidotcom\",\"https:\/\/x.com\/kopkopidotcom\"]}]}<\/script>\n<!-- \/ Yoast SEO plugin. -->","yoast_head_json":{"title":"Indonezja Triple Pick Gayo Washed pod Filtr - KOPKOPI","description":"Indonezja, Triple Pick Gayo - przechodza\u0328ca przez 3 rundy r\u0119cznej selekcji, by zmniejszy\u0107 kwasowo\u015b\u0107, uczyni\u0107 kaw\u0119 przepyszn\u0105 i bardziej pe\u0142n\u0105","robots":{"index":"index","follow":"follow","max-snippet":"max-snippet:-1","max-image-preview":"max-image-preview:large","max-video-preview":"max-video-preview:-1"},"canonical":"https:\/\/kopkopi.com\/pl\/shop\/triple-pick-gayo-washed-kopia\/","og_locale":"pl_PL","og_type":"article","og_title":"Indonezja Triple Pick Gayo Washed pod Filtr - KOPKOPI","og_description":"Indonezja, Triple Pick Gayo - przechodza\u0328ca przez 3 rundy r\u0119cznej selekcji, by zmniejszy\u0107 kwasowo\u015b\u0107, uczyni\u0107 kaw\u0119 przepyszn\u0105 i bardziej pe\u0142n\u0105","og_url":"https:\/\/kopkopi.com\/pl\/shop\/triple-pick-gayo-washed-kopia\/","og_site_name":"KOPKOPI","article_publisher":"https:\/\/www.facebook.com\/kopkopidotcom","article_modified_time":"2026-04-05T02:02:44+00:00","og_image":[{"width":1280,"height":1280,"url":"https:\/\/kopkopi.com\/wp-content\/uploads\/2021\/06\/06_GAYO_FRONT_PL_TRANS.png","type":"image\/png"}],"twitter_card":"summary_large_image","twitter_site":"@kopkopidotcom","twitter_misc":{"Szacowany czas czytania":"1 minuta"},"schema":{"@context":"https:\/\/schema.org","@graph":[{"@type":["WebPage","ItemPage"],"@id":"https:\/\/kopkopi.com\/pl\/shop\/indonezja-kawa-speciality-sumatra\/","url":"https:\/\/kopkopi.com\/pl\/shop\/triple-pick-gayo-washed-kopia\/","name":"Indonezja Triple Pick Gayo Washed pod Filtr - KOPKOPI","isPartOf":{"@id":"https:\/\/kopkopi.com\/#website"},"primaryImageOfPage":{"@id":"https:\/\/kopkopi.com\/pl\/shop\/triple-pick-gayo-washed-kopia\/#primaryimage"},"image":{"@id":"https:\/\/kopkopi.com\/pl\/shop\/triple-pick-gayo-washed-kopia\/#primaryimage"},"thumbnailUrl":"https:\/\/kopkopi.com\/wp-content\/uploads\/2021\/06\/06_GAYO_FRONT_PL_TRANS.png","datePublished":"2021-05-21T13:23:46+00:00","dateModified":"2026-04-05T02:02:44+00:00","description":"Indonezja, Triple Pick Gayo - przechodza\u0328ca przez 3 rundy r\u0119cznej selekcji, by zmniejszy\u0107 kwasowo\u015b\u0107, uczyni\u0107 kaw\u0119 przepyszn\u0105 i bardziej pe\u0142n\u0105","breadcrumb":{"@id":"https:\/\/kopkopi.com\/pl\/shop\/triple-pick-gayo-washed-kopia\/#breadcrumb"},"inLanguage":"pl-PL","potentialAction":[{"@type":"ReadAction","target":["https:\/\/kopkopi.com\/pl\/shop\/triple-pick-gayo-washed-kopia\/"]}]},{"@type":"ImageObject","inLanguage":"pl-PL","@id":"https:\/\/kopkopi.com\/pl\/shop\/triple-pick-gayo-washed-kopia\/#primaryimage","url":"https:\/\/kopkopi.com\/wp-content\/uploads\/2021\/06\/06_GAYO_FRONT_PL_TRANS.png","contentUrl":"https:\/\/kopkopi.com\/wp-content\/uploads\/2021\/06\/06_GAYO_FRONT_PL_TRANS.png","width":1280,"height":1280},{"@type":"BreadcrumbList","@id":"https:\/\/kopkopi.com\/pl\/shop\/triple-pick-gayo-washed-kopia\/#breadcrumb","itemListElement":[{"@type":"ListItem","position":1,"name":"Home","item":"https:\/\/kopkopi.com\/pl\/sklep\/"},{"@type":"ListItem","position":2,"name":"SKLEP","item":"https:\/\/kopkopi.com\/pl\/sklep\/"},{"@type":"ListItem","position":3,"name":"Indonezja Triple Pick Gayo Washed pod Filtr"}]},{"@type":"WebSite","@id":"https:\/\/kopkopi.com\/#website","url":"https:\/\/kopkopi.com\/","name":"KOPKOPI","description":"COFFEE &amp; CULTURE","publisher":{"@id":"https:\/\/kopkopi.com\/#organization"},"potentialAction":[{"@type":"SearchAction","target":{"@type":"EntryPoint","urlTemplate":"https:\/\/kopkopi.com\/?s={search_term_string}"},"query-input":{"@type":"PropertyValueSpecification","valueRequired":true,"valueName":"search_term_string"}}],"inLanguage":"pl-PL"},{"@type":"Organization","@id":"https:\/\/kopkopi.com\/#organization","name":"KOPKOPI","url":"https:\/\/kopkopi.com\/","logo":{"@type":"ImageObject","inLanguage":"pl-PL","@id":"https:\/\/kopkopi.com\/#\/schema\/logo\/image\/","url":"https:\/\/kopkopi.com\/wp-content\/uploads\/2021\/07\/FINAL-LOGO_DOUBLE-LINES_BLACK.png","contentUrl":"https:\/\/kopkopi.com\/wp-content\/uploads\/2021\/07\/FINAL-LOGO_DOUBLE-LINES_BLACK.png","width":1280,"height":1280,"caption":"KOPKOPI"},"image":{"@id":"https:\/\/kopkopi.com\/#\/schema\/logo\/image\/"},"sameAs":["https:\/\/www.facebook.com\/kopkopidotcom","https:\/\/x.com\/kopkopidotcom"]}]}},"_links":{"self":[{"href":"https:\/\/kopkopi.com\/pl\/wp-json\/wp\/v2\/product\/3928","targetHints":{"allow":["GET"]}}],"collection":[{"href":"https:\/\/kopkopi.com\/pl\/wp-json\/wp\/v2\/product"}],"about":[{"href":"https:\/\/kopkopi.com\/pl\/wp-json\/wp\/v2\/types\/product"}],"replies":[{"embeddable":true,"href":"https:\/\/kopkopi.com\/pl\/wp-json\/wp\/v2\/comments?post=3928"}],"version-history":[{"count":0,"href":"https:\/\/kopkopi.com\/pl\/wp-json\/wp\/v2\/product\/3928\/revisions"}],"wp:featuredmedia":[{"embeddable":true,"href":"https:\/\/kopkopi.com\/pl\/wp-json\/wp\/v2\/media\/5640"}],"wp:attachment":[{"href":"https:\/\/kopkopi.com\/pl\/wp-json\/wp\/v2\/media?parent=3928"}],"wp:term":[{"taxonomy":"product_cat","embeddable":true,"href":"https:\/\/kopkopi.com\/pl\/wp-json\/wp\/v2\/product_cat?post=3928"},{"taxonomy":"product_tag","embeddable":true,"href":"https:\/\/kopkopi.com\/pl\/wp-json\/wp\/v2\/product_tag?post=3928"}],"curies":[{"name":"wp","href":"https:\/\/api.w.org\/{rel}","templated":true}]}}