{"id":3934,"date":"2021-05-21T14:36:17","date_gmt":"2021-05-21T13:36:17","guid":{"rendered":"https:\/\/kopkopi.com\/?post_type=product&#038;p=3934"},"modified":"2026-04-02T10:58:45","modified_gmt":"2026-04-02T09:58:45","slug":"indonezja-kawa-speciality-flores","status":"publish","type":"product","link":"https:\/\/kopkopi.com\/pl\/shop\/indonezja-kawa-speciality-flores\/","title":{"rendered":"Indonezja Tuang Manggarai Black Honey pod Filtr i Espresso"},"content":{"rendered":"<p>INDONEZJA, TUANG, BLACK HONEY &#8211; Zafunduj sobie kaw\u0119, dzi\u0119ki kt\u00f3rej b\u0119dzie si\u0119 Tobie chcia\u0142o wstawa\u0107 ka\u017cdego ranka. \u2063\u2063<br \/>\n\u2063\u2063<br \/>\nKawa &#8211; kolaboracja z wyj\u0105tkow\u0105 kawiarni\u0105 Tuang z D\u017cakarty, kt\u00f3ra od lat wsp\u00f3\u0142pracuje ze swoimi farmerami z wyspy Flores.\u2063\u2063<br \/>\n\u2063\u2063\u2063\u2063<br \/>\nZiarna przetwarzane metod\u0105 black honey b\u0119d\u0105 perfekcyjne pod Twojego soczystego porannego AeroPressa lub pod s\u0142odziutkiego dripa (tak\u017ce na lodzie \ud83e\uddca\u2063).\u2063\u2063<br \/>\n\u2063\u2063\u2063\u2063\u2063\u2063<br \/>\n\u2728Pochodzenie: Manggarai, Flores, Indonezja\u2063\u2063\u2063\u2063<br \/>\n\u2063\u2063\u2063\u2063<br \/>\nW lokalnym j\u0119zyku Manggarai Tuang oznacza kr\u00f3la &#8211; ich celem jest serwowanie kawy godnej kr\u00f3lewskiej mo\u015bci. \u2063\u2063\u2063\u2063<br \/>\n\u2063\u2063\u2063\u2063<br \/>\nKupuj\u0105c t\u0105 kaw\u0119 wspierasz si\u0119 do rozwoju uczciwego handlu i prostego importu, bez zb\u0119dnych po\u015brednik\u00f3w po drodze. Skracamy drog\u0119 kawy &#8211; od farmy do kubka &#8211; tak, aby jak najszybciej trafi\u0142a w Twoje r\u0119ce.<\/p>\n<p>&nbsp;<\/p>\n<p>O ODMIANIE KARTIKA II<\/p>\n<div class=\"elementor-element elementor-element-b1c43c2 elementor-widget elementor-widget-text-editor\" data-id=\"b1c43c2\" data-element_type=\"widget\" data-widget_type=\"text-editor.default\">\n<div class=\"elementor-widget-container\">\n<div class=\"elementor-text-editor elementor-clearfix\">\n<p><em>\u201eKartika jest mieszank\u0105 Hybrid-de-Timor i Caturra.<\/em><\/p>\n<p><em>Hybrid-de-Timore zosta\u0142a stworzona w celu uzyskania bardziej wydajnych i mocniejszych drzewek kawowych, wi\u0119c zosta\u0142a skrzy\u017aowana\u00a0 pomi\u0119dzy arabik\u0105 i robust\u0105. Tworzy ona wi\u0119ksze i d\u0142u\u017csze ziarna oraz bujne li\u015bcie.<\/em><\/p>\n<p><em>Z kolei sama Caturra by\u0142a mutacj\u0105 odmiany bourbon, kt\u00f3ra ma bardziej jaskraw\u0105 kwasowo\u015b\u0107 i okr\u0105g\u0142y profil tekstury.\u201d<\/em><\/p>\n<p>&nbsp;<\/p>\n<\/div>\n<\/div>\n<\/div>\n<p>INDONEZJA, TUANG, BLACK HONEY &#8211; KR\u00d3TKO O TUANG<\/p>\n<p>&nbsp;<\/p>\n<p>Zesp\u00f3\u0142 Tuang wci\u0105\u017c uczy si\u0119 o drzewach kawowca, glebie, odmianach i fermentacji. Zawsze chc\u0105 si\u0119 doskonali\u0107, poniewa\u017c wierz\u0105, \u017ce kawa nie jest tylko form\u0105 gorzkiego i czarnego naparu, powinna by\u0107 eksplozj\u0105 smak\u00f3w, kt\u00f3ra jest wyj\u0105tkowa dla ziarna i procesu, z kt\u00f3rego pochodzi. \u201eAby zrealizowa\u0107 t\u0119 ide\u0119, nale\u017cy wyj\u015b\u0107 poza istniej\u0105ce paradygmaty kawy i eksperymentowa\u0107 bez uprzedze\u0144\u201d.<\/p>\n<p>&nbsp;<\/p>\n<p>Opr\u00f3cz tego, du\u017c\u0105 rol\u0119 dla Tuang odgrywa zr\u00f3wnowa\u017cony rozw\u00f3j. Wsp\u00f3\u0142pracuj\u0105 z lokalnymi rolnikami z Flores w Indonezji, stawiaj\u0105c zr\u00f3wnowa\u017cony rozw\u00f3j kawy jako priorytet poprzez utrzymanie dostaw, wzmocnienie popytu rynkowego i popraw\u0119 warunk\u00f3w \u017cycia rolnik\u00f3w, przy jednoczesnej ochronie przyrody w ca\u0142ym procesie.<\/p>\n<p>O byciu w bran\u017cy przetw\u00f3rstwa kawy, w\u0142asnymi s\u0142owami pracownik\u00f3w Tuang: \u201eW jaki\u015b spos\u00f3b wci\u0105\u017c nie do ko\u0144ca rozumiemy, czym jest kawa we w\u0142a\u015bciwej formie, poniewa\u017c ci\u0105gle si\u0119 zmienia. Chcemy wi\u0119c po prostu cieszy\u0107 si\u0119 procesem dodawania warto\u015bci dla wszystkich zaanga\u017cowanych w ten proces, a tak\u017ce do\u015bwiadcza\u0107 ka\u017cdej formy zmiany, b\u0119d\u0105c jej cz\u0119\u015bci\u0105\u201d.<\/p>\n<p>&nbsp;<\/p>\n<p>Pracownicy Tuang\u2019s wsp\u00f3\u0142pracuj\u0105 z lokalnymi rolnikami z regionu Manggarai na wyspie Flores w Indonezji, zapewniaj\u0105c im infrastruktur\u0119 przetw\u00f3rcz\u0105, dzi\u0119ki kt\u00f3rej nie musz\u0105 martwi\u0107 si\u0119 o koszty przetwarzania swoich ziaren. Rolnicy mieli mentalno\u015b\u0107, \u017ce kawa jest prostym produktem towarowym, kt\u00f3ry smakuje gorzko, ale ludzie w Tuang zmienili to w lepsze zrozumienie g\u0142\u0119bszych cech, kt\u00f3re s\u0105 dost\u0119pne w dobrej kawie.<\/p>\n<p>&nbsp;<\/p>\n<p>Wspieraj\u0105 wsp\u00f3\u0142prac\u0119, kt\u00f3ra pomaga farmerom dzieli\u0107 si\u0119 do\u015bwiadczeniami, pomaga\u0107 sobie nawzajem i razem lepiej zrozumie\u0107, jak pi\u0119kna kawa mo\u017ce rosn\u0105\u0107 na ich ziemi. Dzi\u0119ki wsp\u00f3\u0142pracy z Tuang, farmerzy otrzymuj\u0105 uczciwe ceny za ka\u017cd\u0105 zebran\u0105 kaw\u0119, pod warunkiem, \u017ce dadz\u0105 im czas, aby w pe\u0142ni rozwin\u0119\u0142y si\u0119 w czerwone wi\u015bnie, a tym samym b\u0119d\u0105 ich wspiera\u0107 nawet w trudniejszych czasach.<\/p>\n<p>\u2063\u2063\u2063\u2063<\/p>\n","protected":false},"excerpt":{"rendered":"<p>Zafunduj sobie kaw\u0119, dzi\u0119ki kt\u00f3rej b\u0119dzie si\u0119 Tobie chcia\u0142o wstawa\u0107 ka\u017cdego ranka. \u2063\u2063<br \/>\n\u2063\u2063<br \/>\nKawa &#8211; kolaboracja z wyj\u0105tkow\u0105 kawiarni\u0105 Tuang z D\u017cakarty, kt\u00f3ra od lat wsp\u00f3\u0142pracuje ze swoimi farmerami z wyspy Flores.\u2063\u2063<br \/>\n\u2063\u2063\u2063\u2063<br \/>\nZiarna przetwarzane metod\u0105 black honey b\u0119d\u0105 perfekcyjne pod Twojego soczystego porannego AeroPressa lub pod s\u0142odziutkiego dripa (tak\u017ce na lodzie \ud83e\uddca\u2063).\u2063\u2063<br \/>\n\u2063<br \/>\nW lokalnym j\u0119zyku Manggarai Tuang oznacza kr\u00f3la &#8211; ich celem jest serwowanie kawy godnej kr\u00f3lewskiej mo\u015bci. \u2063\u2063\u2063\u2063<br \/>\n\u2063\u2063\u2063\u2063<br \/>\nKupuj\u0105c t\u0105 kaw\u0119 wspierasz si\u0119 do rozwoju uczciwego handlu i prostego importu, bez zb\u0119dnych po\u015brednik\u00f3w po drodze. Skracamy drog\u0119 kawy &#8211; od farmy do kubka &#8211; tak, aby jak najszybciej trafi\u0142a w Twoje r\u0119ce.\u00a0\u2063\u2063\u2063\u2063<\/p>\n","protected":false},"featured_media":5648,"comment_status":"open","ping_status":"closed","template":"","meta":[],"product_cat":[629,96],"product_tag":[643,583,637,690,67,646,282],"class_list":{"0":"post-3934","1":"product","2":"type-product","3":"status-publish","4":"has-post-thumbnail","6":"product_brand-kopkopi","7":"product_cat-250-gram-pl","8":"product_cat-wypalona-kawa","9":"product_tag-flores-pl","10":"product_tag-fresh-pl","11":"product_tag-honey-process-pl","12":"product_tag-hp-pl","13":"product_tag-indonezja","14":"product_tag-kawa-specialty","15":"product_tag-special-washes-pl","16":"product_shipping_class-singlepack-pl","17":"pa_acidity-wysoka","18":"pa_process-black-honey-pl","19":"pa_roast-date-01-02-2025-pl","20":"pa_variatal-kartika-ii-pl","22":"first","23":"outofstock","24":"sale","25":"taxable","26":"shipping-taxable","27":"purchasable","28":"product-type-variable","29":"has-default-attributes"},"bundle_layout":"","bundle_add_to_cart_form_location":"","bundle_editable_in_cart":false,"bundle_sold_individually_context":"","bundle_item_grouping":"","bundle_min_size":"","bundle_max_size":"","bundled_by":[],"bundled_items":[],"yoast_head":"<!-- This site is optimized with the Yoast SEO plugin v23.8 - https:\/\/yoast.com\/wordpress\/plugins\/seo\/ -->\n<title>Indonezja Tuang Manggarai Black Honey pod Filtr i Espresso - KOPKOPI<\/title>\n<meta name=\"description\" content=\"Kawa speciality w kolaboracji z kawiarni\u0105 z D\u017cakarty - Tuang, w obr\u00f3bce Honey. Spr\u00f3buj najlepszej kawy z wispy Flores z naszego importu!\" \/>\n<meta name=\"robots\" content=\"index, follow, max-snippet:-1, max-image-preview:large, max-video-preview:-1\" \/>\n<link rel=\"canonical\" href=\"https:\/\/kopkopi.com\/pl\/shop\/indonezja-kawa-speciality-flores\/\" \/>\n<meta property=\"og:locale\" content=\"pl_PL\" \/>\n<meta property=\"og:type\" content=\"article\" \/>\n<meta property=\"og:title\" content=\"Indonezja Tuang Manggarai Black Honey pod Filtr i Espresso - KOPKOPI\" \/>\n<meta property=\"og:description\" content=\"Kawa speciality w kolaboracji z kawiarni\u0105 z D\u017cakarty - Tuang, w obr\u00f3bce Honey. Spr\u00f3buj najlepszej kawy z wispy Flores z naszego importu!\" \/>\n<meta property=\"og:url\" content=\"https:\/\/kopkopi.com\/pl\/shop\/indonezja-kawa-speciality-flores\/\" \/>\n<meta property=\"og:site_name\" content=\"KOPKOPI\" \/>\n<meta property=\"article:publisher\" content=\"https:\/\/www.facebook.com\/kopkopidotcom\" \/>\n<meta property=\"article:modified_time\" content=\"2026-04-02T09:58:45+00:00\" \/>\n<meta property=\"og:image\" content=\"https:\/\/kopkopi.com\/wp-content\/uploads\/2021\/06\/07_TUANG_FRONT_PL_TRANS.png\" \/>\n\t<meta property=\"og:image:width\" content=\"1280\" \/>\n\t<meta property=\"og:image:height\" content=\"1280\" \/>\n\t<meta property=\"og:image:type\" content=\"image\/png\" \/>\n<meta name=\"twitter:card\" content=\"summary_large_image\" \/>\n<meta name=\"twitter:site\" content=\"@kopkopidotcom\" \/>\n<meta name=\"twitter:label1\" content=\"Szacowany czas czytania\" \/>\n\t<meta name=\"twitter:data1\" content=\"2 minuty\" \/>\n<script type=\"application\/ld+json\" class=\"yoast-schema-graph\">{\"@context\":\"https:\/\/schema.org\",\"@graph\":[{\"@type\":[\"WebPage\",\"ItemPage\"],\"@id\":\"https:\/\/kopkopi.com\/pl\/shop\/indonezja-kawa-speciality-flores\/\",\"url\":\"https:\/\/kopkopi.com\/pl\/shop\/indonezja-kawa-speciality-flores\/\",\"name\":\"Indonezja Tuang Manggarai Black Honey pod Filtr i Espresso - KOPKOPI\",\"isPartOf\":{\"@id\":\"https:\/\/kopkopi.com\/#website\"},\"primaryImageOfPage\":{\"@id\":\"https:\/\/kopkopi.com\/pl\/shop\/indonezja-kawa-speciality-flores\/#primaryimage\"},\"image\":{\"@id\":\"https:\/\/kopkopi.com\/pl\/shop\/indonezja-kawa-speciality-flores\/#primaryimage\"},\"thumbnailUrl\":\"https:\/\/kopkopi.com\/wp-content\/uploads\/2021\/06\/07_TUANG_FRONT_PL_TRANS.png\",\"datePublished\":\"2021-05-21T13:36:17+00:00\",\"dateModified\":\"2026-04-02T09:58:45+00:00\",\"description\":\"Kawa speciality w kolaboracji z kawiarni\u0105 z D\u017cakarty - Tuang, w obr\u00f3bce Honey. Spr\u00f3buj najlepszej kawy z wispy Flores z naszego importu!\",\"breadcrumb\":{\"@id\":\"https:\/\/kopkopi.com\/pl\/shop\/indonezja-kawa-speciality-flores\/#breadcrumb\"},\"inLanguage\":\"pl-PL\",\"potentialAction\":[{\"@type\":\"ReadAction\",\"target\":[\"https:\/\/kopkopi.com\/pl\/shop\/indonezja-kawa-speciality-flores\/\"]}]},{\"@type\":\"ImageObject\",\"inLanguage\":\"pl-PL\",\"@id\":\"https:\/\/kopkopi.com\/pl\/shop\/indonezja-kawa-speciality-flores\/#primaryimage\",\"url\":\"https:\/\/kopkopi.com\/wp-content\/uploads\/2021\/06\/07_TUANG_FRONT_PL_TRANS.png\",\"contentUrl\":\"https:\/\/kopkopi.com\/wp-content\/uploads\/2021\/06\/07_TUANG_FRONT_PL_TRANS.png\",\"width\":1280,\"height\":1280},{\"@type\":\"BreadcrumbList\",\"@id\":\"https:\/\/kopkopi.com\/pl\/shop\/indonezja-kawa-speciality-flores\/#breadcrumb\",\"itemListElement\":[{\"@type\":\"ListItem\",\"position\":1,\"name\":\"Home\",\"item\":\"https:\/\/kopkopi.com\/pl\/sklep\/\"},{\"@type\":\"ListItem\",\"position\":2,\"name\":\"SKLEP\",\"item\":\"https:\/\/kopkopi.com\/pl\/sklep\/\"},{\"@type\":\"ListItem\",\"position\":3,\"name\":\"Indonezja Tuang Manggarai Black Honey pod Filtr i Espresso\"}]},{\"@type\":\"WebSite\",\"@id\":\"https:\/\/kopkopi.com\/#website\",\"url\":\"https:\/\/kopkopi.com\/\",\"name\":\"KOPKOPI\",\"description\":\"COFFEE &amp; CULTURE\",\"publisher\":{\"@id\":\"https:\/\/kopkopi.com\/#organization\"},\"potentialAction\":[{\"@type\":\"SearchAction\",\"target\":{\"@type\":\"EntryPoint\",\"urlTemplate\":\"https:\/\/kopkopi.com\/?s={search_term_string}\"},\"query-input\":{\"@type\":\"PropertyValueSpecification\",\"valueRequired\":true,\"valueName\":\"search_term_string\"}}],\"inLanguage\":\"pl-PL\"},{\"@type\":\"Organization\",\"@id\":\"https:\/\/kopkopi.com\/#organization\",\"name\":\"KOPKOPI\",\"url\":\"https:\/\/kopkopi.com\/\",\"logo\":{\"@type\":\"ImageObject\",\"inLanguage\":\"pl-PL\",\"@id\":\"https:\/\/kopkopi.com\/#\/schema\/logo\/image\/\",\"url\":\"https:\/\/kopkopi.com\/wp-content\/uploads\/2021\/07\/FINAL-LOGO_DOUBLE-LINES_BLACK.png\",\"contentUrl\":\"https:\/\/kopkopi.com\/wp-content\/uploads\/2021\/07\/FINAL-LOGO_DOUBLE-LINES_BLACK.png\",\"width\":1280,\"height\":1280,\"caption\":\"KOPKOPI\"},\"image\":{\"@id\":\"https:\/\/kopkopi.com\/#\/schema\/logo\/image\/\"},\"sameAs\":[\"https:\/\/www.facebook.com\/kopkopidotcom\",\"https:\/\/x.com\/kopkopidotcom\"]}]}<\/script>\n<!-- \/ Yoast SEO plugin. -->","yoast_head_json":{"title":"Indonezja Tuang Manggarai Black Honey pod Filtr i Espresso - KOPKOPI","description":"Kawa speciality w kolaboracji z kawiarni\u0105 z D\u017cakarty - Tuang, w obr\u00f3bce Honey. Spr\u00f3buj najlepszej kawy z wispy Flores z naszego importu!","robots":{"index":"index","follow":"follow","max-snippet":"max-snippet:-1","max-image-preview":"max-image-preview:large","max-video-preview":"max-video-preview:-1"},"canonical":"https:\/\/kopkopi.com\/pl\/shop\/indonezja-kawa-speciality-flores\/","og_locale":"pl_PL","og_type":"article","og_title":"Indonezja Tuang Manggarai Black Honey pod Filtr i Espresso - KOPKOPI","og_description":"Kawa speciality w kolaboracji z kawiarni\u0105 z D\u017cakarty - Tuang, w obr\u00f3bce Honey. Spr\u00f3buj najlepszej kawy z wispy Flores z naszego importu!","og_url":"https:\/\/kopkopi.com\/pl\/shop\/indonezja-kawa-speciality-flores\/","og_site_name":"KOPKOPI","article_publisher":"https:\/\/www.facebook.com\/kopkopidotcom","article_modified_time":"2026-04-02T09:58:45+00:00","og_image":[{"width":1280,"height":1280,"url":"https:\/\/kopkopi.com\/wp-content\/uploads\/2021\/06\/07_TUANG_FRONT_PL_TRANS.png","type":"image\/png"}],"twitter_card":"summary_large_image","twitter_site":"@kopkopidotcom","twitter_misc":{"Szacowany czas czytania":"2 minuty"},"schema":{"@context":"https:\/\/schema.org","@graph":[{"@type":["WebPage","ItemPage"],"@id":"https:\/\/kopkopi.com\/pl\/shop\/indonezja-kawa-speciality-flores\/","url":"https:\/\/kopkopi.com\/pl\/shop\/indonezja-kawa-speciality-flores\/","name":"Indonezja Tuang Manggarai Black Honey pod Filtr i Espresso - KOPKOPI","isPartOf":{"@id":"https:\/\/kopkopi.com\/#website"},"primaryImageOfPage":{"@id":"https:\/\/kopkopi.com\/pl\/shop\/indonezja-kawa-speciality-flores\/#primaryimage"},"image":{"@id":"https:\/\/kopkopi.com\/pl\/shop\/indonezja-kawa-speciality-flores\/#primaryimage"},"thumbnailUrl":"https:\/\/kopkopi.com\/wp-content\/uploads\/2021\/06\/07_TUANG_FRONT_PL_TRANS.png","datePublished":"2021-05-21T13:36:17+00:00","dateModified":"2026-04-02T09:58:45+00:00","description":"Kawa speciality w kolaboracji z kawiarni\u0105 z D\u017cakarty - Tuang, w obr\u00f3bce Honey. Spr\u00f3buj najlepszej kawy z wispy Flores z naszego importu!","breadcrumb":{"@id":"https:\/\/kopkopi.com\/pl\/shop\/indonezja-kawa-speciality-flores\/#breadcrumb"},"inLanguage":"pl-PL","potentialAction":[{"@type":"ReadAction","target":["https:\/\/kopkopi.com\/pl\/shop\/indonezja-kawa-speciality-flores\/"]}]},{"@type":"ImageObject","inLanguage":"pl-PL","@id":"https:\/\/kopkopi.com\/pl\/shop\/indonezja-kawa-speciality-flores\/#primaryimage","url":"https:\/\/kopkopi.com\/wp-content\/uploads\/2021\/06\/07_TUANG_FRONT_PL_TRANS.png","contentUrl":"https:\/\/kopkopi.com\/wp-content\/uploads\/2021\/06\/07_TUANG_FRONT_PL_TRANS.png","width":1280,"height":1280},{"@type":"BreadcrumbList","@id":"https:\/\/kopkopi.com\/pl\/shop\/indonezja-kawa-speciality-flores\/#breadcrumb","itemListElement":[{"@type":"ListItem","position":1,"name":"Home","item":"https:\/\/kopkopi.com\/pl\/sklep\/"},{"@type":"ListItem","position":2,"name":"SKLEP","item":"https:\/\/kopkopi.com\/pl\/sklep\/"},{"@type":"ListItem","position":3,"name":"Indonezja Tuang Manggarai Black Honey pod Filtr i Espresso"}]},{"@type":"WebSite","@id":"https:\/\/kopkopi.com\/#website","url":"https:\/\/kopkopi.com\/","name":"KOPKOPI","description":"COFFEE &amp; CULTURE","publisher":{"@id":"https:\/\/kopkopi.com\/#organization"},"potentialAction":[{"@type":"SearchAction","target":{"@type":"EntryPoint","urlTemplate":"https:\/\/kopkopi.com\/?s={search_term_string}"},"query-input":{"@type":"PropertyValueSpecification","valueRequired":true,"valueName":"search_term_string"}}],"inLanguage":"pl-PL"},{"@type":"Organization","@id":"https:\/\/kopkopi.com\/#organization","name":"KOPKOPI","url":"https:\/\/kopkopi.com\/","logo":{"@type":"ImageObject","inLanguage":"pl-PL","@id":"https:\/\/kopkopi.com\/#\/schema\/logo\/image\/","url":"https:\/\/kopkopi.com\/wp-content\/uploads\/2021\/07\/FINAL-LOGO_DOUBLE-LINES_BLACK.png","contentUrl":"https:\/\/kopkopi.com\/wp-content\/uploads\/2021\/07\/FINAL-LOGO_DOUBLE-LINES_BLACK.png","width":1280,"height":1280,"caption":"KOPKOPI"},"image":{"@id":"https:\/\/kopkopi.com\/#\/schema\/logo\/image\/"},"sameAs":["https:\/\/www.facebook.com\/kopkopidotcom","https:\/\/x.com\/kopkopidotcom"]}]}},"_links":{"self":[{"href":"https:\/\/kopkopi.com\/pl\/wp-json\/wp\/v2\/product\/3934","targetHints":{"allow":["GET"]}}],"collection":[{"href":"https:\/\/kopkopi.com\/pl\/wp-json\/wp\/v2\/product"}],"about":[{"href":"https:\/\/kopkopi.com\/pl\/wp-json\/wp\/v2\/types\/product"}],"replies":[{"embeddable":true,"href":"https:\/\/kopkopi.com\/pl\/wp-json\/wp\/v2\/comments?post=3934"}],"version-history":[{"count":2,"href":"https:\/\/kopkopi.com\/pl\/wp-json\/wp\/v2\/product\/3934\/revisions"}],"predecessor-version":[{"id":15392,"href":"https:\/\/kopkopi.com\/pl\/wp-json\/wp\/v2\/product\/3934\/revisions\/15392"}],"wp:featuredmedia":[{"embeddable":true,"href":"https:\/\/kopkopi.com\/pl\/wp-json\/wp\/v2\/media\/5648"}],"wp:attachment":[{"href":"https:\/\/kopkopi.com\/pl\/wp-json\/wp\/v2\/media?parent=3934"}],"wp:term":[{"taxonomy":"product_cat","embeddable":true,"href":"https:\/\/kopkopi.com\/pl\/wp-json\/wp\/v2\/product_cat?post=3934"},{"taxonomy":"product_tag","embeddable":true,"href":"https:\/\/kopkopi.com\/pl\/wp-json\/wp\/v2\/product_tag?post=3934"}],"curies":[{"name":"wp","href":"https:\/\/api.w.org\/{rel}","templated":true}]}}