{"id":3942,"date":"2021-05-21T14:48:10","date_gmt":"2021-05-21T13:48:10","guid":{"rendered":"https:\/\/kopkopi.com\/?post_type=product&#038;p=3942"},"modified":"2026-04-05T03:03:18","modified_gmt":"2026-04-05T02:03:18","slug":"indonezja-kawa-speciality-papandayan","status":"publish","type":"product","link":"https:\/\/kopkopi.com\/pl\/shop\/indonezja-kawa-speciality-papandayan\/","title":{"rendered":"Indonezja Val &#038; Moris Mt. Papandayan Washed pod Filtr i Espresso"},"content":{"rendered":"<p style=\"text-align: justify;\"><span style=\"font-weight: 400;\"><strong>Indonezja, Val &amp; Moris, microlot &#8211; jak dok\u0142adnie \u0142\u0105cz\u0105 si\u0119 te s\u0142owa?<\/strong><\/span><\/p>\n<p>&nbsp;<\/p>\n<p><strong>Pochodzenie:<\/strong> Indonezja<\/p>\n<p style=\"text-align: justify;\"><strong>Region:<\/strong> Garut, Zachodnia Jawa, Indonezja<\/p>\n<p style=\"text-align: justify;\"><span style=\"font-weight: 400;\"><strong>Producent:<\/strong>Val &amp; Moris Koffieroostereij<\/span><\/p>\n<p style=\"text-align: justify;\"><strong>Odmiana \/ Odmiana:<\/strong><span style=\"font-weight: 400;\"> Yellow Bourbon<\/span><\/p>\n<p style=\"text-align: justify;\"><strong>Wysoko\u015b\u0107:<\/strong> 1340 &#8211; 1730 MASL<\/p>\n<p style=\"text-align: justify;\"><span style=\"font-weight: 400;\"><strong>Proces:<\/strong> Washed<\/span><\/p>\n<p style=\"text-align: justify;\"><strong>Nuty smakowe: <\/strong><span style=\"font-weight: 400;\">nugat, mandarynka, gorzka czekolada\u00a0<\/span><\/p>\n<p style=\"text-align: justify;\"><span style=\"font-weight: 400;\"><strong>Palona pod:<\/strong> Filtr (Drip, Aeropress, Chemex), Cold Brew, Siphon<\/span><\/p>\n<p style=\"text-align: justify;\"><span style=\"font-weight: 400;\"><strong>Ilo\u015b\u0107:<\/strong> 250g<\/span><\/p>\n<p><span style=\"font-weight: 400;\">Przedstawiamy nowo\u015b\u0107, z naszego w\u0142asnego importu z Indonezji \u270c\ud83c\udffc\u2063<br \/>\n\u2063<br \/>\nIndonezja, VAL &amp; MORIS PAPANDAYAN WASHED , microlot.<\/span><\/p>\n<p>\u2063\u2063Uprawiane na zboczach aktywnego wulkanu Papandayan w Zachodniej Jawie ziarna Yellow Bourbon maj\u0105 body, kt\u00f3re rozkocha w sobie ka\u017cdego. Po 18h procesie fermentacji full wash, Val &amp; Moris zaprasza na zbalansowany, ekskluzywny w Europie napar, kt\u00f3ry zabierze na rollercoaster smak\u00f3w.<\/p>\n<p><span style=\"font-weight: 400;\">Rokrocznie dost\u0119pne s\u0105 tylko 2 tony tej przetwarzanej z mi\u0142o\u015bci\u0105 przez Pana Dedy Novandiego kawy &#8211; microlot, kt\u00f3ry tylko my mamy dost\u0119pny w Europie.<\/span><\/p>\n<p>WASHED &#8211; OBR\u00d3BKA MYTA<\/p>\n<p>Dojrza\u0142e owoce kawy s\u0105 \u015bwie\u017co sortowane przed usuni\u0119ciem mi\u0105\u017cszu. Wadliwe ziarna s\u0105 r\u0119cznie odrzucane z dobrej partii kawy. Po usuni\u0119ciu mi\u0105\u017cszu, kawa jest poddawana naturalnej fermentacji w cementowych zbiornikach.<\/p>\n<p>Sfermentowana kawa jest p\u0142ukana, moczona w czystej wodzie o pH 7,8, a nast\u0119pnie suszona przez 18 dni na 89 podniesionych sto\u0142ach zwanych afryka\u0144skimi \u0142o\u017cami.<\/p>\n<p>Wysuszona kawa w cascarze (pergaminowej \u0142usce) jest przechowywana w magazynie do czasu transportu do dalszej obr\u00f3bki.<\/p>\n","protected":false},"excerpt":{"rendered":"<p style=\"text-align: justify;\"><span style=\"font-weight: 400;\"><strong>Pochodzenie:<\/strong> Indonezja<\/span><\/p>\n<p style=\"text-align: justify;\"><strong>Region:<\/strong> Garut, Zachodnia Jawa, Indonezja<\/p>\n<p style=\"text-align: justify;\"><span style=\"font-weight: 400;\"><strong>Producent:<\/strong>Val &amp; Moris Koffieroostereij<\/span><\/p>\n<p style=\"text-align: justify;\"><strong>Odmiana \/ Odmiana:<\/strong><span style=\"font-weight: 400;\"> Yellow Bourbon<\/span><\/p>\n<p style=\"text-align: justify;\"><strong>Wysoko\u015b\u0107:<\/strong> 1340 &#8211; 1730 MASL<\/p>\n<p style=\"text-align: justify;\"><span style=\"font-weight: 400;\"><strong>Proces:<\/strong> Washed<\/span><\/p>\n<p style=\"text-align: justify;\"><strong>Nuty smakowe: <\/strong><span style=\"font-weight: 400;\">nugat, mandarynka, gorzka czekolada\u00a0<\/span><\/p>\n<p style=\"text-align: justify;\"><span style=\"font-weight: 400;\"><strong>Palona pod:<\/strong> Filtr (Drip, Aeropress, Chemex), Cold Brew, Siphon<\/span><\/p>\n<p style=\"text-align: justify;\"><span style=\"font-weight: 400;\"><strong>Ilo\u015b\u0107:<\/strong> 250g<\/span><\/p>\n<p><span style=\"font-weight: 400;\">Przedstawiamy nowo\u015b\u0107, z naszego w\u0142asnego importu z Indonezji \u270c\ud83c\udffc\u2063<br \/>\n\u2063<br \/>\nVAL &amp; MORIS PAPANDAYAN WASHED \u2063<\/span><\/p>\n<p>\u2063\u2063Uprawiane na zboczach aktywnego wulkanu Papandayan w Zachodniej Jawie ziarna Yellow Bourbon maj\u0105 body, kt\u00f3re rozkocha w sobie ka\u017cdego. Po 18h procesie fermentacji full wash, Val &amp; Moris zaprasza na zbalansowany, ekskluzywny w Europie napar, kt\u00f3ry zabierze na rollercoaster smak\u00f3w. Rokrocznie dost\u0119pne s\u0105 tylko 2 tony tej przetwarzanej z mi\u0142o\u015bci\u0105 przez Pana Dedy Novandiego kawy.<\/p>\n<p><span style=\"font-weight: 400;\">\u00a0<\/span><\/p>\n<p><span style=\"font-weight: 400;\">\u00a0<\/span><\/p>\n","protected":false},"featured_media":5657,"comment_status":"open","ping_status":"closed","template":"","meta":[],"product_cat":[629,96],"product_tag":[583,690,67,644,646,648],"class_list":{"0":"post-3942","1":"product","2":"type-product","3":"status-publish","4":"has-post-thumbnail","6":"product_brand-kopkopi","7":"product_cat-250-gram-pl","8":"product_cat-wypalona-kawa","9":"product_tag-fresh-pl","10":"product_tag-hp-pl","11":"product_tag-indonezja","12":"product_tag-jawa","13":"product_tag-kawa-specialty","14":"product_tag-mita","15":"product_shipping_class-singlepack-pl","16":"pa_acidity-srednia","17":"pa_process-18-hour-fermentation-pl","18":"pa_roast-date-01-02-2025-pl","19":"pa_variatal-yellow-bourbon-pl","21":"first","22":"outofstock","23":"sale","24":"taxable","25":"shipping-taxable","26":"purchasable","27":"product-type-variable","28":"has-default-attributes"},"bundle_layout":"","bundle_add_to_cart_form_location":"","bundle_editable_in_cart":false,"bundle_sold_individually_context":"","bundle_item_grouping":"","bundle_min_size":"","bundle_max_size":"","bundled_by":[],"bundled_items":[],"yoast_head":"<!-- This site is optimized with the Yoast SEO plugin v23.8 - https:\/\/yoast.com\/wordpress\/plugins\/seo\/ -->\n<title>Indonezja Val &amp; Moris Mt. Papandayan Washed pod Filtr i Espresso - KOPKOPI<\/title>\n<meta name=\"description\" content=\"Indonezja, Val &amp; Moris, Microlot - kawa speciality o profilu smakowym jak czekolada Lindt z pomara\u0144cz\u0105 i migda\u0142ami. Powsta\u0142y jej tylko 2 tony\" \/>\n<meta name=\"robots\" content=\"index, follow, max-snippet:-1, max-image-preview:large, max-video-preview:-1\" \/>\n<link rel=\"canonical\" href=\"https:\/\/kopkopi.com\/pl\/shop\/indonezja-kawa-speciality-papandayan\/\" \/>\n<meta property=\"og:locale\" content=\"pl_PL\" \/>\n<meta property=\"og:type\" content=\"article\" \/>\n<meta property=\"og:title\" content=\"Indonezja Val &amp; Moris Mt. Papandayan Washed pod Filtr i Espresso - KOPKOPI\" \/>\n<meta property=\"og:description\" content=\"Indonezja, Val &amp; Moris, Microlot - kawa speciality o profilu smakowym jak czekolada Lindt z pomara\u0144cz\u0105 i migda\u0142ami. Powsta\u0142y jej tylko 2 tony\" \/>\n<meta property=\"og:url\" content=\"https:\/\/kopkopi.com\/pl\/shop\/indonezja-kawa-speciality-papandayan\/\" \/>\n<meta property=\"og:site_name\" content=\"KOPKOPI\" \/>\n<meta property=\"article:publisher\" content=\"https:\/\/www.facebook.com\/kopkopidotcom\" \/>\n<meta property=\"article:modified_time\" content=\"2026-04-05T02:03:18+00:00\" \/>\n<meta property=\"og:image\" content=\"https:\/\/kopkopi.com\/wp-content\/uploads\/2021\/06\/08_VAL_MORIS_FRONT_PL_WHITE_TRANS.png\" \/>\n\t<meta property=\"og:image:width\" content=\"1280\" \/>\n\t<meta property=\"og:image:height\" content=\"1280\" \/>\n\t<meta property=\"og:image:type\" content=\"image\/png\" \/>\n<meta name=\"twitter:card\" content=\"summary_large_image\" \/>\n<meta name=\"twitter:site\" content=\"@kopkopidotcom\" \/>\n<meta name=\"twitter:label1\" content=\"Szacowany czas czytania\" \/>\n\t<meta name=\"twitter:data1\" content=\"1 minuta\" \/>\n<script type=\"application\/ld+json\" class=\"yoast-schema-graph\">{\"@context\":\"https:\/\/schema.org\",\"@graph\":[{\"@type\":[\"WebPage\",\"ItemPage\"],\"@id\":\"https:\/\/kopkopi.com\/pl\/shop\/indonezja-kawa-speciality-papandayan\/\",\"url\":\"https:\/\/kopkopi.com\/pl\/shop\/indonezja-kawa-speciality-papandayan\/\",\"name\":\"Indonezja Val & Moris Mt. Papandayan Washed pod Filtr i Espresso - KOPKOPI\",\"isPartOf\":{\"@id\":\"https:\/\/kopkopi.com\/#website\"},\"primaryImageOfPage\":{\"@id\":\"https:\/\/kopkopi.com\/pl\/shop\/indonezja-kawa-speciality-papandayan\/#primaryimage\"},\"image\":{\"@id\":\"https:\/\/kopkopi.com\/pl\/shop\/indonezja-kawa-speciality-papandayan\/#primaryimage\"},\"thumbnailUrl\":\"https:\/\/kopkopi.com\/wp-content\/uploads\/2021\/06\/08_VAL_MORIS_FRONT_PL_WHITE_TRANS.png\",\"datePublished\":\"2021-05-21T13:48:10+00:00\",\"dateModified\":\"2026-04-05T02:03:18+00:00\",\"description\":\"Indonezja, Val & Moris, Microlot - kawa speciality o profilu smakowym jak czekolada Lindt z pomara\u0144cz\u0105 i migda\u0142ami. Powsta\u0142y jej tylko 2 tony\",\"breadcrumb\":{\"@id\":\"https:\/\/kopkopi.com\/pl\/shop\/indonezja-kawa-speciality-papandayan\/#breadcrumb\"},\"inLanguage\":\"pl-PL\",\"potentialAction\":[{\"@type\":\"ReadAction\",\"target\":[\"https:\/\/kopkopi.com\/pl\/shop\/indonezja-kawa-speciality-papandayan\/\"]}]},{\"@type\":\"ImageObject\",\"inLanguage\":\"pl-PL\",\"@id\":\"https:\/\/kopkopi.com\/pl\/shop\/indonezja-kawa-speciality-papandayan\/#primaryimage\",\"url\":\"https:\/\/kopkopi.com\/wp-content\/uploads\/2021\/06\/08_VAL_MORIS_FRONT_PL_WHITE_TRANS.png\",\"contentUrl\":\"https:\/\/kopkopi.com\/wp-content\/uploads\/2021\/06\/08_VAL_MORIS_FRONT_PL_WHITE_TRANS.png\",\"width\":1280,\"height\":1280},{\"@type\":\"BreadcrumbList\",\"@id\":\"https:\/\/kopkopi.com\/pl\/shop\/indonezja-kawa-speciality-papandayan\/#breadcrumb\",\"itemListElement\":[{\"@type\":\"ListItem\",\"position\":1,\"name\":\"Home\",\"item\":\"https:\/\/kopkopi.com\/pl\/sklep\/\"},{\"@type\":\"ListItem\",\"position\":2,\"name\":\"SKLEP\",\"item\":\"https:\/\/kopkopi.com\/pl\/sklep\/\"},{\"@type\":\"ListItem\",\"position\":3,\"name\":\"Indonezja Val &#038; Moris Mt. Papandayan Washed pod Filtr i Espresso\"}]},{\"@type\":\"WebSite\",\"@id\":\"https:\/\/kopkopi.com\/#website\",\"url\":\"https:\/\/kopkopi.com\/\",\"name\":\"KOPKOPI\",\"description\":\"COFFEE &amp; CULTURE\",\"publisher\":{\"@id\":\"https:\/\/kopkopi.com\/#organization\"},\"potentialAction\":[{\"@type\":\"SearchAction\",\"target\":{\"@type\":\"EntryPoint\",\"urlTemplate\":\"https:\/\/kopkopi.com\/?s={search_term_string}\"},\"query-input\":{\"@type\":\"PropertyValueSpecification\",\"valueRequired\":true,\"valueName\":\"search_term_string\"}}],\"inLanguage\":\"pl-PL\"},{\"@type\":\"Organization\",\"@id\":\"https:\/\/kopkopi.com\/#organization\",\"name\":\"KOPKOPI\",\"url\":\"https:\/\/kopkopi.com\/\",\"logo\":{\"@type\":\"ImageObject\",\"inLanguage\":\"pl-PL\",\"@id\":\"https:\/\/kopkopi.com\/#\/schema\/logo\/image\/\",\"url\":\"https:\/\/kopkopi.com\/wp-content\/uploads\/2021\/07\/FINAL-LOGO_DOUBLE-LINES_BLACK.png\",\"contentUrl\":\"https:\/\/kopkopi.com\/wp-content\/uploads\/2021\/07\/FINAL-LOGO_DOUBLE-LINES_BLACK.png\",\"width\":1280,\"height\":1280,\"caption\":\"KOPKOPI\"},\"image\":{\"@id\":\"https:\/\/kopkopi.com\/#\/schema\/logo\/image\/\"},\"sameAs\":[\"https:\/\/www.facebook.com\/kopkopidotcom\",\"https:\/\/x.com\/kopkopidotcom\"]}]}<\/script>\n<!-- \/ Yoast SEO plugin. -->","yoast_head_json":{"title":"Indonezja Val & Moris Mt. Papandayan Washed pod Filtr i Espresso - KOPKOPI","description":"Indonezja, Val & Moris, Microlot - kawa speciality o profilu smakowym jak czekolada Lindt z pomara\u0144cz\u0105 i migda\u0142ami. Powsta\u0142y jej tylko 2 tony","robots":{"index":"index","follow":"follow","max-snippet":"max-snippet:-1","max-image-preview":"max-image-preview:large","max-video-preview":"max-video-preview:-1"},"canonical":"https:\/\/kopkopi.com\/pl\/shop\/indonezja-kawa-speciality-papandayan\/","og_locale":"pl_PL","og_type":"article","og_title":"Indonezja Val & Moris Mt. Papandayan Washed pod Filtr i Espresso - KOPKOPI","og_description":"Indonezja, Val & Moris, Microlot - kawa speciality o profilu smakowym jak czekolada Lindt z pomara\u0144cz\u0105 i migda\u0142ami. Powsta\u0142y jej tylko 2 tony","og_url":"https:\/\/kopkopi.com\/pl\/shop\/indonezja-kawa-speciality-papandayan\/","og_site_name":"KOPKOPI","article_publisher":"https:\/\/www.facebook.com\/kopkopidotcom","article_modified_time":"2026-04-05T02:03:18+00:00","og_image":[{"width":1280,"height":1280,"url":"https:\/\/kopkopi.com\/wp-content\/uploads\/2021\/06\/08_VAL_MORIS_FRONT_PL_WHITE_TRANS.png","type":"image\/png"}],"twitter_card":"summary_large_image","twitter_site":"@kopkopidotcom","twitter_misc":{"Szacowany czas czytania":"1 minuta"},"schema":{"@context":"https:\/\/schema.org","@graph":[{"@type":["WebPage","ItemPage"],"@id":"https:\/\/kopkopi.com\/pl\/shop\/indonezja-kawa-speciality-papandayan\/","url":"https:\/\/kopkopi.com\/pl\/shop\/indonezja-kawa-speciality-papandayan\/","name":"Indonezja Val & Moris Mt. Papandayan Washed pod Filtr i Espresso - KOPKOPI","isPartOf":{"@id":"https:\/\/kopkopi.com\/#website"},"primaryImageOfPage":{"@id":"https:\/\/kopkopi.com\/pl\/shop\/indonezja-kawa-speciality-papandayan\/#primaryimage"},"image":{"@id":"https:\/\/kopkopi.com\/pl\/shop\/indonezja-kawa-speciality-papandayan\/#primaryimage"},"thumbnailUrl":"https:\/\/kopkopi.com\/wp-content\/uploads\/2021\/06\/08_VAL_MORIS_FRONT_PL_WHITE_TRANS.png","datePublished":"2021-05-21T13:48:10+00:00","dateModified":"2026-04-05T02:03:18+00:00","description":"Indonezja, Val & Moris, Microlot - kawa speciality o profilu smakowym jak czekolada Lindt z pomara\u0144cz\u0105 i migda\u0142ami. Powsta\u0142y jej tylko 2 tony","breadcrumb":{"@id":"https:\/\/kopkopi.com\/pl\/shop\/indonezja-kawa-speciality-papandayan\/#breadcrumb"},"inLanguage":"pl-PL","potentialAction":[{"@type":"ReadAction","target":["https:\/\/kopkopi.com\/pl\/shop\/indonezja-kawa-speciality-papandayan\/"]}]},{"@type":"ImageObject","inLanguage":"pl-PL","@id":"https:\/\/kopkopi.com\/pl\/shop\/indonezja-kawa-speciality-papandayan\/#primaryimage","url":"https:\/\/kopkopi.com\/wp-content\/uploads\/2021\/06\/08_VAL_MORIS_FRONT_PL_WHITE_TRANS.png","contentUrl":"https:\/\/kopkopi.com\/wp-content\/uploads\/2021\/06\/08_VAL_MORIS_FRONT_PL_WHITE_TRANS.png","width":1280,"height":1280},{"@type":"BreadcrumbList","@id":"https:\/\/kopkopi.com\/pl\/shop\/indonezja-kawa-speciality-papandayan\/#breadcrumb","itemListElement":[{"@type":"ListItem","position":1,"name":"Home","item":"https:\/\/kopkopi.com\/pl\/sklep\/"},{"@type":"ListItem","position":2,"name":"SKLEP","item":"https:\/\/kopkopi.com\/pl\/sklep\/"},{"@type":"ListItem","position":3,"name":"Indonezja Val &#038; Moris Mt. Papandayan Washed pod Filtr i Espresso"}]},{"@type":"WebSite","@id":"https:\/\/kopkopi.com\/#website","url":"https:\/\/kopkopi.com\/","name":"KOPKOPI","description":"COFFEE &amp; CULTURE","publisher":{"@id":"https:\/\/kopkopi.com\/#organization"},"potentialAction":[{"@type":"SearchAction","target":{"@type":"EntryPoint","urlTemplate":"https:\/\/kopkopi.com\/?s={search_term_string}"},"query-input":{"@type":"PropertyValueSpecification","valueRequired":true,"valueName":"search_term_string"}}],"inLanguage":"pl-PL"},{"@type":"Organization","@id":"https:\/\/kopkopi.com\/#organization","name":"KOPKOPI","url":"https:\/\/kopkopi.com\/","logo":{"@type":"ImageObject","inLanguage":"pl-PL","@id":"https:\/\/kopkopi.com\/#\/schema\/logo\/image\/","url":"https:\/\/kopkopi.com\/wp-content\/uploads\/2021\/07\/FINAL-LOGO_DOUBLE-LINES_BLACK.png","contentUrl":"https:\/\/kopkopi.com\/wp-content\/uploads\/2021\/07\/FINAL-LOGO_DOUBLE-LINES_BLACK.png","width":1280,"height":1280,"caption":"KOPKOPI"},"image":{"@id":"https:\/\/kopkopi.com\/#\/schema\/logo\/image\/"},"sameAs":["https:\/\/www.facebook.com\/kopkopidotcom","https:\/\/x.com\/kopkopidotcom"]}]}},"_links":{"self":[{"href":"https:\/\/kopkopi.com\/pl\/wp-json\/wp\/v2\/product\/3942","targetHints":{"allow":["GET"]}}],"collection":[{"href":"https:\/\/kopkopi.com\/pl\/wp-json\/wp\/v2\/product"}],"about":[{"href":"https:\/\/kopkopi.com\/pl\/wp-json\/wp\/v2\/types\/product"}],"replies":[{"embeddable":true,"href":"https:\/\/kopkopi.com\/pl\/wp-json\/wp\/v2\/comments?post=3942"}],"version-history":[{"count":1,"href":"https:\/\/kopkopi.com\/pl\/wp-json\/wp\/v2\/product\/3942\/revisions"}],"predecessor-version":[{"id":15391,"href":"https:\/\/kopkopi.com\/pl\/wp-json\/wp\/v2\/product\/3942\/revisions\/15391"}],"wp:featuredmedia":[{"embeddable":true,"href":"https:\/\/kopkopi.com\/pl\/wp-json\/wp\/v2\/media\/5657"}],"wp:attachment":[{"href":"https:\/\/kopkopi.com\/pl\/wp-json\/wp\/v2\/media?parent=3942"}],"wp:term":[{"taxonomy":"product_cat","embeddable":true,"href":"https:\/\/kopkopi.com\/pl\/wp-json\/wp\/v2\/product_cat?post=3942"},{"taxonomy":"product_tag","embeddable":true,"href":"https:\/\/kopkopi.com\/pl\/wp-json\/wp\/v2\/product_tag?post=3942"}],"curies":[{"name":"wp","href":"https:\/\/api.w.org\/{rel}","templated":true}]}}