{"id":3952,"date":"2021-05-21T15:04:22","date_gmt":"2021-05-21T14:04:22","guid":{"rendered":"https:\/\/kopkopi.com\/?post_type=product&#038;p=3952"},"modified":"2026-04-24T17:47:42","modified_gmt":"2026-04-24T16:47:42","slug":"indonezja-kawa-speciality-sunda","status":"publish","type":"product","link":"https:\/\/kopkopi.com\/pl\/shop\/indonezja-kawa-speciality-sunda\/","title":{"rendered":"Indonezja Sunda Mt. Puntang Natural pod Filtr"},"content":{"rendered":"<p style=\"text-align: justify;\"><span style=\"font-weight: 400;\"><strong>Indonezja i Kawa speciality Sunda &#8211; to lokalna odmiana, kt\u00f3ra stworzy\u0142a powiedzenie &#8222;Fili\u017canka z Jawy&#8221; w XVII wieku. Te stare odmiany produkuj\u0105 kaw\u0119 najwy\u017cszej jako\u015bci i osi\u0105gn\u0119\u0142y punktacj\u0119 90,75 SCAI. Pan Irwansyah jest w biznesie kawowym od 2013 roku, zaanga\u017cowany od farmy do fili\u017canki w Puntang Coffee. Wsp\u00f3\u0142pracowali\u015bmy z Nieczapl\u0105 celem doskona\u0142o\u015bci wypa\u0142u &#8211; masz najlepsze z naszego w\u0142asnego, ekskluzywnego importu.<\/strong><\/span><\/p>\n<p>Prezentujemy nowo\u015b\u0107 z naszego w\u0142asnego, ekskluzywnego importu z Indonezji, wypalon\u0105 do perfekcji w kolaboracji z gda\u0144sk\u0105 palarni\u0105\u00a0<a class=\"notranslate\" tabindex=\"0\" href=\"https:\/\/www.instagram.com\/nieczapla\/\">@nieczapla<\/a>\u00a0Coffee Roasters.\u00a0\u2063<br \/>\n\u2063<br \/>\nIndonezja &#8211; ta kawa speciality Sunda to niesamowicie aromatyczna i cudownie zaskakuj\u0105ca kawa w anaerobicznej fermentacji przetwarzanej w obr\u00f3bce natural, pochodz\u0105ca ze zbocza g\u00f3ry Puntang na zachodniej Jawie, b\u0119d\u0105ca czyst\u0105 eksplozj\u0105 owoc\u00f3w tropikalnych w ustach. \u2063<br \/>\n\u2063<br \/>\n\u2728Proces\/obr\u00f3bka: Naturalny beztlenowy (Natural anaerobic fermentation)\u2063<br \/>\n\u2728Profil smakowy: owoce tropikalne, melasa cukrowa, czekolada deserowa\u2063<br \/>\n\u2063<br \/>\nSunda to lokalna odmiana, kt\u00f3ra stworzy\u0142a powiedzenie \u201cFili\u017canka z Jawy\u201d w XVIII wieku. Z tych pradawnych krzew\u00f3w wyrasta najwy\u017cszej jako\u015bci kawa, osi\u0105gaj\u0105ca punktacj\u0119 90,75 SCAI. \u2063<br \/>\n\u2063<br \/>\nZiarna pochodz\u0105 od pana Irwansyah Kamaluddin, kt\u00f3ry jest procesorem i w\u0142a\u015bcicielem\u00a0<a class=\"notranslate\" tabindex=\"0\" href=\"https:\/\/www.instagram.com\/puntangcoffee.id\/\">@puntangcoffee.id<\/a>\u00a0.\u2063<br \/>\n\u2063<br \/>\nKupuj\u0105c t\u0105 kaw\u0119 wspierasz si\u0119 do rozwoju uczciwego handlu i prostego importu, bez zb\u0119dnych po\u015brednik\u00f3w po drodze. Skracamy drog\u0119 kawy &#8211; od farmy do kubka &#8211; tak, aby jak najszybciej trafi\u0142a w Twoje r\u0119ce. \u2063<\/p>\n","protected":false},"excerpt":{"rendered":"<p style=\"text-align: justify;\"><span style=\"font-weight: 400;\"><strong>Sunda to lokalna odmiana, kt\u00f3ra stworzy\u0142a powiedzenie &#8222;Fili\u017canka z Jawy&#8221; w XVII wieku. Te stare odmiany produkuj\u0105 kaw\u0119 najwy\u017cszej jako\u015bci i osi\u0105gn\u0119\u0142y punktacj\u0119 90,75 SCAI. Pan Irwansyah jest w biznesie kawowym od 2013 roku, zaanga\u017cowany od farmy do fili\u017canki w Puntang Coffee. Wsp\u00f3\u0142pracowali\u015bmy z Nieczapl\u0105 celem doskona\u0142o\u015bci wypa\u0142u &#8211; masz najlepsze z naszego w\u0142asnego, ekskluzywnego importu.<\/strong><\/span><\/p>\n<p>Prezentujemy nowo\u015b\u0107 z naszego w\u0142asnego, ekskluzywnego importu z Indonezji, wypalon\u0105 do perfekcji w kolaboracji z gda\u0144sk\u0105 palarni\u0105\u00a0<a class=\"notranslate\" tabindex=\"0\" href=\"https:\/\/www.instagram.com\/nieczapla\/\">@nieczapla<\/a>\u00a0Coffee Roasters.\u00a0\u2063<br \/>\n\u2063<br \/>\nNiesamowicie aromatyczna i cudownie zaskakuj\u0105ca kawa w anaerobicznej fermentacji przetwarzanej w obr\u00f3bce natural, pochodz\u0105ca ze zbocza g\u00f3ry Puntang na zachodniej Jawie, b\u0119d\u0105ca czyst\u0105 eksplozj\u0105 owoc\u00f3w tropikalnych w ustach. \u2063<br \/>\n\u2063<br \/>\n\u2728Proces\/obr\u00f3bka: Naturalny beztlenowy (Natural anaerobic fermentation)\u2063<br \/>\n\u2728Profil smakowy: owoce tropikalne, melasa cukrowa, czekolada deserowa\u2063<br \/>\n\u2063<br \/>\nSunda to lokalna odmiana, kt\u00f3ra stworzy\u0142a powiedzenie \u201cFili\u017canka z Jawy\u201d w XVIII wieku. Z tych pradawnych krzew\u00f3w wyrasta najwy\u017cszej jako\u015bci kawa, osi\u0105gaj\u0105ca punktacj\u0119 90,75 SCAI. \u2063<br \/>\n\u2063<br \/>\nZiarna pochodz\u0105 od pana Irwansyah Kamaluddin, kt\u00f3ry jest procesorem i w\u0142a\u015bcicielem\u00a0<a class=\"notranslate\" tabindex=\"0\" href=\"https:\/\/www.instagram.com\/puntangcoffee.id\/\">@puntangcoffee.id<\/a>\u00a0.\u2063<br \/>\n\u2063<br \/>\nKupuj\u0105c t\u0105 kaw\u0119 wspierasz si\u0119 do rozwoju uczciwego handlu i prostego importu, bez zb\u0119dnych po\u015brednik\u00f3w po drodze. Skracamy drog\u0119 kawy &#8211; od farmy do kubka &#8211; tak, aby jak najszybciej trafi\u0142a w Twoje r\u0119ce. \u2063<\/p>\n<p>&nbsp;<\/p>\n","protected":false},"featured_media":5665,"comment_status":"open","ping_status":"closed","template":"","meta":[],"product_cat":[629,96],"product_tag":[583,67,644,646,647],"class_list":{"0":"post-3952","1":"product","2":"type-product","3":"status-publish","4":"has-post-thumbnail","6":"product_brand-kopkopi","7":"product_cat-250-gram-pl","8":"product_cat-wypalona-kawa","9":"product_tag-fresh-pl","10":"product_tag-indonezja","11":"product_tag-jawa","12":"product_tag-kawa-specialty","13":"product_tag-sunda-pl","14":"product_shipping_class-singlepack-pl","15":"pa_acidity-srednia","16":"pa_process-anaerobic-pl","17":"pa_variatal-old-typica-pl","19":"first","20":"outofstock","21":"taxable","22":"shipping-taxable","23":"product-type-variable","24":"has-default-attributes"},"bundle_layout":"","bundle_add_to_cart_form_location":"","bundle_editable_in_cart":false,"bundle_sold_individually_context":"","bundle_item_grouping":"","bundle_min_size":"","bundle_max_size":"","bundled_by":[],"bundled_items":[],"yoast_head":"<!-- This site is optimized with the Yoast SEO plugin v23.8 - https:\/\/yoast.com\/wordpress\/plugins\/seo\/ -->\n<title>Kawa speciality Indonezja Sunda Mt. Puntang Natural pod Filtr - KOPKOPI<\/title>\n<meta name=\"description\" content=\"Indonezja - kawa speciality Sunda - stworzy\u0142a powiedzenie &quot;Fili\u017canka z Jawy&quot; ju\u017c w XVII wieku. Spr\u00f3buj ziaren z punktacj\u0105 90,75 SCAI.\" \/>\n<meta name=\"robots\" content=\"index, follow, max-snippet:-1, max-image-preview:large, max-video-preview:-1\" \/>\n<link rel=\"canonical\" href=\"https:\/\/kopkopi.com\/pl\/shop\/indonezja-kawa-speciality-sunda\/\" \/>\n<meta property=\"og:locale\" content=\"pl_PL\" \/>\n<meta property=\"og:type\" content=\"article\" \/>\n<meta property=\"og:title\" content=\"Kawa speciality Indonezja Sunda Mt. Puntang Natural pod Filtr - KOPKOPI\" \/>\n<meta property=\"og:description\" content=\"Indonezja - kawa speciality Sunda - stworzy\u0142a powiedzenie &quot;Fili\u017canka z Jawy&quot; ju\u017c w XVII wieku. Spr\u00f3buj ziaren z punktacj\u0105 90,75 SCAI.\" \/>\n<meta property=\"og:url\" content=\"https:\/\/kopkopi.com\/pl\/shop\/indonezja-kawa-speciality-sunda\/\" \/>\n<meta property=\"og:site_name\" content=\"KOPKOPI\" \/>\n<meta property=\"article:publisher\" content=\"https:\/\/www.facebook.com\/kopkopidotcom\" \/>\n<meta property=\"article:modified_time\" content=\"2026-04-24T16:47:42+00:00\" \/>\n<meta property=\"og:image\" content=\"https:\/\/kopkopi.com\/wp-content\/uploads\/2021\/06\/09_SUNDA_FRONT_PL_TRANS-1.png\" \/>\n\t<meta property=\"og:image:width\" content=\"1280\" \/>\n\t<meta property=\"og:image:height\" content=\"1280\" \/>\n\t<meta property=\"og:image:type\" content=\"image\/png\" \/>\n<meta name=\"twitter:card\" content=\"summary_large_image\" \/>\n<meta name=\"twitter:site\" content=\"@kopkopidotcom\" \/>\n<meta name=\"twitter:label1\" content=\"Szacowany czas czytania\" \/>\n\t<meta name=\"twitter:data1\" content=\"1 minuta\" \/>\n<script type=\"application\/ld+json\" class=\"yoast-schema-graph\">{\"@context\":\"https:\/\/schema.org\",\"@graph\":[{\"@type\":[\"WebPage\",\"ItemPage\"],\"@id\":\"https:\/\/kopkopi.com\/pl\/shop\/indonezja-kawa-speciality-sunda\/\",\"url\":\"https:\/\/kopkopi.com\/pl\/shop\/indonezja-kawa-speciality-sunda\/\",\"name\":\"Kawa speciality Indonezja Sunda Mt. Puntang Natural pod Filtr - KOPKOPI\",\"isPartOf\":{\"@id\":\"https:\/\/kopkopi.com\/#website\"},\"primaryImageOfPage\":{\"@id\":\"https:\/\/kopkopi.com\/pl\/shop\/indonezja-kawa-speciality-sunda\/#primaryimage\"},\"image\":{\"@id\":\"https:\/\/kopkopi.com\/pl\/shop\/indonezja-kawa-speciality-sunda\/#primaryimage\"},\"thumbnailUrl\":\"https:\/\/kopkopi.com\/wp-content\/uploads\/2021\/06\/09_SUNDA_FRONT_PL_TRANS-1.png\",\"datePublished\":\"2021-05-21T14:04:22+00:00\",\"dateModified\":\"2026-04-24T16:47:42+00:00\",\"description\":\"Indonezja - kawa speciality Sunda - stworzy\u0142a powiedzenie \\\"Fili\u017canka z Jawy\\\" ju\u017c w XVII wieku. Spr\u00f3buj ziaren z punktacj\u0105 90,75 SCAI.\",\"breadcrumb\":{\"@id\":\"https:\/\/kopkopi.com\/pl\/shop\/indonezja-kawa-speciality-sunda\/#breadcrumb\"},\"inLanguage\":\"pl-PL\",\"potentialAction\":[{\"@type\":\"ReadAction\",\"target\":[\"https:\/\/kopkopi.com\/pl\/shop\/indonezja-kawa-speciality-sunda\/\"]}]},{\"@type\":\"ImageObject\",\"inLanguage\":\"pl-PL\",\"@id\":\"https:\/\/kopkopi.com\/pl\/shop\/indonezja-kawa-speciality-sunda\/#primaryimage\",\"url\":\"https:\/\/kopkopi.com\/wp-content\/uploads\/2021\/06\/09_SUNDA_FRONT_PL_TRANS-1.png\",\"contentUrl\":\"https:\/\/kopkopi.com\/wp-content\/uploads\/2021\/06\/09_SUNDA_FRONT_PL_TRANS-1.png\",\"width\":1280,\"height\":1280},{\"@type\":\"BreadcrumbList\",\"@id\":\"https:\/\/kopkopi.com\/pl\/shop\/indonezja-kawa-speciality-sunda\/#breadcrumb\",\"itemListElement\":[{\"@type\":\"ListItem\",\"position\":1,\"name\":\"Home\",\"item\":\"https:\/\/kopkopi.com\/pl\/sklep\/\"},{\"@type\":\"ListItem\",\"position\":2,\"name\":\"SKLEP\",\"item\":\"https:\/\/kopkopi.com\/pl\/sklep\/\"},{\"@type\":\"ListItem\",\"position\":3,\"name\":\"Indonezja Sunda Mt. Puntang Natural pod Filtr\"}]},{\"@type\":\"WebSite\",\"@id\":\"https:\/\/kopkopi.com\/#website\",\"url\":\"https:\/\/kopkopi.com\/\",\"name\":\"KOPKOPI\",\"description\":\"COFFEE &amp; CULTURE\",\"publisher\":{\"@id\":\"https:\/\/kopkopi.com\/#organization\"},\"potentialAction\":[{\"@type\":\"SearchAction\",\"target\":{\"@type\":\"EntryPoint\",\"urlTemplate\":\"https:\/\/kopkopi.com\/?s={search_term_string}\"},\"query-input\":{\"@type\":\"PropertyValueSpecification\",\"valueRequired\":true,\"valueName\":\"search_term_string\"}}],\"inLanguage\":\"pl-PL\"},{\"@type\":\"Organization\",\"@id\":\"https:\/\/kopkopi.com\/#organization\",\"name\":\"KOPKOPI\",\"url\":\"https:\/\/kopkopi.com\/\",\"logo\":{\"@type\":\"ImageObject\",\"inLanguage\":\"pl-PL\",\"@id\":\"https:\/\/kopkopi.com\/#\/schema\/logo\/image\/\",\"url\":\"https:\/\/kopkopi.com\/wp-content\/uploads\/2021\/07\/FINAL-LOGO_DOUBLE-LINES_BLACK.png\",\"contentUrl\":\"https:\/\/kopkopi.com\/wp-content\/uploads\/2021\/07\/FINAL-LOGO_DOUBLE-LINES_BLACK.png\",\"width\":1280,\"height\":1280,\"caption\":\"KOPKOPI\"},\"image\":{\"@id\":\"https:\/\/kopkopi.com\/#\/schema\/logo\/image\/\"},\"sameAs\":[\"https:\/\/www.facebook.com\/kopkopidotcom\",\"https:\/\/x.com\/kopkopidotcom\"]}]}<\/script>\n<!-- \/ Yoast SEO plugin. -->","yoast_head_json":{"title":"Kawa speciality Indonezja Sunda Mt. Puntang Natural pod Filtr - KOPKOPI","description":"Indonezja - kawa speciality Sunda - stworzy\u0142a powiedzenie \"Fili\u017canka z Jawy\" ju\u017c w XVII wieku. Spr\u00f3buj ziaren z punktacj\u0105 90,75 SCAI.","robots":{"index":"index","follow":"follow","max-snippet":"max-snippet:-1","max-image-preview":"max-image-preview:large","max-video-preview":"max-video-preview:-1"},"canonical":"https:\/\/kopkopi.com\/pl\/shop\/indonezja-kawa-speciality-sunda\/","og_locale":"pl_PL","og_type":"article","og_title":"Kawa speciality Indonezja Sunda Mt. Puntang Natural pod Filtr - KOPKOPI","og_description":"Indonezja - kawa speciality Sunda - stworzy\u0142a powiedzenie \"Fili\u017canka z Jawy\" ju\u017c w XVII wieku. Spr\u00f3buj ziaren z punktacj\u0105 90,75 SCAI.","og_url":"https:\/\/kopkopi.com\/pl\/shop\/indonezja-kawa-speciality-sunda\/","og_site_name":"KOPKOPI","article_publisher":"https:\/\/www.facebook.com\/kopkopidotcom","article_modified_time":"2026-04-24T16:47:42+00:00","og_image":[{"width":1280,"height":1280,"url":"https:\/\/kopkopi.com\/wp-content\/uploads\/2021\/06\/09_SUNDA_FRONT_PL_TRANS-1.png","type":"image\/png"}],"twitter_card":"summary_large_image","twitter_site":"@kopkopidotcom","twitter_misc":{"Szacowany czas czytania":"1 minuta"},"schema":{"@context":"https:\/\/schema.org","@graph":[{"@type":["WebPage","ItemPage"],"@id":"https:\/\/kopkopi.com\/pl\/shop\/indonezja-kawa-speciality-sunda\/","url":"https:\/\/kopkopi.com\/pl\/shop\/indonezja-kawa-speciality-sunda\/","name":"Kawa speciality Indonezja Sunda Mt. Puntang Natural pod Filtr - KOPKOPI","isPartOf":{"@id":"https:\/\/kopkopi.com\/#website"},"primaryImageOfPage":{"@id":"https:\/\/kopkopi.com\/pl\/shop\/indonezja-kawa-speciality-sunda\/#primaryimage"},"image":{"@id":"https:\/\/kopkopi.com\/pl\/shop\/indonezja-kawa-speciality-sunda\/#primaryimage"},"thumbnailUrl":"https:\/\/kopkopi.com\/wp-content\/uploads\/2021\/06\/09_SUNDA_FRONT_PL_TRANS-1.png","datePublished":"2021-05-21T14:04:22+00:00","dateModified":"2026-04-24T16:47:42+00:00","description":"Indonezja - kawa speciality Sunda - stworzy\u0142a powiedzenie \"Fili\u017canka z Jawy\" ju\u017c w XVII wieku. Spr\u00f3buj ziaren z punktacj\u0105 90,75 SCAI.","breadcrumb":{"@id":"https:\/\/kopkopi.com\/pl\/shop\/indonezja-kawa-speciality-sunda\/#breadcrumb"},"inLanguage":"pl-PL","potentialAction":[{"@type":"ReadAction","target":["https:\/\/kopkopi.com\/pl\/shop\/indonezja-kawa-speciality-sunda\/"]}]},{"@type":"ImageObject","inLanguage":"pl-PL","@id":"https:\/\/kopkopi.com\/pl\/shop\/indonezja-kawa-speciality-sunda\/#primaryimage","url":"https:\/\/kopkopi.com\/wp-content\/uploads\/2021\/06\/09_SUNDA_FRONT_PL_TRANS-1.png","contentUrl":"https:\/\/kopkopi.com\/wp-content\/uploads\/2021\/06\/09_SUNDA_FRONT_PL_TRANS-1.png","width":1280,"height":1280},{"@type":"BreadcrumbList","@id":"https:\/\/kopkopi.com\/pl\/shop\/indonezja-kawa-speciality-sunda\/#breadcrumb","itemListElement":[{"@type":"ListItem","position":1,"name":"Home","item":"https:\/\/kopkopi.com\/pl\/sklep\/"},{"@type":"ListItem","position":2,"name":"SKLEP","item":"https:\/\/kopkopi.com\/pl\/sklep\/"},{"@type":"ListItem","position":3,"name":"Indonezja Sunda Mt. Puntang Natural pod Filtr"}]},{"@type":"WebSite","@id":"https:\/\/kopkopi.com\/#website","url":"https:\/\/kopkopi.com\/","name":"KOPKOPI","description":"COFFEE &amp; CULTURE","publisher":{"@id":"https:\/\/kopkopi.com\/#organization"},"potentialAction":[{"@type":"SearchAction","target":{"@type":"EntryPoint","urlTemplate":"https:\/\/kopkopi.com\/?s={search_term_string}"},"query-input":{"@type":"PropertyValueSpecification","valueRequired":true,"valueName":"search_term_string"}}],"inLanguage":"pl-PL"},{"@type":"Organization","@id":"https:\/\/kopkopi.com\/#organization","name":"KOPKOPI","url":"https:\/\/kopkopi.com\/","logo":{"@type":"ImageObject","inLanguage":"pl-PL","@id":"https:\/\/kopkopi.com\/#\/schema\/logo\/image\/","url":"https:\/\/kopkopi.com\/wp-content\/uploads\/2021\/07\/FINAL-LOGO_DOUBLE-LINES_BLACK.png","contentUrl":"https:\/\/kopkopi.com\/wp-content\/uploads\/2021\/07\/FINAL-LOGO_DOUBLE-LINES_BLACK.png","width":1280,"height":1280,"caption":"KOPKOPI"},"image":{"@id":"https:\/\/kopkopi.com\/#\/schema\/logo\/image\/"},"sameAs":["https:\/\/www.facebook.com\/kopkopidotcom","https:\/\/x.com\/kopkopidotcom"]}]}},"_links":{"self":[{"href":"https:\/\/kopkopi.com\/pl\/wp-json\/wp\/v2\/product\/3952","targetHints":{"allow":["GET"]}}],"collection":[{"href":"https:\/\/kopkopi.com\/pl\/wp-json\/wp\/v2\/product"}],"about":[{"href":"https:\/\/kopkopi.com\/pl\/wp-json\/wp\/v2\/types\/product"}],"replies":[{"embeddable":true,"href":"https:\/\/kopkopi.com\/pl\/wp-json\/wp\/v2\/comments?post=3952"}],"version-history":[{"count":1,"href":"https:\/\/kopkopi.com\/pl\/wp-json\/wp\/v2\/product\/3952\/revisions"}],"predecessor-version":[{"id":13994,"href":"https:\/\/kopkopi.com\/pl\/wp-json\/wp\/v2\/product\/3952\/revisions\/13994"}],"wp:featuredmedia":[{"embeddable":true,"href":"https:\/\/kopkopi.com\/pl\/wp-json\/wp\/v2\/media\/5665"}],"wp:attachment":[{"href":"https:\/\/kopkopi.com\/pl\/wp-json\/wp\/v2\/media?parent=3952"}],"wp:term":[{"taxonomy":"product_cat","embeddable":true,"href":"https:\/\/kopkopi.com\/pl\/wp-json\/wp\/v2\/product_cat?post=3952"},{"taxonomy":"product_tag","embeddable":true,"href":"https:\/\/kopkopi.com\/pl\/wp-json\/wp\/v2\/product_tag?post=3952"}],"curies":[{"name":"wp","href":"https:\/\/api.w.org\/{rel}","templated":true}]}}