{"id":819,"date":"2021-01-28T22:34:27","date_gmt":"2021-01-28T21:34:27","guid":{"rendered":"https:\/\/kopkopi.com\/shop\/1975-koke-washed\/"},"modified":"2026-04-08T20:04:08","modified_gmt":"2026-04-08T19:04:08","slug":"ethiopia-kawa-speciality","status":"publish","type":"product","link":"https:\/\/kopkopi.com\/pl\/shop\/ethiopia-kawa-speciality\/","title":{"rendered":"Etiopia 1975 Koke Washed pod Filtr"},"content":{"rendered":"<p style=\"text-align: justify;\"><span style=\"font-weight: 400;\">Kawa Etiopia Yirgacheffe to kawa specialty, single origin, z mikroregionu Yirgacheffe. Nazwa stacji myj\u0105cej Koke pochodzi od Koke Kebele, czyli miasta, w kt\u00f3rym si\u0119 znajduje, w dystrykcie Yirgacheffe w Strefie Gedeo. Rodzinna stacja myj\u0105ca Koke zosta\u0142a zbudowana w 1975 i doczeka\u0142a si\u0119 wielu ulepsze\u0144 od 2015 roku, kiedy to pracownicy myjni zacz\u0119li udziela\u0107 wskaz\u00f3wek wsp\u00f3\u0142pracuj\u0105cym producentom w zakresie krok\u00f3w maj\u0105cych na celu podniesienie jako\u015bci kawy. Te wysi\u0142ki zaowocowa\u0142y powstaniem tej mytej kawy, kt\u00f3ra jest delikatna i s\u0142odka, z pe\u0142nymi wdzi\u0119ku nutami kwiatu pomara\u0144czy, moreli i baz\u0105 czarnej herbaty. Tekstura jest jedwabista, a odczucie w ustach &#8211; strukturalne, z wieloma poziomami, kt\u00f3re mo\u017cna odkry\u0107 w miar\u0119 stygni\u0119cia kawy.<\/span><\/p>\n<p>Kiedy owoce osi\u0105gaj\u0105 szczyt dojrza\u0142o\u015bci, s\u0105 r\u0119cznie zbierane przez rolnik\u00f3w i dostarczane do stacji myj\u0105cej w Koke &#8211; ekonomicznego filaru regionu. Pracownicy stacji myj\u0105cej udzielaj\u0105 miejscowym rolnikom praktycznych wskaz\u00f3wek w celu poprawy og\u00f3lnej jako\u015bci i sp\u00f3jno\u015bci zbior\u00f3w. To w\u0142a\u015bnie w tym momencie zaczyna si\u0119 nasza kawowa podr\u00f3\u017c.<\/p>\n<p style=\"text-align: justify;\"><span style=\"font-weight: 400;\">Sam proces jest najstarsz\u0105 i najtrudniejsz\u0105 metod\u0105 do umiej\u0119tnego przeprowadzenia, ale wymaga r\u00f3wnie\u017c najmniejszego nak\u0142adu \u015brodk\u00f3w. W tej metodzie pracownicy rozk\u0142adaj\u0105 owoce kawowca na 89 podniesionych suszarniach, wykorzystuj\u0105c si\u0142\u0119 s\u0142o\u0144ca do pozbycia si\u0119 wilgoci z owoc\u00f3w. Nast\u0119pnie, przez 21 dni za\u0142oga Koke starannie miesza i nast\u0119pnie przykrywa czere\u015bnie, aby zapewni\u0107 r\u00f3wnomierne suszenie w ca\u0142ym zbiorze i unikn\u0105\u0107 nadmiernej fermentacji. W miar\u0119 jak owoce si\u0119 susz\u0105, ich w\u0142a\u015bciwo\u015bci przenikaj\u0105 do ziaren i nadaj\u0105 ko\u0144cowej fili\u017cance kawy niezwykle soczyste i owocowe aromaty &#8211; mamy tu morel\u0119, czarn\u0105 herbat\u0119, kwiat pomara\u0144czy i mleczn\u0105 czekolad\u0119.<\/span><\/p>\n<p style=\"text-align: justify;\"><span style=\"font-weight: 400;\">Suszone owoce kawowca s\u0105 nast\u0119pnie transportowane 250 mil do 'suchego m\u0142yna&#8217; w Addis Abebie. Tam, najnowocze\u015bniejsze maszyny ostro\u017cnie usuwaj\u0105 \u0142upiny z owoc\u00f3w, jednocze\u015bnie oddzielaj\u0105c wadliwe ziarna w tempie 6 ton na godzin\u0119 przy u\u017cyciu specjalistycznego sprz\u0119tu. Ka\u017cda z metod obr\u00f3bki podkre\u015bla inne aspekty w\u0142a\u015bciwo\u015bci kawy, ale wszystkie s\u0105 wyrazem umiej\u0119tnej pracy niezliczonych os\u00f3b.<\/span><\/p>\n<p style=\"text-align: justify;\"><span style=\"font-weight: 400;\">Kawa Etiopia Yirgacheffe z kooperatywy YCFCU (Yirgacheffe Coffee Farmers Cooperatives Union), pochodz\u0105ca ze stacji myj\u0105cej Koke, kt\u00f3ra jest ekonomicznym filarem regionu. Wyczujesz w niej nuty moreli, czarnej herbaty i kwiat\u00f3w pomara\u0144czy, w kt\u00f3rych to zakochali\u015bmy si\u0119 od pierwszego \u0142yka. Przez 3 ostatnie lata kierownicy stacji Koke selekcjonowali coraz to wy\u017cej po\u0142o\u017cone owoce, co wyra\u017anie prze\u0142o\u017cy\u0142o si\u0119 na niesamowit\u0105 jako\u015b\u0107 kawy.<\/span><\/p>\n","protected":false},"excerpt":{"rendered":"<p>&nbsp;<\/p>\n<p>Etiopska kawa specialty \/ speciality, single origin, z mikroregionu Yirgachefe. Nazwa stacji myj\u0105cej Koke pochodzi od Koke Kebele, czyli miasta, w kt\u00f3rym si\u0119 znajduje, w dystrykcie Yirgacheffe w Strefie Gedeo. Rodzinna stacja myj\u0105ca Koke zosta\u0142a zbudowana w 1975 i doczeka\u0142a si\u0119 wielu ulepsze\u0144 od 2015 roku, kiedy to pracownicy myjni zacz\u0119li udziela\u0107 wskaz\u00f3wek wsp\u00f3\u0142pracuj\u0105cym producentom w zakresie krok\u00f3w maj\u0105cych na celu podniesienie jako\u015bci kawy. Te wysi\u0142ki zaowocowa\u0142y powstaniem tej mytej kawy, kt\u00f3ra jest delikatna i s\u0142odka, z pe\u0142nymi wdzi\u0119ku nutami kwiatu pomara\u0144czy, moreli i baz\u0105 czarnej herbaty. Tekstura jest jedwabista, a odczucie w ustach &#8211; strukturalne, z wieloma poziomami, kt\u00f3re mo\u017cna odkry\u0107 w miar\u0119 stygni\u0119cia kawy.<\/p>\n<p style=\"text-align: justify;\"><span style=\"font-weight: 400;\">Stacja myj\u0105ca i kooperatywa Koke zosta\u0142a za\u0142o\u017cona w 1975 i do\u0142\u0105czy\u0142a do YCFCU (Yirgacheffe Coffee Farmers Cooperatives Union) w 2002 &#8211; jest ona tak\u017ce ekonomicznym filarem regionu. W naszej kawie wyczujesz nuty moreli, czarnej herbaty i kwiat\u00f3w pomara\u0144czy, w kt\u00f3rych to zakochali\u015bmy si\u0119 od pierwszego \u0142yka.<\/span><\/p>\n<p>&nbsp;<\/p>\n<p style=\"text-align: justify;\"><span style=\"font-weight: 400;\">Stacja Koke jest znana z kawy z 2009 roku, gdzie zosta\u0142a oceniona na 94 punkty.<\/span><\/p>\n<p>&nbsp;<\/p>\n<p style=\"text-align: justify;\"><span style=\"font-weight: 400;\">Yirgacheffe jest przez wielu uwa\u017cana za miejsce narodzin kawy, a drzewa kawowe uprawiane w tym regionie s\u0105 naturalnie wyst\u0119puj\u0105c\u0105 mieszank\u0105 odmian dziedziczonych, uprawianych w\u015br\u00f3d innych gatunk\u00f3w w ogrodach i lasach kawowych.<\/span><\/p>\n<p>&nbsp;<\/p>\n<p style=\"text-align: justify;\"><span style=\"font-weight: 400;\">Kawa myta zosta\u0142a wprowadzona do Etiopii w latach 70-tych, a w Yirgacheffe znajdowa\u0142 si\u0119 pierwszy m\u0142yn do mokrej obr\u00f3bki.<\/span><\/p>\n<p>&nbsp;<\/p>\n<p style=\"text-align: justify;\"><span style=\"font-weight: 400;\">Prawie wszystkie gatunki kawy uprawiane w Yirgacheffe, kolebce Arabiki, to naturalnie wyst\u0119puj\u0105ce odmiany o staro\u017cytnych korzeniach genetycznych. Te &#8222;dziedziczone&#8221; odmiany (technicznie nazywane &#8222;landraces&#8221;) porastaj\u0105 g\u00f3rskie zbocza oko\u0142o 96 ma\u0142ych ogrod\u00f3w i gospodarstw, rozrzuconych w\u015br\u00f3d r\u00f3\u017cnych upraw na w\u0142asne potrzeby.\u00a0<\/span><\/p>\n","protected":false},"featured_media":2603,"comment_status":"open","ping_status":"closed","template":"","meta":[],"product_cat":[629,96],"product_tag":[87,583,646,88,648,89],"class_list":{"0":"post-819","1":"product","2":"type-product","3":"status-publish","4":"has-post-thumbnail","6":"product_brand-kopkopi","7":"product_cat-250-gram-pl","8":"product_cat-wypalona-kawa","9":"product_tag-ethiopia-pl","10":"product_tag-fresh-pl","11":"product_tag-kawa-specialty","12":"product_tag-koke-pl","13":"product_tag-mita","14":"product_tag-organic-pl","15":"product_shipping_class-singlepack-pl","16":"pa_acidity-srednia","17":"pa_process-washed-pl","18":"pa_roast-date-11-10-2021-pl","19":"pa_variatal-heirloom-pl","21":"first","22":"outofstock","23":"taxable","24":"shipping-taxable","25":"purchasable","26":"product-type-variable","27":"has-default-attributes"},"bundle_layout":"","bundle_add_to_cart_form_location":"","bundle_editable_in_cart":false,"bundle_sold_individually_context":"","bundle_item_grouping":"","bundle_min_size":"","bundle_max_size":"","bundled_by":["8927"],"bundled_items":[],"yoast_head":"<!-- This site is optimized with the Yoast SEO plugin v23.8 - https:\/\/yoast.com\/wordpress\/plugins\/seo\/ -->\n<title>Kawa Yirgacheffe - Etiopia 1975 Koke Washed pod Filtr - KOPKOPI<\/title>\n<meta name=\"description\" content=\"Kawa Etiopia Yirgacheffe - kt\u00f3ra jest delikatna, s\u0142odka, z pe\u0142nymi wdzi\u0119ku nutami kwiatu pomara\u0144czy, moreli i baz\u0105 czarnej herbaty.\" \/>\n<meta name=\"robots\" content=\"index, follow, max-snippet:-1, max-image-preview:large, max-video-preview:-1\" \/>\n<link rel=\"canonical\" href=\"https:\/\/kopkopi.com\/pl\/shop\/ethiopia-kawa-speciality\/\" \/>\n<meta property=\"og:locale\" content=\"pl_PL\" \/>\n<meta property=\"og:type\" content=\"article\" \/>\n<meta property=\"og:title\" content=\"Kawa Yirgacheffe - Etiopia 1975 Koke Washed pod Filtr - KOPKOPI\" \/>\n<meta property=\"og:description\" content=\"Kawa Etiopia Yirgacheffe - kt\u00f3ra jest delikatna, s\u0142odka, z pe\u0142nymi wdzi\u0119ku nutami kwiatu pomara\u0144czy, moreli i baz\u0105 czarnej herbaty.\" \/>\n<meta property=\"og:url\" content=\"https:\/\/kopkopi.com\/pl\/shop\/ethiopia-kawa-speciality\/\" \/>\n<meta property=\"og:site_name\" content=\"KOPKOPI\" \/>\n<meta property=\"article:publisher\" content=\"https:\/\/www.facebook.com\/kopkopidotcom\" \/>\n<meta property=\"article:modified_time\" content=\"2026-04-08T19:04:08+00:00\" \/>\n<meta property=\"og:image\" content=\"https:\/\/kopkopi.com\/wp-content\/uploads\/2021\/01\/Koke_PL_Transparnet.png\" \/>\n\t<meta property=\"og:image:width\" content=\"1280\" \/>\n\t<meta property=\"og:image:height\" content=\"1280\" \/>\n\t<meta property=\"og:image:type\" content=\"image\/png\" \/>\n<meta name=\"twitter:card\" content=\"summary_large_image\" \/>\n<meta name=\"twitter:site\" content=\"@kopkopidotcom\" \/>\n<meta name=\"twitter:label1\" content=\"Szacowany czas czytania\" \/>\n\t<meta name=\"twitter:data1\" content=\"2 minuty\" \/>\n<script type=\"application\/ld+json\" class=\"yoast-schema-graph\">{\"@context\":\"https:\/\/schema.org\",\"@graph\":[{\"@type\":[\"WebPage\",\"ItemPage\"],\"@id\":\"https:\/\/kopkopi.com\/pl\/shop\/ethiopia-kawa-speciality\/\",\"url\":\"https:\/\/kopkopi.com\/pl\/shop\/ethiopia-kawa-speciality\/\",\"name\":\"Kawa Yirgacheffe - Etiopia 1975 Koke Washed pod Filtr - KOPKOPI\",\"isPartOf\":{\"@id\":\"https:\/\/kopkopi.com\/#website\"},\"primaryImageOfPage\":{\"@id\":\"https:\/\/kopkopi.com\/pl\/shop\/ethiopia-kawa-speciality\/#primaryimage\"},\"image\":{\"@id\":\"https:\/\/kopkopi.com\/pl\/shop\/ethiopia-kawa-speciality\/#primaryimage\"},\"thumbnailUrl\":\"https:\/\/kopkopi.com\/wp-content\/uploads\/2021\/01\/Koke_PL_Transparnet.png\",\"datePublished\":\"2021-01-28T21:34:27+00:00\",\"dateModified\":\"2026-04-08T19:04:08+00:00\",\"description\":\"Kawa Etiopia Yirgacheffe - kt\u00f3ra jest delikatna, s\u0142odka, z pe\u0142nymi wdzi\u0119ku nutami kwiatu pomara\u0144czy, moreli i baz\u0105 czarnej herbaty.\",\"breadcrumb\":{\"@id\":\"https:\/\/kopkopi.com\/pl\/shop\/ethiopia-kawa-speciality\/#breadcrumb\"},\"inLanguage\":\"pl-PL\",\"potentialAction\":[{\"@type\":\"ReadAction\",\"target\":[\"https:\/\/kopkopi.com\/pl\/shop\/ethiopia-kawa-speciality\/\"]}]},{\"@type\":\"ImageObject\",\"inLanguage\":\"pl-PL\",\"@id\":\"https:\/\/kopkopi.com\/pl\/shop\/ethiopia-kawa-speciality\/#primaryimage\",\"url\":\"https:\/\/kopkopi.com\/wp-content\/uploads\/2021\/01\/Koke_PL_Transparnet.png\",\"contentUrl\":\"https:\/\/kopkopi.com\/wp-content\/uploads\/2021\/01\/Koke_PL_Transparnet.png\",\"width\":1280,\"height\":1280},{\"@type\":\"BreadcrumbList\",\"@id\":\"https:\/\/kopkopi.com\/pl\/shop\/ethiopia-kawa-speciality\/#breadcrumb\",\"itemListElement\":[{\"@type\":\"ListItem\",\"position\":1,\"name\":\"Home\",\"item\":\"https:\/\/kopkopi.com\/pl\/sklep\/\"},{\"@type\":\"ListItem\",\"position\":2,\"name\":\"SKLEP\",\"item\":\"https:\/\/kopkopi.com\/pl\/sklep\/\"},{\"@type\":\"ListItem\",\"position\":3,\"name\":\"Etiopia 1975 Koke Washed pod Filtr\"}]},{\"@type\":\"WebSite\",\"@id\":\"https:\/\/kopkopi.com\/#website\",\"url\":\"https:\/\/kopkopi.com\/\",\"name\":\"KOPKOPI\",\"description\":\"COFFEE &amp; CULTURE\",\"publisher\":{\"@id\":\"https:\/\/kopkopi.com\/#organization\"},\"potentialAction\":[{\"@type\":\"SearchAction\",\"target\":{\"@type\":\"EntryPoint\",\"urlTemplate\":\"https:\/\/kopkopi.com\/?s={search_term_string}\"},\"query-input\":{\"@type\":\"PropertyValueSpecification\",\"valueRequired\":true,\"valueName\":\"search_term_string\"}}],\"inLanguage\":\"pl-PL\"},{\"@type\":\"Organization\",\"@id\":\"https:\/\/kopkopi.com\/#organization\",\"name\":\"KOPKOPI\",\"url\":\"https:\/\/kopkopi.com\/\",\"logo\":{\"@type\":\"ImageObject\",\"inLanguage\":\"pl-PL\",\"@id\":\"https:\/\/kopkopi.com\/#\/schema\/logo\/image\/\",\"url\":\"https:\/\/kopkopi.com\/wp-content\/uploads\/2021\/07\/FINAL-LOGO_DOUBLE-LINES_BLACK.png\",\"contentUrl\":\"https:\/\/kopkopi.com\/wp-content\/uploads\/2021\/07\/FINAL-LOGO_DOUBLE-LINES_BLACK.png\",\"width\":1280,\"height\":1280,\"caption\":\"KOPKOPI\"},\"image\":{\"@id\":\"https:\/\/kopkopi.com\/#\/schema\/logo\/image\/\"},\"sameAs\":[\"https:\/\/www.facebook.com\/kopkopidotcom\",\"https:\/\/x.com\/kopkopidotcom\"]}]}<\/script>\n<!-- \/ Yoast SEO plugin. -->","yoast_head_json":{"title":"Kawa Yirgacheffe - Etiopia 1975 Koke Washed pod Filtr - KOPKOPI","description":"Kawa Etiopia Yirgacheffe - kt\u00f3ra jest delikatna, s\u0142odka, z pe\u0142nymi wdzi\u0119ku nutami kwiatu pomara\u0144czy, moreli i baz\u0105 czarnej herbaty.","robots":{"index":"index","follow":"follow","max-snippet":"max-snippet:-1","max-image-preview":"max-image-preview:large","max-video-preview":"max-video-preview:-1"},"canonical":"https:\/\/kopkopi.com\/pl\/shop\/ethiopia-kawa-speciality\/","og_locale":"pl_PL","og_type":"article","og_title":"Kawa Yirgacheffe - Etiopia 1975 Koke Washed pod Filtr - KOPKOPI","og_description":"Kawa Etiopia Yirgacheffe - kt\u00f3ra jest delikatna, s\u0142odka, z pe\u0142nymi wdzi\u0119ku nutami kwiatu pomara\u0144czy, moreli i baz\u0105 czarnej herbaty.","og_url":"https:\/\/kopkopi.com\/pl\/shop\/ethiopia-kawa-speciality\/","og_site_name":"KOPKOPI","article_publisher":"https:\/\/www.facebook.com\/kopkopidotcom","article_modified_time":"2026-04-08T19:04:08+00:00","og_image":[{"width":1280,"height":1280,"url":"https:\/\/kopkopi.com\/wp-content\/uploads\/2021\/01\/Koke_PL_Transparnet.png","type":"image\/png"}],"twitter_card":"summary_large_image","twitter_site":"@kopkopidotcom","twitter_misc":{"Szacowany czas czytania":"2 minuty"},"schema":{"@context":"https:\/\/schema.org","@graph":[{"@type":["WebPage","ItemPage"],"@id":"https:\/\/kopkopi.com\/pl\/shop\/ethiopia-kawa-speciality\/","url":"https:\/\/kopkopi.com\/pl\/shop\/ethiopia-kawa-speciality\/","name":"Kawa Yirgacheffe - Etiopia 1975 Koke Washed pod Filtr - KOPKOPI","isPartOf":{"@id":"https:\/\/kopkopi.com\/#website"},"primaryImageOfPage":{"@id":"https:\/\/kopkopi.com\/pl\/shop\/ethiopia-kawa-speciality\/#primaryimage"},"image":{"@id":"https:\/\/kopkopi.com\/pl\/shop\/ethiopia-kawa-speciality\/#primaryimage"},"thumbnailUrl":"https:\/\/kopkopi.com\/wp-content\/uploads\/2021\/01\/Koke_PL_Transparnet.png","datePublished":"2021-01-28T21:34:27+00:00","dateModified":"2026-04-08T19:04:08+00:00","description":"Kawa Etiopia Yirgacheffe - kt\u00f3ra jest delikatna, s\u0142odka, z pe\u0142nymi wdzi\u0119ku nutami kwiatu pomara\u0144czy, moreli i baz\u0105 czarnej herbaty.","breadcrumb":{"@id":"https:\/\/kopkopi.com\/pl\/shop\/ethiopia-kawa-speciality\/#breadcrumb"},"inLanguage":"pl-PL","potentialAction":[{"@type":"ReadAction","target":["https:\/\/kopkopi.com\/pl\/shop\/ethiopia-kawa-speciality\/"]}]},{"@type":"ImageObject","inLanguage":"pl-PL","@id":"https:\/\/kopkopi.com\/pl\/shop\/ethiopia-kawa-speciality\/#primaryimage","url":"https:\/\/kopkopi.com\/wp-content\/uploads\/2021\/01\/Koke_PL_Transparnet.png","contentUrl":"https:\/\/kopkopi.com\/wp-content\/uploads\/2021\/01\/Koke_PL_Transparnet.png","width":1280,"height":1280},{"@type":"BreadcrumbList","@id":"https:\/\/kopkopi.com\/pl\/shop\/ethiopia-kawa-speciality\/#breadcrumb","itemListElement":[{"@type":"ListItem","position":1,"name":"Home","item":"https:\/\/kopkopi.com\/pl\/sklep\/"},{"@type":"ListItem","position":2,"name":"SKLEP","item":"https:\/\/kopkopi.com\/pl\/sklep\/"},{"@type":"ListItem","position":3,"name":"Etiopia 1975 Koke Washed pod Filtr"}]},{"@type":"WebSite","@id":"https:\/\/kopkopi.com\/#website","url":"https:\/\/kopkopi.com\/","name":"KOPKOPI","description":"COFFEE &amp; CULTURE","publisher":{"@id":"https:\/\/kopkopi.com\/#organization"},"potentialAction":[{"@type":"SearchAction","target":{"@type":"EntryPoint","urlTemplate":"https:\/\/kopkopi.com\/?s={search_term_string}"},"query-input":{"@type":"PropertyValueSpecification","valueRequired":true,"valueName":"search_term_string"}}],"inLanguage":"pl-PL"},{"@type":"Organization","@id":"https:\/\/kopkopi.com\/#organization","name":"KOPKOPI","url":"https:\/\/kopkopi.com\/","logo":{"@type":"ImageObject","inLanguage":"pl-PL","@id":"https:\/\/kopkopi.com\/#\/schema\/logo\/image\/","url":"https:\/\/kopkopi.com\/wp-content\/uploads\/2021\/07\/FINAL-LOGO_DOUBLE-LINES_BLACK.png","contentUrl":"https:\/\/kopkopi.com\/wp-content\/uploads\/2021\/07\/FINAL-LOGO_DOUBLE-LINES_BLACK.png","width":1280,"height":1280,"caption":"KOPKOPI"},"image":{"@id":"https:\/\/kopkopi.com\/#\/schema\/logo\/image\/"},"sameAs":["https:\/\/www.facebook.com\/kopkopidotcom","https:\/\/x.com\/kopkopidotcom"]}]}},"_links":{"self":[{"href":"https:\/\/kopkopi.com\/pl\/wp-json\/wp\/v2\/product\/819","targetHints":{"allow":["GET"]}}],"collection":[{"href":"https:\/\/kopkopi.com\/pl\/wp-json\/wp\/v2\/product"}],"about":[{"href":"https:\/\/kopkopi.com\/pl\/wp-json\/wp\/v2\/types\/product"}],"replies":[{"embeddable":true,"href":"https:\/\/kopkopi.com\/pl\/wp-json\/wp\/v2\/comments?post=819"}],"version-history":[{"count":1,"href":"https:\/\/kopkopi.com\/pl\/wp-json\/wp\/v2\/product\/819\/revisions"}],"predecessor-version":[{"id":13997,"href":"https:\/\/kopkopi.com\/pl\/wp-json\/wp\/v2\/product\/819\/revisions\/13997"}],"wp:featuredmedia":[{"embeddable":true,"href":"https:\/\/kopkopi.com\/pl\/wp-json\/wp\/v2\/media\/2603"}],"wp:attachment":[{"href":"https:\/\/kopkopi.com\/pl\/wp-json\/wp\/v2\/media?parent=819"}],"wp:term":[{"taxonomy":"product_cat","embeddable":true,"href":"https:\/\/kopkopi.com\/pl\/wp-json\/wp\/v2\/product_cat?post=819"},{"taxonomy":"product_tag","embeddable":true,"href":"https:\/\/kopkopi.com\/pl\/wp-json\/wp\/v2\/product_tag?post=819"}],"curies":[{"name":"wp","href":"https:\/\/api.w.org\/{rel}","templated":true}]}}