{"id":8867,"date":"2021-07-14T12:12:40","date_gmt":"2021-07-14T11:12:40","guid":{"rendered":"https:\/\/kopkopi.com\/?post_type=product&#038;p=8867"},"modified":"2025-05-23T04:10:00","modified_gmt":"2025-05-23T03:10:00","slug":"speciality-kawa-sumatra-pod-espresso","status":"publish","type":"product","link":"https:\/\/kopkopi.com\/pl\/shop\/speciality-kawa-sumatra-pod-espresso\/","title":{"rendered":"Indonezja Triple Pick Gayo Washed pod Espresso"},"content":{"rendered":"<p>Indonezyjska kawa speciality &#8211; palona pod espresso.<\/p>\n<p>Przedstawiamy kaw\u0119 z naszego w\u0142asnego importu z Indonezji \u270c\ud83c\udffc\u2063<br \/>\n\u2063<br \/>\n3X PICK GAYO SEMI-WASH\u2063<br \/>\n\u2063<br \/>\nTa indonezyjska kawa speciality z regionu Gayo na wyspie Sumatra, palona pod espresso, przechodz\u0105ca przez 3 rundy r\u0119cznej selekcji, aby zminimalizowa\u0107 defekty, zredukowa\u0107 ziemiste nuty i zwi\u0119kszy\u0107 klarowno\u015b\u0107 smaku. \u2063<br \/>\n\u2063<br \/>\nZiarna grade 1 &#8211; bez defekt\u00f3w, po obr\u00f3bce semi-wash &#8211; &#8222;Giling Basah&#8221; po indonezyjsku &#8211; w ten spos\u00f3b zmniejszona zostaje kwasowo\u015b\u0107, czyni\u0105c kaw\u0119 bardziej pe\u0142n\u0105.\u2063<br \/>\n\u2063<br \/>\n\u2615\ufe0fProfil smakowy: w\u0119\u017cowy owoc (salak), surowe kakao, palony karmel\u2063<\/p>\n<p>Kupuj\u0105c t\u0105 kaw\u0119 wspierasz si\u0119 do rozwoju uczciwego handlu i prostego importu, bez zb\u0119dnych po\u015brednik\u00f3w po drodze. Skracamy drog\u0119 kawy &#8211; od farmy do kubka &#8211; tak, aby jak najszybciej trafi\u0142a w Twoje r\u0119ce. \u2063<\/p>\n","protected":false},"excerpt":{"rendered":"<p>Przedstawiamy kaw\u0119 z naszego w\u0142asnego importu z Indonezji \u270c\ud83c\udffc\u2063<br \/>\n\u2063<br \/>\n3X PICK GAYO SEMI-WASH\u2063<br \/>\n\u2063<br \/>\n<span style=\"font-weight: 400;\">Kawa z regionu Gayo na wyspie Sumatra, przechodz\u0105ca przez 3 rundy r\u0119cznej selekcji, aby zminimalizowa\u0107 defekty, zredukowa\u0107 ziemiste nuty i zwi\u0119kszy\u0107 klarowno\u015b\u0107 smaku. Ziarna grade 1 &#8211; bez defekt\u00f3w, po obr\u00f3bce semi-wash &#8211; &#8222;Giling Basah&#8221; po indonezyjsku &#8211; kt\u00f3ra zmniejsza kwasowo\u015b\u0107, czyni\u0105c t\u0105 kaw\u0119 przepyszn\u0105.<\/span><br \/>\n\u2063<br \/>\n\u2615\ufe0fProfil smakowy: w\u0119\u017cowy owoc (salak), surowe kakao, palony karmel\u2063<\/p>\n<p>Kupuj\u0105c t\u0105 kaw\u0119 wspierasz si\u0119 do rozwoju uczciwego handlu i prostego importu, bez zb\u0119dnych po\u015brednik\u00f3w po drodze. Skracamy drog\u0119 kawy &#8211; od farmy do kubka &#8211; tak, aby jak najszybciej trafi\u0142a w Twoje r\u0119ce. \u2063<\/p>\n<p><span style=\"font-weight: 400;\">\u00a0<\/span><\/p>\n","protected":false},"featured_media":11799,"comment_status":"open","ping_status":"closed","template":"","meta":[],"product_cat":[629,96],"product_tag":[583,635,646,641,642],"class_list":{"0":"post-8867","1":"product","2":"type-product","3":"status-publish","4":"has-post-thumbnail","6":"product_brand-kopkopi","7":"product_cat-250-gram-pl","8":"product_cat-wypalona-kawa","9":"product_tag-fresh-pl","10":"product_tag-gayo-pl","11":"product_tag-kawa-specialty","12":"product_tag-semi-washed-pl","13":"product_tag-sumatra-pl","14":"pa_acidity-niska","15":"pa_process-giling-basah-pl","16":"pa_variatal-regional-mix-pl","18":"first","19":"outofstock","20":"taxable","21":"shipping-taxable","22":"purchasable","23":"product-type-variable","24":"has-default-attributes"},"bundle_layout":"","bundle_add_to_cart_form_location":"","bundle_editable_in_cart":false,"bundle_sold_individually_context":"","bundle_item_grouping":"","bundle_min_size":"","bundle_max_size":"","bundled_by":[],"bundled_items":[],"yoast_head":"<!-- This site is optimized with the Yoast SEO plugin v23.8 - https:\/\/yoast.com\/wordpress\/plugins\/seo\/ -->\n<title>Kawa speciality Indonezja Triple Pick Gayo Washed pod Espresso - KOPKOPI<\/title>\n<meta name=\"description\" content=\"Indonezyjska kawa speciality pod espresso po 3 rundach r\u0119cznej selekcji by zredukowa\u0107 defekty, ziemiste nuty a zwi\u0119kszy\u0107 klarowno\u015b\u0107 smaku. \u2063\" \/>\n<meta name=\"robots\" content=\"index, follow, max-snippet:-1, max-image-preview:large, max-video-preview:-1\" \/>\n<link rel=\"canonical\" href=\"https:\/\/kopkopi.com\/pl\/shop\/speciality-kawa-sumatra-pod-espresso\/\" \/>\n<meta property=\"og:locale\" content=\"pl_PL\" \/>\n<meta property=\"og:type\" content=\"article\" \/>\n<meta property=\"og:title\" content=\"Kawa speciality Indonezja Triple Pick Gayo Washed pod Espresso - KOPKOPI\" \/>\n<meta property=\"og:description\" content=\"Indonezyjska kawa speciality pod espresso po 3 rundach r\u0119cznej selekcji by zredukowa\u0107 defekty, ziemiste nuty a zwi\u0119kszy\u0107 klarowno\u015b\u0107 smaku. \u2063\" \/>\n<meta property=\"og:url\" content=\"https:\/\/kopkopi.com\/pl\/shop\/speciality-kawa-sumatra-pod-espresso\/\" \/>\n<meta property=\"og:site_name\" content=\"KOPKOPI\" \/>\n<meta property=\"article:publisher\" content=\"https:\/\/www.facebook.com\/kopkopidotcom\" \/>\n<meta property=\"article:modified_time\" content=\"2025-05-23T03:10:00+00:00\" \/>\n<meta property=\"og:image\" content=\"https:\/\/kopkopi.com\/wp-content\/uploads\/2021\/08\/01_GAYO_PL_ESP_STICKER.png\" \/>\n\t<meta property=\"og:image:width\" content=\"1800\" \/>\n\t<meta property=\"og:image:height\" content=\"1800\" \/>\n\t<meta property=\"og:image:type\" content=\"image\/png\" \/>\n<meta name=\"twitter:card\" content=\"summary_large_image\" \/>\n<meta name=\"twitter:site\" content=\"@kopkopidotcom\" \/>\n<meta name=\"twitter:label1\" content=\"Szacowany czas czytania\" \/>\n\t<meta name=\"twitter:data1\" content=\"1 minuta\" \/>\n<script type=\"application\/ld+json\" class=\"yoast-schema-graph\">{\"@context\":\"https:\/\/schema.org\",\"@graph\":[{\"@type\":[\"WebPage\",\"ItemPage\"],\"@id\":\"https:\/\/kopkopi.com\/pl\/shop\/speciality-kawa-sumatra-pod-espresso\/\",\"url\":\"https:\/\/kopkopi.com\/pl\/shop\/speciality-kawa-sumatra-pod-espresso\/\",\"name\":\"Kawa speciality Indonezja Triple Pick Gayo Washed pod Espresso - KOPKOPI\",\"isPartOf\":{\"@id\":\"https:\/\/kopkopi.com\/#website\"},\"primaryImageOfPage\":{\"@id\":\"https:\/\/kopkopi.com\/pl\/shop\/speciality-kawa-sumatra-pod-espresso\/#primaryimage\"},\"image\":{\"@id\":\"https:\/\/kopkopi.com\/pl\/shop\/speciality-kawa-sumatra-pod-espresso\/#primaryimage\"},\"thumbnailUrl\":\"https:\/\/kopkopi.com\/wp-content\/uploads\/2021\/08\/01_GAYO_PL_ESP_STICKER.png\",\"datePublished\":\"2021-07-14T11:12:40+00:00\",\"dateModified\":\"2025-05-23T03:10:00+00:00\",\"description\":\"Indonezyjska kawa speciality pod espresso po 3 rundach r\u0119cznej selekcji by zredukowa\u0107 defekty, ziemiste nuty a zwi\u0119kszy\u0107 klarowno\u015b\u0107 smaku. \u2063\",\"breadcrumb\":{\"@id\":\"https:\/\/kopkopi.com\/pl\/shop\/speciality-kawa-sumatra-pod-espresso\/#breadcrumb\"},\"inLanguage\":\"pl-PL\",\"potentialAction\":[{\"@type\":\"ReadAction\",\"target\":[\"https:\/\/kopkopi.com\/pl\/shop\/speciality-kawa-sumatra-pod-espresso\/\"]}]},{\"@type\":\"ImageObject\",\"inLanguage\":\"pl-PL\",\"@id\":\"https:\/\/kopkopi.com\/pl\/shop\/speciality-kawa-sumatra-pod-espresso\/#primaryimage\",\"url\":\"https:\/\/kopkopi.com\/wp-content\/uploads\/2021\/08\/01_GAYO_PL_ESP_STICKER.png\",\"contentUrl\":\"https:\/\/kopkopi.com\/wp-content\/uploads\/2021\/08\/01_GAYO_PL_ESP_STICKER.png\",\"width\":1800,\"height\":1800},{\"@type\":\"BreadcrumbList\",\"@id\":\"https:\/\/kopkopi.com\/pl\/shop\/speciality-kawa-sumatra-pod-espresso\/#breadcrumb\",\"itemListElement\":[{\"@type\":\"ListItem\",\"position\":1,\"name\":\"Home\",\"item\":\"https:\/\/kopkopi.com\/pl\/sklep\/\"},{\"@type\":\"ListItem\",\"position\":2,\"name\":\"SKLEP\",\"item\":\"https:\/\/kopkopi.com\/pl\/sklep\/\"},{\"@type\":\"ListItem\",\"position\":3,\"name\":\"Indonezja Triple Pick Gayo Washed pod Espresso\"}]},{\"@type\":\"WebSite\",\"@id\":\"https:\/\/kopkopi.com\/#website\",\"url\":\"https:\/\/kopkopi.com\/\",\"name\":\"KOPKOPI\",\"description\":\"COFFEE &amp; CULTURE\",\"publisher\":{\"@id\":\"https:\/\/kopkopi.com\/#organization\"},\"potentialAction\":[{\"@type\":\"SearchAction\",\"target\":{\"@type\":\"EntryPoint\",\"urlTemplate\":\"https:\/\/kopkopi.com\/?s={search_term_string}\"},\"query-input\":{\"@type\":\"PropertyValueSpecification\",\"valueRequired\":true,\"valueName\":\"search_term_string\"}}],\"inLanguage\":\"pl-PL\"},{\"@type\":\"Organization\",\"@id\":\"https:\/\/kopkopi.com\/#organization\",\"name\":\"KOPKOPI\",\"url\":\"https:\/\/kopkopi.com\/\",\"logo\":{\"@type\":\"ImageObject\",\"inLanguage\":\"pl-PL\",\"@id\":\"https:\/\/kopkopi.com\/#\/schema\/logo\/image\/\",\"url\":\"https:\/\/kopkopi.com\/wp-content\/uploads\/2021\/07\/FINAL-LOGO_DOUBLE-LINES_BLACK.png\",\"contentUrl\":\"https:\/\/kopkopi.com\/wp-content\/uploads\/2021\/07\/FINAL-LOGO_DOUBLE-LINES_BLACK.png\",\"width\":1280,\"height\":1280,\"caption\":\"KOPKOPI\"},\"image\":{\"@id\":\"https:\/\/kopkopi.com\/#\/schema\/logo\/image\/\"},\"sameAs\":[\"https:\/\/www.facebook.com\/kopkopidotcom\",\"https:\/\/x.com\/kopkopidotcom\"]}]}<\/script>\n<!-- \/ Yoast SEO plugin. -->","yoast_head_json":{"title":"Kawa speciality Indonezja Triple Pick Gayo Washed pod Espresso - KOPKOPI","description":"Indonezyjska kawa speciality pod espresso po 3 rundach r\u0119cznej selekcji by zredukowa\u0107 defekty, ziemiste nuty a zwi\u0119kszy\u0107 klarowno\u015b\u0107 smaku. \u2063","robots":{"index":"index","follow":"follow","max-snippet":"max-snippet:-1","max-image-preview":"max-image-preview:large","max-video-preview":"max-video-preview:-1"},"canonical":"https:\/\/kopkopi.com\/pl\/shop\/speciality-kawa-sumatra-pod-espresso\/","og_locale":"pl_PL","og_type":"article","og_title":"Kawa speciality Indonezja Triple Pick Gayo Washed pod Espresso - KOPKOPI","og_description":"Indonezyjska kawa speciality pod espresso po 3 rundach r\u0119cznej selekcji by zredukowa\u0107 defekty, ziemiste nuty a zwi\u0119kszy\u0107 klarowno\u015b\u0107 smaku. \u2063","og_url":"https:\/\/kopkopi.com\/pl\/shop\/speciality-kawa-sumatra-pod-espresso\/","og_site_name":"KOPKOPI","article_publisher":"https:\/\/www.facebook.com\/kopkopidotcom","article_modified_time":"2025-05-23T03:10:00+00:00","og_image":[{"width":1800,"height":1800,"url":"https:\/\/kopkopi.com\/wp-content\/uploads\/2021\/08\/01_GAYO_PL_ESP_STICKER.png","type":"image\/png"}],"twitter_card":"summary_large_image","twitter_site":"@kopkopidotcom","twitter_misc":{"Szacowany czas czytania":"1 minuta"},"schema":{"@context":"https:\/\/schema.org","@graph":[{"@type":["WebPage","ItemPage"],"@id":"https:\/\/kopkopi.com\/pl\/shop\/speciality-kawa-sumatra-pod-espresso\/","url":"https:\/\/kopkopi.com\/pl\/shop\/speciality-kawa-sumatra-pod-espresso\/","name":"Kawa speciality Indonezja Triple Pick Gayo Washed pod Espresso - KOPKOPI","isPartOf":{"@id":"https:\/\/kopkopi.com\/#website"},"primaryImageOfPage":{"@id":"https:\/\/kopkopi.com\/pl\/shop\/speciality-kawa-sumatra-pod-espresso\/#primaryimage"},"image":{"@id":"https:\/\/kopkopi.com\/pl\/shop\/speciality-kawa-sumatra-pod-espresso\/#primaryimage"},"thumbnailUrl":"https:\/\/kopkopi.com\/wp-content\/uploads\/2021\/08\/01_GAYO_PL_ESP_STICKER.png","datePublished":"2021-07-14T11:12:40+00:00","dateModified":"2025-05-23T03:10:00+00:00","description":"Indonezyjska kawa speciality pod espresso po 3 rundach r\u0119cznej selekcji by zredukowa\u0107 defekty, ziemiste nuty a zwi\u0119kszy\u0107 klarowno\u015b\u0107 smaku. \u2063","breadcrumb":{"@id":"https:\/\/kopkopi.com\/pl\/shop\/speciality-kawa-sumatra-pod-espresso\/#breadcrumb"},"inLanguage":"pl-PL","potentialAction":[{"@type":"ReadAction","target":["https:\/\/kopkopi.com\/pl\/shop\/speciality-kawa-sumatra-pod-espresso\/"]}]},{"@type":"ImageObject","inLanguage":"pl-PL","@id":"https:\/\/kopkopi.com\/pl\/shop\/speciality-kawa-sumatra-pod-espresso\/#primaryimage","url":"https:\/\/kopkopi.com\/wp-content\/uploads\/2021\/08\/01_GAYO_PL_ESP_STICKER.png","contentUrl":"https:\/\/kopkopi.com\/wp-content\/uploads\/2021\/08\/01_GAYO_PL_ESP_STICKER.png","width":1800,"height":1800},{"@type":"BreadcrumbList","@id":"https:\/\/kopkopi.com\/pl\/shop\/speciality-kawa-sumatra-pod-espresso\/#breadcrumb","itemListElement":[{"@type":"ListItem","position":1,"name":"Home","item":"https:\/\/kopkopi.com\/pl\/sklep\/"},{"@type":"ListItem","position":2,"name":"SKLEP","item":"https:\/\/kopkopi.com\/pl\/sklep\/"},{"@type":"ListItem","position":3,"name":"Indonezja Triple Pick Gayo Washed pod Espresso"}]},{"@type":"WebSite","@id":"https:\/\/kopkopi.com\/#website","url":"https:\/\/kopkopi.com\/","name":"KOPKOPI","description":"COFFEE &amp; CULTURE","publisher":{"@id":"https:\/\/kopkopi.com\/#organization"},"potentialAction":[{"@type":"SearchAction","target":{"@type":"EntryPoint","urlTemplate":"https:\/\/kopkopi.com\/?s={search_term_string}"},"query-input":{"@type":"PropertyValueSpecification","valueRequired":true,"valueName":"search_term_string"}}],"inLanguage":"pl-PL"},{"@type":"Organization","@id":"https:\/\/kopkopi.com\/#organization","name":"KOPKOPI","url":"https:\/\/kopkopi.com\/","logo":{"@type":"ImageObject","inLanguage":"pl-PL","@id":"https:\/\/kopkopi.com\/#\/schema\/logo\/image\/","url":"https:\/\/kopkopi.com\/wp-content\/uploads\/2021\/07\/FINAL-LOGO_DOUBLE-LINES_BLACK.png","contentUrl":"https:\/\/kopkopi.com\/wp-content\/uploads\/2021\/07\/FINAL-LOGO_DOUBLE-LINES_BLACK.png","width":1280,"height":1280,"caption":"KOPKOPI"},"image":{"@id":"https:\/\/kopkopi.com\/#\/schema\/logo\/image\/"},"sameAs":["https:\/\/www.facebook.com\/kopkopidotcom","https:\/\/x.com\/kopkopidotcom"]}]}},"_links":{"self":[{"href":"https:\/\/kopkopi.com\/pl\/wp-json\/wp\/v2\/product\/8867","targetHints":{"allow":["GET"]}}],"collection":[{"href":"https:\/\/kopkopi.com\/pl\/wp-json\/wp\/v2\/product"}],"about":[{"href":"https:\/\/kopkopi.com\/pl\/wp-json\/wp\/v2\/types\/product"}],"replies":[{"embeddable":true,"href":"https:\/\/kopkopi.com\/pl\/wp-json\/wp\/v2\/comments?post=8867"}],"version-history":[{"count":1,"href":"https:\/\/kopkopi.com\/pl\/wp-json\/wp\/v2\/product\/8867\/revisions"}],"predecessor-version":[{"id":13993,"href":"https:\/\/kopkopi.com\/pl\/wp-json\/wp\/v2\/product\/8867\/revisions\/13993"}],"wp:featuredmedia":[{"embeddable":true,"href":"https:\/\/kopkopi.com\/pl\/wp-json\/wp\/v2\/media\/11799"}],"wp:attachment":[{"href":"https:\/\/kopkopi.com\/pl\/wp-json\/wp\/v2\/media?parent=8867"}],"wp:term":[{"taxonomy":"product_cat","embeddable":true,"href":"https:\/\/kopkopi.com\/pl\/wp-json\/wp\/v2\/product_cat?post=8867"},{"taxonomy":"product_tag","embeddable":true,"href":"https:\/\/kopkopi.com\/pl\/wp-json\/wp\/v2\/product_tag?post=8867"}],"curies":[{"name":"wp","href":"https:\/\/api.w.org\/{rel}","templated":true}]}}